{"id":80502,"date":"2019-06-26T19:17:57","date_gmt":"2019-06-26T19:17:57","guid":{"rendered":"https:\/\/maiscaminhos.org\/?page_id=80502"},"modified":"2019-10-31T17:17:25","modified_gmt":"2019-10-31T17:17:25","slug":"volunteer-in-rio-de-janeiro","status":"publish","type":"page","link":"https:\/\/maiscaminhos.org\/fr\/english-volunteer-opportunities-in-rio-de-janeiro\/volunteering-long-term-mais-caminhos\/","title":{"rendered":"(English) Long-Term Volunteer Opportunities In Brazil"},"content":{"rendered":"<p class=\"qtranxs-available-languages-message qtranxs-available-languages-message-fr\">D\u00e9sol\u00e9, cet article est seulement disponible en <a href=\"https:\/\/maiscaminhos.org\/en\/wp-json\/wp\/v2\/pages\/80502\" class=\"qtranxs-available-language-link qtranxs-available-language-link-en\" title=\"English\">English<\/a>, <a href=\"https:\/\/maiscaminhos.org\/br\/wp-json\/wp\/v2\/pages\/80502\" class=\"qtranxs-available-language-link qtranxs-available-language-link-br\" title=\"Portugu\u00eas\">Portugu\u00eas<\/a> et <a href=\"https:\/\/maiscaminhos.org\/es\/wp-json\/wp\/v2\/pages\/80502\" class=\"qtranxs-available-language-link qtranxs-available-language-link-es\" title=\"Espa\u00f1ol\">Espa\u00f1ol<\/a>.<\/p>","protected":false},"excerpt":{"rendered":"<p>D\u00e9sol\u00e9, cet article est seulement disponible en English, Portugu\u00eas et Espa\u00f1ol.<\/p>\n","protected":false},"author":1,"featured_media":0,"parent":80070,"menu_order":0,"comment_status":"closed","ping_status":"closed","template":"","meta":{"footnotes":""},"class_list":["post-80502","page","type-page","status-publish","hentry"],"yoast_head":"<!-- This site is optimized with the Yoast SEO plugin v27.4 - https:\/\/yoast.com\/product\/yoast-seo-wordpress\/ -->\n<title><\/title>\n<meta name=\"robots\" content=\"index, follow, max-snippet:-1, max-image-preview:large, max-video-preview:-1\" \/>\n<link rel=\"canonical\" href=\"https:\/\/maiscaminhos.org\/volunteer-opportunities-in-rio-de-janeiro\/volunteering-long-term-mais-caminhos\/\" \/>\n<meta property=\"og:locale\" content=\"fr_FR\" \/>\n<meta property=\"og:type\" content=\"article\" \/>\n<meta property=\"og:title\" content=\"[:en]Long-Term Volunteer Opportunities In Brazil[:br]Oportunidades de voluntariado a longo prazo no Brasil[:es]Oportunidades de voluntariado a largo plazo en Brasil[:] - Mais Caminhos\" \/>\n<meta property=\"og:description\" content=\"D\u00e9sol\u00e9, cet article est seulement disponible en English, Portugu\u00eas et Espa\u00f1ol.\" \/>\n<meta property=\"og:url\" content=\"https:\/\/maiscaminhos.org\/volunteer-opportunities-in-rio-de-janeiro\/volunteering-long-term-mais-caminhos\/\" \/>\n<meta property=\"og:site_name\" content=\"Mais Caminhos\" \/>\n<meta property=\"article:modified_time\" content=\"2019-10-31T17:17:25+00:00\" \/>\n<meta name=\"twitter:card\" content=\"summary_large_image\" \/>\n<meta name=\"twitter:label1\" content=\"Dur\u00e9e de lecture estim\u00e9e\" \/>\n\t<meta name=\"twitter:data1\" content=\"19 minutes\" \/>\n<script type=\"application\/ld+json\" class=\"yoast-schema-graph\">{\"@context\":\"https:\\\/\\\/schema.org\",\"@graph\":[{\"@type\":\"WebPage\",\"@id\":\"https:\\\/\\\/maiscaminhos.org\\\/volunteer-opportunities-in-rio-de-janeiro\\\/volunteering-long-term-mais-caminhos\\\/\",\"url\":\"https:\\\/\\\/maiscaminhos.org\\\/volunteer-opportunities-in-rio-de-janeiro\\\/volunteering-long-term-mais-caminhos\\\/\",\"name\":\"[:en]Long-Term Volunteer Opportunities In Brazil[:br]Oportunidades de voluntariado a longo prazo no Brasil[:es]Oportunidades de voluntariado a largo plazo en Brasil[:] - Mais Caminhos\",\"isPartOf\":{\"@id\":\"https:\\\/\\\/maiscaminhos.org\\\/#website\"},\"datePublished\":\"2019-06-26T19:17:57+00:00\",\"dateModified\":\"2019-10-31T17:17:25+00:00\",\"breadcrumb\":{\"@id\":\"https:\\\/\\\/maiscaminhos.org\\\/volunteer-opportunities-in-rio-de-janeiro\\\/volunteering-long-term-mais-caminhos\\\/#breadcrumb\"},\"inLanguage\":\"fr-FR\",\"potentialAction\":[{\"@type\":\"ReadAction\",\"target\":[\"https:\\\/\\\/maiscaminhos.org\\\/volunteer-opportunities-in-rio-de-janeiro\\\/volunteering-long-term-mais-caminhos\\\/\"]}]},{\"@type\":\"BreadcrumbList\",\"@id\":\"https:\\\/\\\/maiscaminhos.org\\\/volunteer-opportunities-in-rio-de-janeiro\\\/volunteering-long-term-mais-caminhos\\\/#breadcrumb\",\"itemListElement\":[{\"@type\":\"ListItem\",\"position\":1,\"name\":\"Home\",\"item\":\"https:\\\/\\\/maiscaminhos.org\\\/\"},{\"@type\":\"ListItem\",\"position\":2,\"name\":\"Volunteer Opportunities in Rio de Janeiro\",\"item\":\"https:\\\/\\\/maiscaminhos.org\\\/volunteer-opportunities-in-rio-de-janeiro\\\/\"},{\"@type\":\"ListItem\",\"position\":3,\"name\":\"Long-Term Volunteer Opportunities In Brazil\"}]},{\"@type\":\"WebSite\",\"@id\":\"https:\\\/\\\/maiscaminhos.org\\\/#website\",\"url\":\"https:\\\/\\\/maiscaminhos.org\\\/\",\"name\":\"Mais Caminhos\",\"description\":\"Mais Caminhos\",\"potentialAction\":[{\"@type\":\"SearchAction\",\"target\":{\"@type\":\"EntryPoint\",\"urlTemplate\":\"https:\\\/\\\/maiscaminhos.org\\\/?s={search_term_string}\"},\"query-input\":{\"@type\":\"PropertyValueSpecification\",\"valueRequired\":true,\"valueName\":\"search_term_string\"}}],\"inLanguage\":\"fr-FR\"}]}<\/script>\n<!-- \/ Yoast SEO plugin. -->","yoast_head_json":{"title":"[:en]Long-Term Volunteer Opportunities In Brazil[:br]Oportunidades de voluntariado a longo prazo no Brasil[:es]Oportunidades de voluntariado a largo plazo en Brasil[:] - Mais Caminhos","robots":{"index":"index","follow":"follow","max-snippet":"max-snippet:-1","max-image-preview":"max-image-preview:large","max-video-preview":"max-video-preview:-1"},"canonical":"https:\/\/maiscaminhos.org\/volunteer-opportunities-in-rio-de-janeiro\/volunteering-long-term-mais-caminhos\/","og_locale":"fr_FR","og_type":"article","og_title":"[:en]Long-Term Volunteer Opportunities In Brazil[:br]Oportunidades de voluntariado a longo prazo no Brasil[:es]Oportunidades de voluntariado a largo plazo en Brasil[:] - Mais Caminhos","og_description":"D\u00e9sol\u00e9, cet article est seulement disponible en English, Portugu\u00eas et Espa\u00f1ol.","og_url":"https:\/\/maiscaminhos.org\/volunteer-opportunities-in-rio-de-janeiro\/volunteering-long-term-mais-caminhos\/","og_site_name":"Mais Caminhos","article_modified_time":"2019-10-31T17:17:25+00:00","twitter_card":"summary_large_image","twitter_misc":{"Dur\u00e9e de lecture estim\u00e9e":"19 minutes"},"schema":{"@context":"https:\/\/schema.org","@graph":[{"@type":"WebPage","@id":"https:\/\/maiscaminhos.org\/volunteer-opportunities-in-rio-de-janeiro\/volunteering-long-term-mais-caminhos\/","url":"https:\/\/maiscaminhos.org\/volunteer-opportunities-in-rio-de-janeiro\/volunteering-long-term-mais-caminhos\/","name":"[:en]Long-Term Volunteer Opportunities In Brazil[:br]Oportunidades de voluntariado a longo prazo no Brasil[:es]Oportunidades de voluntariado a largo plazo en Brasil[:] - Mais Caminhos","isPartOf":{"@id":"https:\/\/maiscaminhos.org\/#website"},"datePublished":"2019-06-26T19:17:57+00:00","dateModified":"2019-10-31T17:17:25+00:00","breadcrumb":{"@id":"https:\/\/maiscaminhos.org\/volunteer-opportunities-in-rio-de-janeiro\/volunteering-long-term-mais-caminhos\/#breadcrumb"},"inLanguage":"fr-FR","potentialAction":[{"@type":"ReadAction","target":["https:\/\/maiscaminhos.org\/volunteer-opportunities-in-rio-de-janeiro\/volunteering-long-term-mais-caminhos\/"]}]},{"@type":"BreadcrumbList","@id":"https:\/\/maiscaminhos.org\/volunteer-opportunities-in-rio-de-janeiro\/volunteering-long-term-mais-caminhos\/#breadcrumb","itemListElement":[{"@type":"ListItem","position":1,"name":"Home","item":"https:\/\/maiscaminhos.org\/"},{"@type":"ListItem","position":2,"name":"Volunteer Opportunities in Rio de Janeiro","item":"https:\/\/maiscaminhos.org\/volunteer-opportunities-in-rio-de-janeiro\/"},{"@type":"ListItem","position":3,"name":"Long-Term Volunteer Opportunities In Brazil"}]},{"@type":"WebSite","@id":"https:\/\/maiscaminhos.org\/#website","url":"https:\/\/maiscaminhos.org\/","name":"Mais Caminhos","description":"Mais Caminhos","potentialAction":[{"@type":"SearchAction","target":{"@type":"EntryPoint","urlTemplate":"https:\/\/maiscaminhos.org\/?s={search_term_string}"},"query-input":{"@type":"PropertyValueSpecification","valueRequired":true,"valueName":"search_term_string"}}],"inLanguage":"fr-FR"}]}},"_links":{"self":[{"href":"https:\/\/maiscaminhos.org\/fr\/wp-json\/wp\/v2\/pages\/80502","targetHints":{"allow":["GET"]}}],"collection":[{"href":"https:\/\/maiscaminhos.org\/fr\/wp-json\/wp\/v2\/pages"}],"about":[{"href":"https:\/\/maiscaminhos.org\/fr\/wp-json\/wp\/v2\/types\/page"}],"author":[{"embeddable":true,"href":"https:\/\/maiscaminhos.org\/fr\/wp-json\/wp\/v2\/users\/1"}],"replies":[{"embeddable":true,"href":"https:\/\/maiscaminhos.org\/fr\/wp-json\/wp\/v2\/comments?post=80502"}],"version-history":[{"count":16,"href":"https:\/\/maiscaminhos.org\/fr\/wp-json\/wp\/v2\/pages\/80502\/revisions"}],"predecessor-version":[{"id":81491,"href":"https:\/\/maiscaminhos.org\/fr\/wp-json\/wp\/v2\/pages\/80502\/revisions\/81491"}],"up":[{"embeddable":true,"href":"https:\/\/maiscaminhos.org\/fr\/wp-json\/wp\/v2\/pages\/80070"}],"wp:attachment":[{"href":"https:\/\/maiscaminhos.org\/fr\/wp-json\/wp\/v2\/media?parent=80502"}],"curies":[{"name":"wp","href":"https:\/\/api.w.org\/{rel}","templated":true}]}}