{"id":80406,"date":"2019-06-26T17:10:15","date_gmt":"2019-06-26T17:10:15","guid":{"rendered":"https:\/\/maiscaminhos.org\/?page_id=80406"},"modified":"2023-07-05T18:12:58","modified_gmt":"2023-07-05T18:12:58","slug":"portuguese-teachers-other-staff-2","status":"publish","type":"page","link":"https:\/\/maiscaminhos.org\/es\/quienes-somos\/personal-y-voluntarios-mais-caminhos\/","title":{"rendered":"Personal y Voluntarios"},"content":{"rendered":"<div class=\"wpb-content-wrapper\"><p>[vc_row][vc_column][vc_column_text el_class=\u00bbh2_internal h3_internal\u00bb]<\/p>\n<h3 style=\"text-align: center;\">Volunteers<\/h3>\n<p style=\"text-align: center;\"><span style=\"font-weight: 400;\">Mais Caminhos relies on its volunteers to keep the good work going.<br \/>\nEvery year, an average of forty international volunteers participate in our programme and help make a difference in the kids&#8217; lives.<\/span><\/p>\n<p class=\"title\"><img decoding=\"async\" class=\"size-full wp-image-75953 aligncenter\" src=\"https:\/\/maiscaminhos.org\/wp-content\/uploads\/2023\/01\/volunteer-in-brazil-rio-de-janeiro-ipanema.jpg\" alt=\"\" \/><\/p>\n<p>[\/vc_column_text][vc_btn title=\u00bbVOLUNTEER WITH US\u00bb color=\u00bbwarning\u00bb align=\u00bbcenter\u00bb link=\u00bburl:https%3A%2F%2Fdocs.google.com%2Fforms%2Fd%2Fe%2F1FAIpQLSe7n-y2MUhotsoLcZ0txFH-FxrYcc4rNLQthMibx3j4GQBWEQ%2Fviewform%3Fvc%3D0%26c%3D0%26w%3D1%26flr%3D0&#8243;][vc_empty_space height=\u00bb50px\u00bb][vc_column_text el_class=\u00bbh2_internal h3_internal\u00bb]<\/p>\n<h3 style=\"text-align: center;\">Meet Mais Caminhos Team<\/h3>\n<p>[\/vc_column_text][\/vc_column][\/vc_row][vc_row][vc_column width=\u00bb1\/5&#8243;][vc_column_text]<\/p>\n<h4 class=\"title\"><img loading=\"lazy\" decoding=\"async\" class=\"size-full wp-image-75953 alignnone\" src=\"http:\/\/maiscaminhos.org\/wp-content\/uploads\/2018\/04\/jascha.jpg\" alt=\"\" width=\"210\" height=\"260\" \/><\/h4>\n<h4 class=\"title\" style=\"text-align: left;\">Jascha Lewkowitz<\/h4>\n<div style=\"text-align: left;\">Position: Caminhos Language Executive Director<br \/>\nInterests: Music, reading, art and culture of other countries<\/div>\n<p>[\/vc_column_text][\/vc_column][vc_column width=\u00bb1\/5&#8243;][vc_column_text]<\/p>\n<h4 class=\"title\"><img loading=\"lazy\" decoding=\"async\" class=\"size-full wp-image-75953 alignnone\" src=\"http:\/\/maiscaminhos.org\/wp-content\/uploads\/2022\/12\/bart.jpg\" alt=\"bart.jpg (210\u00d7260)\" width=\"210\" height=\"260\" \/><\/h4>\n<h4 class=\"title\" style=\"text-align: left;\">Bart Bijen<\/h4>\n<div style=\"text-align: left;\">Position: Founder<br \/>\nInterests: Eco Farm, football and other sports, social work, nature, entrepreneurship, sports<\/div>\n<p>[\/vc_column_text][\/vc_column][vc_column width=\u00bb1\/5&#8243;][vc_column_text]<\/p>\n<h4 class=\"title\"><img loading=\"lazy\" decoding=\"async\" class=\"size-full wp-image-75953 alignnone\" src=\"http:\/\/maiscaminhos.org\/wp-content\/uploads\/2022\/12\/marie.jpg\" width=\"210\" height=\"260\" \/><\/h4>\n<h4 class=\"title\" style=\"text-align: left;\">Maria Dupuy de L\u00f4me<\/h4>\n<div style=\"text-align: left;\">Position: General Manager<br \/>\nInterests: Nature, travelling and the beach.<\/div>\n<p>[\/vc_column_text][\/vc_column][vc_column width=\u00bb1\/5&#8243;][vc_column_text]<\/p>\n<h4 class=\"title\"><img loading=\"lazy\" decoding=\"async\" class=\"size-full wp-image-75953 alignnone\" src=\"http:\/\/maiscaminhos.org\/wp-content\/uploads\/2022\/12\/amanda.jpg\" width=\"210\" height=\"260\" \/><\/h4>\n<h4 class=\"title\" style=\"text-align: left;\">Amanda Ennes<\/h4>\n<div style=\"text-align: left;\">Position: Digital Content Producer<br \/>\nInterests: TV shows, music, travelling and hanging out with friends.<\/div>\n<p>[\/vc_column_text][\/vc_column][vc_column width=\u00bb1\/5&#8243;][vc_column_text]<\/p>\n<h4 class=\"title\"><img loading=\"lazy\" decoding=\"async\" class=\"size-full wp-image-75953 alignnone\" src=\"http:\/\/maiscaminhos.org\/wp-content\/uploads\/2022\/12\/nnamdi.jpg\" width=\"210\" height=\"260\" \/><\/h4>\n<h4 class=\"title\" style=\"text-align: left;\">Nnamdi Okezie<\/h4>\n<div style=\"text-align: left;\">Position: IT specialist and webmaster<br \/>\nInterests: Internet, music and politics.<\/div>\n<p>[\/vc_column_text][\/vc_column][\/vc_row]<\/p>\n<\/div>","protected":false},"excerpt":{"rendered":"<p>[vc_row][vc_column][vc_column_text el_class=\u00bbh2_internal h3_internal\u00bb] Volunteers Mais Caminhos relies on its volunteers to keep the good work going. Every year, an average of forty international volunteers participate in our programme and help make a difference in the kids&#8217; lives. [\/vc_column_text][vc_btn title=\u00bbVOLUNTEER WITH US\u00bb color=\u00bbwarning\u00bb align=\u00bbcenter\u00bb link=\u00bburl:https%3A%2F%2Fdocs.google.com%2Fforms%2Fd%2Fe%2F1FAIpQLSe7n-y2MUhotsoLcZ0txFH-FxrYcc4rNLQthMibx3j4GQBWEQ%2Fviewform%3Fvc%3D0%26c%3D0%26w%3D1%26flr%3D0&#8243;][vc_empty_space height=\u00bb50px\u00bb][vc_column_text el_class=\u00bbh2_internal h3_internal\u00bb] Meet Mais Caminhos Team [\/vc_column_text][\/vc_column][\/vc_row][vc_row][vc_column width=\u00bb1\/5&#8243;][vc_column_text] Jascha Lewkowitz [&hellip;]<\/p>\n","protected":false},"author":10,"featured_media":77568,"parent":80061,"menu_order":73,"comment_status":"closed","ping_status":"closed","template":"","meta":{"footnotes":""},"class_list":["post-80406","page","type-page","status-publish","has-post-thumbnail","hentry"],"yoast_head":"<!-- This site is optimized with the Yoast SEO plugin v27.4 - https:\/\/yoast.com\/product\/yoast-seo-wordpress\/ -->\n<title>Profesores voluntarios en R\u00edo de Janeiro, Brasil | Mais Caminhos<\/title>\n<meta name=\"description\" content=\"{:en}Unsere ehrenamtlichen Lehrer in Rio de Janeiro helfen den Kindern unseres Sozialprogramms auf der Suche nach einer besseren Zukunft.{:de}Mais Caminhos is made up of international volunteers and staff that are committed to the youth of Brazil, sharing the philosophy of service.{:fr}Nos enseignants b\u00e9n\u00e9voles \u00e0 Rio de Janeiro aident les enfants de notre programme social \u00e0 la recherche d&#039;un avenir meilleur.{:br}Os professores volunt\u00e1rios no Rio de Janeiro, Brasil, ajudam as crian\u00e7as do nosso projeto social a alcan\u00e7ar objetivos para um futuro melhor.{:es}Nuestros maestros voluntarios en R\u00edo de Janeiro, Brasil, ayudan a los ni\u00f1os de nuestro programa social a lograr sus metas de un futuro mejor.{:}\" \/>\n<meta name=\"robots\" content=\"index, follow, max-snippet:-1, max-image-preview:large, max-video-preview:-1\" \/>\n<link rel=\"canonical\" href=\"https:\/\/maiscaminhos.org\/who-we-are\/staff-volunteers-mais-caminhos\/\" \/>\n<meta property=\"og:locale\" content=\"es_ES\" \/>\n<meta property=\"og:type\" content=\"article\" \/>\n<meta property=\"og:title\" content=\"[:en]Volunteer Teachers in Rio de Janeiro, Brazil | Mais Caminhos[:de]Ehrenamtliche Lehrer in Rio de Janeiro, Brasilien | Mais Caminhos[:fr]Enseignants b\u00e9n\u00e9voles \u00e0 Rio de Janeiro, Br\u00e9sil | Mais Caminhos[:br]Professores volunt\u00e1rios no Rio de Janeiro, Brasil | Mais Caminhos[:es]Profesores voluntarios en R\u00edo de Janeiro, Brasil | Mais Caminhos[:]\" \/>\n<meta property=\"og:description\" content=\"{:en}Unsere ehrenamtlichen Lehrer in Rio de Janeiro helfen den Kindern unseres Sozialprogramms auf der Suche nach einer besseren Zukunft.{:de}Mais Caminhos is made up of international volunteers and staff that are committed to the youth of Brazil, sharing the philosophy of service.{:fr}Nos enseignants b\u00e9n\u00e9voles \u00e0 Rio de Janeiro aident les enfants de notre programme social \u00e0 la recherche d&#039;un avenir meilleur.{:br}Os professores volunt\u00e1rios no Rio de Janeiro, Brasil, ajudam as crian\u00e7as do nosso projeto social a alcan\u00e7ar objetivos para um futuro melhor.{:es}Nuestros maestros voluntarios en R\u00edo de Janeiro, Brasil, ayudan a los ni\u00f1os de nuestro programa social a lograr sus metas de un futuro mejor.{:}\" \/>\n<meta property=\"og:url\" content=\"https:\/\/maiscaminhos.org\/who-we-are\/staff-volunteers-mais-caminhos\/\" \/>\n<meta property=\"og:site_name\" content=\"Mais Caminhos\" \/>\n<meta property=\"article:modified_time\" content=\"2023-07-05T18:12:58+00:00\" \/>\n<meta property=\"og:image\" content=\"https:\/\/maiscaminhos.org\/wp-content\/uploads\/2018\/09\/portuguese-school-in-rio-de-janeiro-brazil-1346x418.jpg\" \/>\n\t<meta property=\"og:image:width\" content=\"1349\" \/>\n\t<meta property=\"og:image:height\" content=\"419\" \/>\n\t<meta property=\"og:image:type\" content=\"image\/jpeg\" \/>\n<meta name=\"twitter:card\" content=\"summary_large_image\" \/>\n<meta name=\"twitter:label1\" content=\"Tiempo de lectura\" \/>\n\t<meta name=\"twitter:data1\" content=\"2 minutos\" \/>\n<script type=\"application\/ld+json\" class=\"yoast-schema-graph\">{\"@context\":\"https:\\\/\\\/schema.org\",\"@graph\":[{\"@type\":\"WebPage\",\"@id\":\"https:\\\/\\\/maiscaminhos.org\\\/who-we-are\\\/staff-volunteers-mais-caminhos\\\/\",\"url\":\"https:\\\/\\\/maiscaminhos.org\\\/who-we-are\\\/staff-volunteers-mais-caminhos\\\/\",\"name\":\"[:en]Volunteer Teachers in Rio de Janeiro, Brazil | Mais Caminhos[:de]Ehrenamtliche Lehrer in Rio de Janeiro, Brasilien | Mais Caminhos[:fr]Enseignants b\u00e9n\u00e9voles \u00e0 Rio de Janeiro, Br\u00e9sil | Mais Caminhos[:br]Professores volunt\u00e1rios no Rio de Janeiro, Brasil | Mais Caminhos[:es]Profesores voluntarios en R\u00edo de Janeiro, Brasil | Mais Caminhos[:]\",\"isPartOf\":{\"@id\":\"https:\\\/\\\/maiscaminhos.org\\\/#website\"},\"primaryImageOfPage\":{\"@id\":\"https:\\\/\\\/maiscaminhos.org\\\/who-we-are\\\/staff-volunteers-mais-caminhos\\\/#primaryimage\"},\"image\":{\"@id\":\"https:\\\/\\\/maiscaminhos.org\\\/who-we-are\\\/staff-volunteers-mais-caminhos\\\/#primaryimage\"},\"thumbnailUrl\":\"https:\\\/\\\/maiscaminhos.org\\\/wp-content\\\/uploads\\\/2018\\\/09\\\/portuguese-school-in-rio-de-janeiro-brazil-1346x418.jpg\",\"datePublished\":\"2019-06-26T17:10:15+00:00\",\"dateModified\":\"2023-07-05T18:12:58+00:00\",\"description\":\"{:en}Unsere ehrenamtlichen Lehrer in Rio de Janeiro helfen den Kindern unseres Sozialprogramms auf der Suche nach einer besseren Zukunft.{:de}Mais Caminhos is made up of international volunteers and staff that are committed to the youth of Brazil, sharing the philosophy of service.{:fr}Nos enseignants b\u00e9n\u00e9voles \u00e0 Rio de Janeiro aident les enfants de notre programme social \u00e0 la recherche d'un avenir meilleur.{:br}Os professores volunt\u00e1rios no Rio de Janeiro, Brasil, ajudam as crian\u00e7as do nosso projeto social a alcan\u00e7ar objetivos para um futuro melhor.{:es}Nuestros maestros voluntarios en R\u00edo de Janeiro, Brasil, ayudan a los ni\u00f1os de nuestro programa social a lograr sus metas de un futuro mejor.{:}\",\"breadcrumb\":{\"@id\":\"https:\\\/\\\/maiscaminhos.org\\\/who-we-are\\\/staff-volunteers-mais-caminhos\\\/#breadcrumb\"},\"inLanguage\":\"es\",\"potentialAction\":[{\"@type\":\"ReadAction\",\"target\":[\"https:\\\/\\\/maiscaminhos.org\\\/who-we-are\\\/staff-volunteers-mais-caminhos\\\/\"]}]},{\"@type\":\"ImageObject\",\"inLanguage\":\"es\",\"@id\":\"https:\\\/\\\/maiscaminhos.org\\\/who-we-are\\\/staff-volunteers-mais-caminhos\\\/#primaryimage\",\"url\":\"https:\\\/\\\/maiscaminhos.org\\\/wp-content\\\/uploads\\\/2018\\\/09\\\/portuguese-school-in-rio-de-janeiro-brazil-1346x418.jpg\",\"contentUrl\":\"https:\\\/\\\/maiscaminhos.org\\\/wp-content\\\/uploads\\\/2018\\\/09\\\/portuguese-school-in-rio-de-janeiro-brazil-1346x418.jpg\",\"width\":1349,\"height\":419,\"caption\":\"portuguese school in rio de janeiro brazil\"},{\"@type\":\"BreadcrumbList\",\"@id\":\"https:\\\/\\\/maiscaminhos.org\\\/who-we-are\\\/staff-volunteers-mais-caminhos\\\/#breadcrumb\",\"itemListElement\":[{\"@type\":\"ListItem\",\"position\":1,\"name\":\"Home\",\"item\":\"https:\\\/\\\/maiscaminhos.org\\\/\"},{\"@type\":\"ListItem\",\"position\":2,\"name\":\"Sobre nosotros\",\"item\":\"https:\\\/\\\/maiscaminhos.org\\\/es\\\/quienes-somos\\\/\"},{\"@type\":\"ListItem\",\"position\":3,\"name\":\"Staff &#038; Volunteers\"}]},{\"@type\":\"WebSite\",\"@id\":\"https:\\\/\\\/maiscaminhos.org\\\/#website\",\"url\":\"https:\\\/\\\/maiscaminhos.org\\\/\",\"name\":\"Mais Caminhos\",\"description\":\"Mais Caminhos\",\"potentialAction\":[{\"@type\":\"SearchAction\",\"target\":{\"@type\":\"EntryPoint\",\"urlTemplate\":\"https:\\\/\\\/maiscaminhos.org\\\/?s={search_term_string}\"},\"query-input\":{\"@type\":\"PropertyValueSpecification\",\"valueRequired\":true,\"valueName\":\"search_term_string\"}}],\"inLanguage\":\"es\"}]}<\/script>\n<!-- \/ Yoast SEO plugin. -->","yoast_head_json":{"title":"[:en]Volunteer Teachers in Rio de Janeiro, Brazil | Mais Caminhos[:de]Ehrenamtliche Lehrer in Rio de Janeiro, Brasilien | Mais Caminhos[:fr]Enseignants b\u00e9n\u00e9voles \u00e0 Rio de Janeiro, Br\u00e9sil | Mais Caminhos[:br]Professores volunt\u00e1rios no Rio de Janeiro, Brasil | Mais Caminhos[:es]Profesores voluntarios en R\u00edo de Janeiro, Brasil | Mais Caminhos[:]","description":"{:en}Unsere ehrenamtlichen Lehrer in Rio de Janeiro helfen den Kindern unseres Sozialprogramms auf der Suche nach einer besseren Zukunft.{:de}Mais Caminhos is made up of international volunteers and staff that are committed to the youth of Brazil, sharing the philosophy of service.{:fr}Nos enseignants b\u00e9n\u00e9voles \u00e0 Rio de Janeiro aident les enfants de notre programme social \u00e0 la recherche d'un avenir meilleur.{:br}Os professores volunt\u00e1rios no Rio de Janeiro, Brasil, ajudam as crian\u00e7as do nosso projeto social a alcan\u00e7ar objetivos para um futuro melhor.{:es}Nuestros maestros voluntarios en R\u00edo de Janeiro, Brasil, ayudan a los ni\u00f1os de nuestro programa social a lograr sus metas de un futuro mejor.{:}","robots":{"index":"index","follow":"follow","max-snippet":"max-snippet:-1","max-image-preview":"max-image-preview:large","max-video-preview":"max-video-preview:-1"},"canonical":"https:\/\/maiscaminhos.org\/who-we-are\/staff-volunteers-mais-caminhos\/","og_locale":"es_ES","og_type":"article","og_title":"[:en]Volunteer Teachers in Rio de Janeiro, Brazil | Mais Caminhos[:de]Ehrenamtliche Lehrer in Rio de Janeiro, Brasilien | Mais Caminhos[:fr]Enseignants b\u00e9n\u00e9voles \u00e0 Rio de Janeiro, Br\u00e9sil | Mais Caminhos[:br]Professores volunt\u00e1rios no Rio de Janeiro, Brasil | Mais Caminhos[:es]Profesores voluntarios en R\u00edo de Janeiro, Brasil | Mais Caminhos[:]","og_description":"{:en}Unsere ehrenamtlichen Lehrer in Rio de Janeiro helfen den Kindern unseres Sozialprogramms auf der Suche nach einer besseren Zukunft.{:de}Mais Caminhos is made up of international volunteers and staff that are committed to the youth of Brazil, sharing the philosophy of service.{:fr}Nos enseignants b\u00e9n\u00e9voles \u00e0 Rio de Janeiro aident les enfants de notre programme social \u00e0 la recherche d'un avenir meilleur.{:br}Os professores volunt\u00e1rios no Rio de Janeiro, Brasil, ajudam as crian\u00e7as do nosso projeto social a alcan\u00e7ar objetivos para um futuro melhor.{:es}Nuestros maestros voluntarios en R\u00edo de Janeiro, Brasil, ayudan a los ni\u00f1os de nuestro programa social a lograr sus metas de un futuro mejor.{:}","og_url":"https:\/\/maiscaminhos.org\/who-we-are\/staff-volunteers-mais-caminhos\/","og_site_name":"Mais Caminhos","article_modified_time":"2023-07-05T18:12:58+00:00","og_image":[{"width":1349,"height":419,"url":"https:\/\/maiscaminhos.org\/wp-content\/uploads\/2018\/09\/portuguese-school-in-rio-de-janeiro-brazil-1346x418.jpg","type":"image\/jpeg"}],"twitter_card":"summary_large_image","twitter_misc":{"Tiempo de lectura":"2 minutos"},"schema":{"@context":"https:\/\/schema.org","@graph":[{"@type":"WebPage","@id":"https:\/\/maiscaminhos.org\/who-we-are\/staff-volunteers-mais-caminhos\/","url":"https:\/\/maiscaminhos.org\/who-we-are\/staff-volunteers-mais-caminhos\/","name":"[:en]Volunteer Teachers in Rio de Janeiro, Brazil | Mais Caminhos[:de]Ehrenamtliche Lehrer in Rio de Janeiro, Brasilien | Mais Caminhos[:fr]Enseignants b\u00e9n\u00e9voles \u00e0 Rio de Janeiro, Br\u00e9sil | Mais Caminhos[:br]Professores volunt\u00e1rios no Rio de Janeiro, Brasil | Mais Caminhos[:es]Profesores voluntarios en R\u00edo de Janeiro, Brasil | Mais Caminhos[:]","isPartOf":{"@id":"https:\/\/maiscaminhos.org\/#website"},"primaryImageOfPage":{"@id":"https:\/\/maiscaminhos.org\/who-we-are\/staff-volunteers-mais-caminhos\/#primaryimage"},"image":{"@id":"https:\/\/maiscaminhos.org\/who-we-are\/staff-volunteers-mais-caminhos\/#primaryimage"},"thumbnailUrl":"https:\/\/maiscaminhos.org\/wp-content\/uploads\/2018\/09\/portuguese-school-in-rio-de-janeiro-brazil-1346x418.jpg","datePublished":"2019-06-26T17:10:15+00:00","dateModified":"2023-07-05T18:12:58+00:00","description":"{:en}Unsere ehrenamtlichen Lehrer in Rio de Janeiro helfen den Kindern unseres Sozialprogramms auf der Suche nach einer besseren Zukunft.{:de}Mais Caminhos is made up of international volunteers and staff that are committed to the youth of Brazil, sharing the philosophy of service.{:fr}Nos enseignants b\u00e9n\u00e9voles \u00e0 Rio de Janeiro aident les enfants de notre programme social \u00e0 la recherche d'un avenir meilleur.{:br}Os professores volunt\u00e1rios no Rio de Janeiro, Brasil, ajudam as crian\u00e7as do nosso projeto social a alcan\u00e7ar objetivos para um futuro melhor.{:es}Nuestros maestros voluntarios en R\u00edo de Janeiro, Brasil, ayudan a los ni\u00f1os de nuestro programa social a lograr sus metas de un futuro mejor.{:}","breadcrumb":{"@id":"https:\/\/maiscaminhos.org\/who-we-are\/staff-volunteers-mais-caminhos\/#breadcrumb"},"inLanguage":"es","potentialAction":[{"@type":"ReadAction","target":["https:\/\/maiscaminhos.org\/who-we-are\/staff-volunteers-mais-caminhos\/"]}]},{"@type":"ImageObject","inLanguage":"es","@id":"https:\/\/maiscaminhos.org\/who-we-are\/staff-volunteers-mais-caminhos\/#primaryimage","url":"https:\/\/maiscaminhos.org\/wp-content\/uploads\/2018\/09\/portuguese-school-in-rio-de-janeiro-brazil-1346x418.jpg","contentUrl":"https:\/\/maiscaminhos.org\/wp-content\/uploads\/2018\/09\/portuguese-school-in-rio-de-janeiro-brazil-1346x418.jpg","width":1349,"height":419,"caption":"portuguese school in rio de janeiro brazil"},{"@type":"BreadcrumbList","@id":"https:\/\/maiscaminhos.org\/who-we-are\/staff-volunteers-mais-caminhos\/#breadcrumb","itemListElement":[{"@type":"ListItem","position":1,"name":"Home","item":"https:\/\/maiscaminhos.org\/"},{"@type":"ListItem","position":2,"name":"Sobre nosotros","item":"https:\/\/maiscaminhos.org\/es\/quienes-somos\/"},{"@type":"ListItem","position":3,"name":"Staff &#038; Volunteers"}]},{"@type":"WebSite","@id":"https:\/\/maiscaminhos.org\/#website","url":"https:\/\/maiscaminhos.org\/","name":"Mais Caminhos","description":"Mais Caminhos","potentialAction":[{"@type":"SearchAction","target":{"@type":"EntryPoint","urlTemplate":"https:\/\/maiscaminhos.org\/?s={search_term_string}"},"query-input":{"@type":"PropertyValueSpecification","valueRequired":true,"valueName":"search_term_string"}}],"inLanguage":"es"}]}},"_links":{"self":[{"href":"https:\/\/maiscaminhos.org\/es\/wp-json\/wp\/v2\/pages\/80406","targetHints":{"allow":["GET"]}}],"collection":[{"href":"https:\/\/maiscaminhos.org\/es\/wp-json\/wp\/v2\/pages"}],"about":[{"href":"https:\/\/maiscaminhos.org\/es\/wp-json\/wp\/v2\/types\/page"}],"author":[{"embeddable":true,"href":"https:\/\/maiscaminhos.org\/es\/wp-json\/wp\/v2\/users\/10"}],"replies":[{"embeddable":true,"href":"https:\/\/maiscaminhos.org\/es\/wp-json\/wp\/v2\/comments?post=80406"}],"version-history":[{"count":50,"href":"https:\/\/maiscaminhos.org\/es\/wp-json\/wp\/v2\/pages\/80406\/revisions"}],"predecessor-version":[{"id":88892,"href":"https:\/\/maiscaminhos.org\/es\/wp-json\/wp\/v2\/pages\/80406\/revisions\/88892"}],"up":[{"embeddable":true,"href":"https:\/\/maiscaminhos.org\/es\/wp-json\/wp\/v2\/pages\/80061"}],"wp:featuredmedia":[{"embeddable":true,"href":"https:\/\/maiscaminhos.org\/es\/wp-json\/wp\/v2\/media\/77568"}],"wp:attachment":[{"href":"https:\/\/maiscaminhos.org\/es\/wp-json\/wp\/v2\/media?parent=80406"}],"curies":[{"name":"wp","href":"https:\/\/api.w.org\/{rel}","templated":true}]}}