{"id":81128,"date":"2019-09-16T17:54:07","date_gmt":"2019-09-16T17:54:07","guid":{"rendered":"https:\/\/maiscaminhos.org\/?page_id=81128"},"modified":"2022-11-21T20:19:32","modified_gmt":"2022-11-21T20:19:32","slug":"our-students","status":"publish","type":"page","link":"https:\/\/maiscaminhos.org\/de\/who-we-are\/our-students-mais-caminhos\/","title":{"rendered":"Die Studenten unseres Sozialprogramms in Rio de Janeiro, Brasilien"},"content":{"rendered":"<p class=\"qtranxs-available-languages-message qtranxs-available-languages-message-de\">Leider ist der Eintrag nur auf <a href=\"https:\/\/maiscaminhos.org\/en\/wp-json\/wp\/v2\/pages\/81128\" class=\"qtranxs-available-language-link qtranxs-available-language-link-en\" title=\"English\">English<\/a>, <a href=\"https:\/\/maiscaminhos.org\/br\/wp-json\/wp\/v2\/pages\/81128\" class=\"qtranxs-available-language-link qtranxs-available-language-link-br\" title=\"Portugu\u00eas\">Portugu\u00eas<\/a> und <a href=\"https:\/\/maiscaminhos.org\/es\/wp-json\/wp\/v2\/pages\/81128\" class=\"qtranxs-available-language-link qtranxs-available-language-link-es\" title=\"Espa\u00f1ol\">Espa\u00f1ol<\/a> verf\u00fcgbar.<\/p>","protected":false},"excerpt":{"rendered":"<p>Leider ist der Eintrag nur auf English, Portugu\u00eas und Espa\u00f1ol verf\u00fcgbar.<\/p>\n","protected":false},"author":1,"featured_media":80469,"parent":80061,"menu_order":73,"comment_status":"closed","ping_status":"closed","template":"","meta":{"footnotes":""},"class_list":["post-81128","page","type-page","status-publish","has-post-thumbnail","hentry"],"yoast_head":"<!-- This site is optimized with the Yoast SEO plugin v27.5 - https:\/\/yoast.com\/product\/yoast-seo-wordpress\/ -->\n<title>Crian\u00e7as do Nosso Projeto no Rio de Janeiro | Mais Caminhos<\/title>\n<meta name=\"description\" content=\"(English) Meet the kids Mais Caminhos work with at Rio de Janeiro, Brazil. These kids come to Mais Caminhos for English classes, tutoring and much more.\" \/>\n<meta name=\"robots\" content=\"index, follow, max-snippet:-1, max-image-preview:large, max-video-preview:-1\" \/>\n<link rel=\"canonical\" href=\"https:\/\/maiscaminhos.org\/br\/quem-somos\/nossos-estudantes-mais-caminhos\/\" \/>\n<meta property=\"og:locale\" content=\"de_DE\" \/>\n<meta property=\"og:type\" content=\"article\" \/>\n<meta property=\"og:title\" content=\"Crian\u00e7as do Nosso Projeto no Rio de Janeiro | Mais Caminhos\" \/>\n<meta property=\"og:description\" content=\"(English) Meet the kids Mais Caminhos work with at Rio de Janeiro, Brazil. These kids come to Mais Caminhos for English classes, tutoring and much more.\" \/>\n<meta property=\"og:url\" content=\"https:\/\/maiscaminhos.org\/br\/quem-somos\/nossos-estudantes-mais-caminhos\/\" \/>\n<meta property=\"og:site_name\" content=\"Mais Caminhos\" \/>\n<meta property=\"article:modified_time\" content=\"2022-11-21T20:19:32+00:00\" \/>\n<meta property=\"og:image\" content=\"https:\/\/maiscaminhos.org\/wp-content\/uploads\/2019\/06\/volunteer-in-rio-de-janeiro-davi.jpg\" \/>\n\t<meta property=\"og:image:width\" content=\"870\" \/>\n\t<meta property=\"og:image:height\" content=\"455\" \/>\n\t<meta property=\"og:image:type\" content=\"image\/jpeg\" \/>\n<meta name=\"twitter:card\" content=\"summary_large_image\" \/>\n<meta name=\"twitter:label1\" content=\"Gesch\u00e4tzte Lesezeit\" \/>\n\t<meta name=\"twitter:data1\" content=\"11\u00a0Minuten\" \/>\n<script type=\"application\/ld+json\" class=\"yoast-schema-graph\">{\"@context\":\"https:\\\/\\\/schema.org\",\"@graph\":[{\"@type\":\"WebPage\",\"@id\":\"https:\\\/\\\/maiscaminhos.org\\\/br\\\/quem-somos\\\/nossos-estudantes-mais-caminhos\\\/\",\"url\":\"https:\\\/\\\/maiscaminhos.org\\\/br\\\/quem-somos\\\/nossos-estudantes-mais-caminhos\\\/\",\"name\":\"Crian\u00e7as do Nosso Projeto no Rio de Janeiro | Mais Caminhos\",\"isPartOf\":{\"@id\":\"https:\\\/\\\/maiscaminhos.org\\\/#website\"},\"primaryImageOfPage\":{\"@id\":\"https:\\\/\\\/maiscaminhos.org\\\/br\\\/quem-somos\\\/nossos-estudantes-mais-caminhos\\\/#primaryimage\"},\"image\":{\"@id\":\"https:\\\/\\\/maiscaminhos.org\\\/br\\\/quem-somos\\\/nossos-estudantes-mais-caminhos\\\/#primaryimage\"},\"thumbnailUrl\":\"https:\\\/\\\/maiscaminhos.org\\\/wp-content\\\/uploads\\\/2019\\\/06\\\/volunteer-in-rio-de-janeiro-davi.jpg\",\"datePublished\":\"2019-09-16T17:54:07+00:00\",\"dateModified\":\"2022-11-21T20:19:32+00:00\",\"description\":\"(English) Meet the kids Mais Caminhos work with at Rio de Janeiro, Brazil. These kids come to Mais Caminhos for English classes, tutoring and much more.\",\"breadcrumb\":{\"@id\":\"https:\\\/\\\/maiscaminhos.org\\\/br\\\/quem-somos\\\/nossos-estudantes-mais-caminhos\\\/#breadcrumb\"},\"inLanguage\":\"de\",\"potentialAction\":[{\"@type\":\"ReadAction\",\"target\":[\"https:\\\/\\\/maiscaminhos.org\\\/br\\\/quem-somos\\\/nossos-estudantes-mais-caminhos\\\/\"]}]},{\"@type\":\"ImageObject\",\"inLanguage\":\"de\",\"@id\":\"https:\\\/\\\/maiscaminhos.org\\\/br\\\/quem-somos\\\/nossos-estudantes-mais-caminhos\\\/#primaryimage\",\"url\":\"https:\\\/\\\/maiscaminhos.org\\\/wp-content\\\/uploads\\\/2019\\\/06\\\/volunteer-in-rio-de-janeiro-davi.jpg\",\"contentUrl\":\"https:\\\/\\\/maiscaminhos.org\\\/wp-content\\\/uploads\\\/2019\\\/06\\\/volunteer-in-rio-de-janeiro-davi.jpg\",\"width\":870,\"height\":455},{\"@type\":\"BreadcrumbList\",\"@id\":\"https:\\\/\\\/maiscaminhos.org\\\/br\\\/quem-somos\\\/nossos-estudantes-mais-caminhos\\\/#breadcrumb\",\"itemListElement\":[{\"@type\":\"ListItem\",\"position\":1,\"name\":\"Home\",\"item\":\"https:\\\/\\\/maiscaminhos.org\\\/\"},{\"@type\":\"ListItem\",\"position\":2,\"name\":\"Sobre nosotros\",\"item\":\"https:\\\/\\\/maiscaminhos.org\\\/es\\\/quienes-somos\\\/\"},{\"@type\":\"ListItem\",\"position\":3,\"name\":\"Alunos do Nosso Programa Social no Rio de Janeiro, Brasil\"}]},{\"@type\":\"WebSite\",\"@id\":\"https:\\\/\\\/maiscaminhos.org\\\/#website\",\"url\":\"https:\\\/\\\/maiscaminhos.org\\\/\",\"name\":\"Mais Caminhos\",\"description\":\"Mais Caminhos\",\"potentialAction\":[{\"@type\":\"SearchAction\",\"target\":{\"@type\":\"EntryPoint\",\"urlTemplate\":\"https:\\\/\\\/maiscaminhos.org\\\/?s={search_term_string}\"},\"query-input\":{\"@type\":\"PropertyValueSpecification\",\"valueRequired\":true,\"valueName\":\"search_term_string\"}}],\"inLanguage\":\"de\"}]}<\/script>\n<!-- \/ Yoast SEO plugin. -->","yoast_head_json":{"title":"Crian\u00e7as do Nosso Projeto no Rio de Janeiro | Mais Caminhos","description":"(English) Meet the kids Mais Caminhos work with at Rio de Janeiro, Brazil. These kids come to Mais Caminhos for English classes, tutoring and much more.","robots":{"index":"index","follow":"follow","max-snippet":"max-snippet:-1","max-image-preview":"max-image-preview:large","max-video-preview":"max-video-preview:-1"},"canonical":"https:\/\/maiscaminhos.org\/br\/quem-somos\/nossos-estudantes-mais-caminhos\/","og_locale":"de_DE","og_type":"article","og_title":"Crian\u00e7as do Nosso Projeto no Rio de Janeiro | Mais Caminhos","og_description":"(English) Meet the kids Mais Caminhos work with at Rio de Janeiro, Brazil. These kids come to Mais Caminhos for English classes, tutoring and much more.","og_url":"https:\/\/maiscaminhos.org\/br\/quem-somos\/nossos-estudantes-mais-caminhos\/","og_site_name":"Mais Caminhos","article_modified_time":"2022-11-21T20:19:32+00:00","og_image":[{"width":870,"height":455,"url":"https:\/\/maiscaminhos.org\/wp-content\/uploads\/2019\/06\/volunteer-in-rio-de-janeiro-davi.jpg","type":"image\/jpeg"}],"twitter_card":"summary_large_image","twitter_misc":{"Gesch\u00e4tzte Lesezeit":"11\u00a0Minuten"},"schema":{"@context":"https:\/\/schema.org","@graph":[{"@type":"WebPage","@id":"https:\/\/maiscaminhos.org\/br\/quem-somos\/nossos-estudantes-mais-caminhos\/","url":"https:\/\/maiscaminhos.org\/br\/quem-somos\/nossos-estudantes-mais-caminhos\/","name":"Crian\u00e7as do Nosso Projeto no Rio de Janeiro | Mais Caminhos","isPartOf":{"@id":"https:\/\/maiscaminhos.org\/#website"},"primaryImageOfPage":{"@id":"https:\/\/maiscaminhos.org\/br\/quem-somos\/nossos-estudantes-mais-caminhos\/#primaryimage"},"image":{"@id":"https:\/\/maiscaminhos.org\/br\/quem-somos\/nossos-estudantes-mais-caminhos\/#primaryimage"},"thumbnailUrl":"https:\/\/maiscaminhos.org\/wp-content\/uploads\/2019\/06\/volunteer-in-rio-de-janeiro-davi.jpg","datePublished":"2019-09-16T17:54:07+00:00","dateModified":"2022-11-21T20:19:32+00:00","description":"(English) Meet the kids Mais Caminhos work with at Rio de Janeiro, Brazil. These kids come to Mais Caminhos for English classes, tutoring and much more.","breadcrumb":{"@id":"https:\/\/maiscaminhos.org\/br\/quem-somos\/nossos-estudantes-mais-caminhos\/#breadcrumb"},"inLanguage":"de","potentialAction":[{"@type":"ReadAction","target":["https:\/\/maiscaminhos.org\/br\/quem-somos\/nossos-estudantes-mais-caminhos\/"]}]},{"@type":"ImageObject","inLanguage":"de","@id":"https:\/\/maiscaminhos.org\/br\/quem-somos\/nossos-estudantes-mais-caminhos\/#primaryimage","url":"https:\/\/maiscaminhos.org\/wp-content\/uploads\/2019\/06\/volunteer-in-rio-de-janeiro-davi.jpg","contentUrl":"https:\/\/maiscaminhos.org\/wp-content\/uploads\/2019\/06\/volunteer-in-rio-de-janeiro-davi.jpg","width":870,"height":455},{"@type":"BreadcrumbList","@id":"https:\/\/maiscaminhos.org\/br\/quem-somos\/nossos-estudantes-mais-caminhos\/#breadcrumb","itemListElement":[{"@type":"ListItem","position":1,"name":"Home","item":"https:\/\/maiscaminhos.org\/"},{"@type":"ListItem","position":2,"name":"Sobre nosotros","item":"https:\/\/maiscaminhos.org\/es\/quienes-somos\/"},{"@type":"ListItem","position":3,"name":"Alunos do Nosso Programa Social no Rio de Janeiro, Brasil"}]},{"@type":"WebSite","@id":"https:\/\/maiscaminhos.org\/#website","url":"https:\/\/maiscaminhos.org\/","name":"Mais Caminhos","description":"Mais Caminhos","potentialAction":[{"@type":"SearchAction","target":{"@type":"EntryPoint","urlTemplate":"https:\/\/maiscaminhos.org\/?s={search_term_string}"},"query-input":{"@type":"PropertyValueSpecification","valueRequired":true,"valueName":"search_term_string"}}],"inLanguage":"de"}]}},"_links":{"self":[{"href":"https:\/\/maiscaminhos.org\/de\/wp-json\/wp\/v2\/pages\/81128","targetHints":{"allow":["GET"]}}],"collection":[{"href":"https:\/\/maiscaminhos.org\/de\/wp-json\/wp\/v2\/pages"}],"about":[{"href":"https:\/\/maiscaminhos.org\/de\/wp-json\/wp\/v2\/types\/page"}],"author":[{"embeddable":true,"href":"https:\/\/maiscaminhos.org\/de\/wp-json\/wp\/v2\/users\/1"}],"replies":[{"embeddable":true,"href":"https:\/\/maiscaminhos.org\/de\/wp-json\/wp\/v2\/comments?post=81128"}],"version-history":[{"count":22,"href":"https:\/\/maiscaminhos.org\/de\/wp-json\/wp\/v2\/pages\/81128\/revisions"}],"predecessor-version":[{"id":83744,"href":"https:\/\/maiscaminhos.org\/de\/wp-json\/wp\/v2\/pages\/81128\/revisions\/83744"}],"up":[{"embeddable":true,"href":"https:\/\/maiscaminhos.org\/de\/wp-json\/wp\/v2\/pages\/80061"}],"wp:featuredmedia":[{"embeddable":true,"href":"https:\/\/maiscaminhos.org\/de\/wp-json\/wp\/v2\/media\/80469"}],"wp:attachment":[{"href":"https:\/\/maiscaminhos.org\/de\/wp-json\/wp\/v2\/media?parent=81128"}],"curies":[{"name":"wp","href":"https:\/\/api.w.org\/{rel}","templated":true}]}}