{"id":80509,"date":"2019-06-26T19:28:48","date_gmt":"2019-06-26T19:28:48","guid":{"rendered":"https:\/\/maiscaminhos.org\/?page_id=80509"},"modified":"2019-10-31T17:22:14","modified_gmt":"2019-10-31T17:22:14","slug":"volunteer-from-home","status":"publish","type":"page","link":"https:\/\/maiscaminhos.org\/de\/english-volunteer-opportunities-in-rio-de-janeiro\/olunteering-from-home-mais-caminhos\/","title":{"rendered":"(English) Volunteer From Home"},"content":{"rendered":"<p class=\"qtranxs-available-languages-message qtranxs-available-languages-message-de\">Leider ist der Eintrag nur auf <a href=\"https:\/\/maiscaminhos.org\/en\/wp-json\/wp\/v2\/pages\/80509\" class=\"qtranxs-available-language-link qtranxs-available-language-link-en\" title=\"English\">English<\/a>, <a href=\"https:\/\/maiscaminhos.org\/br\/wp-json\/wp\/v2\/pages\/80509\" class=\"qtranxs-available-language-link qtranxs-available-language-link-br\" title=\"Portugu\u00eas\">Portugu\u00eas<\/a> und <a href=\"https:\/\/maiscaminhos.org\/es\/wp-json\/wp\/v2\/pages\/80509\" class=\"qtranxs-available-language-link qtranxs-available-language-link-es\" title=\"Espa\u00f1ol\">Espa\u00f1ol<\/a> verf\u00fcgbar.<\/p>","protected":false},"excerpt":{"rendered":"<p>Leider ist der Eintrag nur auf English, Portugu\u00eas und Espa\u00f1ol verf\u00fcgbar.<\/p>\n","protected":false},"author":10,"featured_media":0,"parent":80070,"menu_order":0,"comment_status":"closed","ping_status":"closed","template":"","meta":{"footnotes":""},"class_list":["post-80509","page","type-page","status-publish","hentry"],"yoast_head":"<!-- This site is optimized with the Yoast SEO plugin v27.3 - https:\/\/yoast.com\/product\/yoast-seo-wordpress\/ -->\n<title><\/title>\n<meta name=\"robots\" content=\"index, follow, max-snippet:-1, max-image-preview:large, max-video-preview:-1\" \/>\n<link rel=\"canonical\" href=\"https:\/\/maiscaminhos.org\/es\/oportunidades-de-voluntariado-en-rio-de-janeiro-mais-caminhos\/voluntariado-desde-casa-mais-caminhos\/\" \/>\n<meta property=\"og:locale\" content=\"de_DE\" \/>\n<meta property=\"og:type\" content=\"article\" \/>\n<meta property=\"og:title\" content=\"[:en]Volunteer From Home[:br]Volunt\u00e1rio em casa[:es]Voluntario de casa[:] - Mais Caminhos\" \/>\n<meta property=\"og:description\" content=\"Leider ist der Eintrag nur auf English, Portugu\u00eas und Espa\u00f1ol verf\u00fcgbar.\" \/>\n<meta property=\"og:url\" content=\"https:\/\/maiscaminhos.org\/es\/oportunidades-de-voluntariado-en-rio-de-janeiro-mais-caminhos\/voluntariado-desde-casa-mais-caminhos\/\" \/>\n<meta property=\"og:site_name\" content=\"Mais Caminhos\" \/>\n<meta property=\"article:modified_time\" content=\"2019-10-31T17:22:14+00:00\" \/>\n<meta name=\"twitter:card\" content=\"summary_large_image\" \/>\n<meta name=\"twitter:label1\" content=\"Gesch\u00e4tzte Lesezeit\" \/>\n\t<meta name=\"twitter:data1\" content=\"8\u00a0Minuten\" \/>\n<script type=\"application\/ld+json\" class=\"yoast-schema-graph\">{\"@context\":\"https:\\\/\\\/schema.org\",\"@graph\":[{\"@type\":\"WebPage\",\"@id\":\"https:\\\/\\\/maiscaminhos.org\\\/es\\\/oportunidades-de-voluntariado-en-rio-de-janeiro-mais-caminhos\\\/voluntariado-desde-casa-mais-caminhos\\\/\",\"url\":\"https:\\\/\\\/maiscaminhos.org\\\/es\\\/oportunidades-de-voluntariado-en-rio-de-janeiro-mais-caminhos\\\/voluntariado-desde-casa-mais-caminhos\\\/\",\"name\":\"[:en]Volunteer From Home[:br]Volunt\u00e1rio em casa[:es]Voluntario de casa[:] - Mais Caminhos\",\"isPartOf\":{\"@id\":\"https:\\\/\\\/maiscaminhos.org\\\/#website\"},\"datePublished\":\"2019-06-26T19:28:48+00:00\",\"dateModified\":\"2019-10-31T17:22:14+00:00\",\"breadcrumb\":{\"@id\":\"https:\\\/\\\/maiscaminhos.org\\\/es\\\/oportunidades-de-voluntariado-en-rio-de-janeiro-mais-caminhos\\\/voluntariado-desde-casa-mais-caminhos\\\/#breadcrumb\"},\"inLanguage\":\"de\",\"potentialAction\":[{\"@type\":\"ReadAction\",\"target\":[\"https:\\\/\\\/maiscaminhos.org\\\/es\\\/oportunidades-de-voluntariado-en-rio-de-janeiro-mais-caminhos\\\/voluntariado-desde-casa-mais-caminhos\\\/\"]}]},{\"@type\":\"BreadcrumbList\",\"@id\":\"https:\\\/\\\/maiscaminhos.org\\\/es\\\/oportunidades-de-voluntariado-en-rio-de-janeiro-mais-caminhos\\\/voluntariado-desde-casa-mais-caminhos\\\/#breadcrumb\",\"itemListElement\":[{\"@type\":\"ListItem\",\"position\":1,\"name\":\"Home\",\"item\":\"https:\\\/\\\/maiscaminhos.org\\\/\"},{\"@type\":\"ListItem\",\"position\":2,\"name\":\"Volunteer Opportunities in Rio de Janeiro\",\"item\":\"https:\\\/\\\/maiscaminhos.org\\\/volunteer-opportunities-in-rio-de-janeiro\\\/\"},{\"@type\":\"ListItem\",\"position\":3,\"name\":\"Voluntario de casa\"}]},{\"@type\":\"WebSite\",\"@id\":\"https:\\\/\\\/maiscaminhos.org\\\/#website\",\"url\":\"https:\\\/\\\/maiscaminhos.org\\\/\",\"name\":\"Mais Caminhos\",\"description\":\"Mais Caminhos\",\"potentialAction\":[{\"@type\":\"SearchAction\",\"target\":{\"@type\":\"EntryPoint\",\"urlTemplate\":\"https:\\\/\\\/maiscaminhos.org\\\/?s={search_term_string}\"},\"query-input\":{\"@type\":\"PropertyValueSpecification\",\"valueRequired\":true,\"valueName\":\"search_term_string\"}}],\"inLanguage\":\"de\"}]}<\/script>\n<!-- \/ Yoast SEO plugin. -->","yoast_head_json":{"title":"[:en]Volunteer From Home[:br]Volunt\u00e1rio em casa[:es]Voluntario de casa[:] - Mais Caminhos","robots":{"index":"index","follow":"follow","max-snippet":"max-snippet:-1","max-image-preview":"max-image-preview:large","max-video-preview":"max-video-preview:-1"},"canonical":"https:\/\/maiscaminhos.org\/es\/oportunidades-de-voluntariado-en-rio-de-janeiro-mais-caminhos\/voluntariado-desde-casa-mais-caminhos\/","og_locale":"de_DE","og_type":"article","og_title":"[:en]Volunteer From Home[:br]Volunt\u00e1rio em casa[:es]Voluntario de casa[:] - Mais Caminhos","og_description":"Leider ist der Eintrag nur auf English, Portugu\u00eas und Espa\u00f1ol verf\u00fcgbar.","og_url":"https:\/\/maiscaminhos.org\/es\/oportunidades-de-voluntariado-en-rio-de-janeiro-mais-caminhos\/voluntariado-desde-casa-mais-caminhos\/","og_site_name":"Mais Caminhos","article_modified_time":"2019-10-31T17:22:14+00:00","twitter_card":"summary_large_image","twitter_misc":{"Gesch\u00e4tzte Lesezeit":"8\u00a0Minuten"},"schema":{"@context":"https:\/\/schema.org","@graph":[{"@type":"WebPage","@id":"https:\/\/maiscaminhos.org\/es\/oportunidades-de-voluntariado-en-rio-de-janeiro-mais-caminhos\/voluntariado-desde-casa-mais-caminhos\/","url":"https:\/\/maiscaminhos.org\/es\/oportunidades-de-voluntariado-en-rio-de-janeiro-mais-caminhos\/voluntariado-desde-casa-mais-caminhos\/","name":"[:en]Volunteer From Home[:br]Volunt\u00e1rio em casa[:es]Voluntario de casa[:] - Mais Caminhos","isPartOf":{"@id":"https:\/\/maiscaminhos.org\/#website"},"datePublished":"2019-06-26T19:28:48+00:00","dateModified":"2019-10-31T17:22:14+00:00","breadcrumb":{"@id":"https:\/\/maiscaminhos.org\/es\/oportunidades-de-voluntariado-en-rio-de-janeiro-mais-caminhos\/voluntariado-desde-casa-mais-caminhos\/#breadcrumb"},"inLanguage":"de","potentialAction":[{"@type":"ReadAction","target":["https:\/\/maiscaminhos.org\/es\/oportunidades-de-voluntariado-en-rio-de-janeiro-mais-caminhos\/voluntariado-desde-casa-mais-caminhos\/"]}]},{"@type":"BreadcrumbList","@id":"https:\/\/maiscaminhos.org\/es\/oportunidades-de-voluntariado-en-rio-de-janeiro-mais-caminhos\/voluntariado-desde-casa-mais-caminhos\/#breadcrumb","itemListElement":[{"@type":"ListItem","position":1,"name":"Home","item":"https:\/\/maiscaminhos.org\/"},{"@type":"ListItem","position":2,"name":"Volunteer Opportunities in Rio de Janeiro","item":"https:\/\/maiscaminhos.org\/volunteer-opportunities-in-rio-de-janeiro\/"},{"@type":"ListItem","position":3,"name":"Voluntario de casa"}]},{"@type":"WebSite","@id":"https:\/\/maiscaminhos.org\/#website","url":"https:\/\/maiscaminhos.org\/","name":"Mais Caminhos","description":"Mais Caminhos","potentialAction":[{"@type":"SearchAction","target":{"@type":"EntryPoint","urlTemplate":"https:\/\/maiscaminhos.org\/?s={search_term_string}"},"query-input":{"@type":"PropertyValueSpecification","valueRequired":true,"valueName":"search_term_string"}}],"inLanguage":"de"}]}},"_links":{"self":[{"href":"https:\/\/maiscaminhos.org\/de\/wp-json\/wp\/v2\/pages\/80509","targetHints":{"allow":["GET"]}}],"collection":[{"href":"https:\/\/maiscaminhos.org\/de\/wp-json\/wp\/v2\/pages"}],"about":[{"href":"https:\/\/maiscaminhos.org\/de\/wp-json\/wp\/v2\/types\/page"}],"author":[{"embeddable":true,"href":"https:\/\/maiscaminhos.org\/de\/wp-json\/wp\/v2\/users\/10"}],"replies":[{"embeddable":true,"href":"https:\/\/maiscaminhos.org\/de\/wp-json\/wp\/v2\/comments?post=80509"}],"version-history":[{"count":6,"href":"https:\/\/maiscaminhos.org\/de\/wp-json\/wp\/v2\/pages\/80509\/revisions"}],"predecessor-version":[{"id":81492,"href":"https:\/\/maiscaminhos.org\/de\/wp-json\/wp\/v2\/pages\/80509\/revisions\/81492"}],"up":[{"embeddable":true,"href":"https:\/\/maiscaminhos.org\/de\/wp-json\/wp\/v2\/pages\/80070"}],"wp:attachment":[{"href":"https:\/\/maiscaminhos.org\/de\/wp-json\/wp\/v2\/media?parent=80509"}],"curies":[{"name":"wp","href":"https:\/\/api.w.org\/{rel}","templated":true}]}}