{"id":80499,"date":"2019-06-26T19:09:15","date_gmt":"2019-06-26T19:09:15","guid":{"rendered":"https:\/\/maiscaminhos.org\/?page_id=80499"},"modified":"2019-10-02T23:16:27","modified_gmt":"2019-10-02T23:16:27","slug":"volunteer-application","status":"publish","type":"page","link":"https:\/\/maiscaminhos.org\/de\/english-volunteer-opportunities-in-rio-de-janeiro\/volunteer-application-maiscaminhos\/","title":{"rendered":"(English) Volunteer Application"},"content":{"rendered":"<p class=\"qtranxs-available-languages-message qtranxs-available-languages-message-de\">Leider ist der Eintrag nur auf <a href=\"https:\/\/maiscaminhos.org\/en\/wp-json\/wp\/v2\/pages\/80499\" class=\"qtranxs-available-language-link qtranxs-available-language-link-en\" title=\"English\">English<\/a>, <a href=\"https:\/\/maiscaminhos.org\/br\/wp-json\/wp\/v2\/pages\/80499\" class=\"qtranxs-available-language-link qtranxs-available-language-link-br\" title=\"Portugu\u00eas\">Portugu\u00eas<\/a> und <a href=\"https:\/\/maiscaminhos.org\/es\/wp-json\/wp\/v2\/pages\/80499\" class=\"qtranxs-available-language-link qtranxs-available-language-link-es\" title=\"Espa\u00f1ol\">Espa\u00f1ol<\/a> verf\u00fcgbar.<\/p>","protected":false},"excerpt":{"rendered":"<p>Leider ist der Eintrag nur auf English, Portugu\u00eas und Espa\u00f1ol verf\u00fcgbar.<\/p>\n","protected":false},"author":1,"featured_media":0,"parent":80070,"menu_order":0,"comment_status":"closed","ping_status":"closed","template":"","meta":{"footnotes":""},"class_list":["post-80499","page","type-page","status-publish","hentry"],"yoast_head":"<!-- This site is optimized with the Yoast SEO plugin v27.4 - https:\/\/yoast.com\/product\/yoast-seo-wordpress\/ -->\n<title><\/title>\n<meta name=\"robots\" content=\"index, follow, max-snippet:-1, max-image-preview:large, max-video-preview:-1\" \/>\n<link rel=\"canonical\" href=\"https:\/\/maiscaminhos.org\/de\/english-volunteer-opportunities-in-rio-de-janeiro\/volunteer-application-maiscaminhos\/\" \/>\n<meta property=\"og:locale\" content=\"de_DE\" \/>\n<meta property=\"og:type\" content=\"article\" \/>\n<meta property=\"og:title\" content=\"[:en]Volunteer Application[:br]Candidatura a Volunt\u00e1rio[:es]Solicitud de voluntario[:] - Mais Caminhos\" \/>\n<meta property=\"og:description\" content=\"Leider ist der Eintrag nur auf English, Portugu\u00eas und Espa\u00f1ol verf\u00fcgbar.\" \/>\n<meta property=\"og:url\" content=\"https:\/\/maiscaminhos.org\/de\/english-volunteer-opportunities-in-rio-de-janeiro\/volunteer-application-maiscaminhos\/\" \/>\n<meta property=\"og:site_name\" content=\"Mais Caminhos\" \/>\n<meta property=\"article:modified_time\" content=\"2019-10-02T23:16:27+00:00\" \/>\n<meta name=\"twitter:card\" content=\"summary_large_image\" \/>\n<script type=\"application\/ld+json\" class=\"yoast-schema-graph\">{\"@context\":\"https:\\\/\\\/schema.org\",\"@graph\":[{\"@type\":\"WebPage\",\"@id\":\"https:\\\/\\\/maiscaminhos.org\\\/de\\\/english-volunteer-opportunities-in-rio-de-janeiro\\\/volunteer-application-maiscaminhos\\\/\",\"url\":\"https:\\\/\\\/maiscaminhos.org\\\/de\\\/english-volunteer-opportunities-in-rio-de-janeiro\\\/volunteer-application-maiscaminhos\\\/\",\"name\":\"[:en]Volunteer Application[:br]Candidatura a Volunt\u00e1rio[:es]Solicitud de voluntario[:] - Mais Caminhos\",\"isPartOf\":{\"@id\":\"https:\\\/\\\/maiscaminhos.org\\\/#website\"},\"datePublished\":\"2019-06-26T19:09:15+00:00\",\"dateModified\":\"2019-10-02T23:16:27+00:00\",\"breadcrumb\":{\"@id\":\"https:\\\/\\\/maiscaminhos.org\\\/de\\\/english-volunteer-opportunities-in-rio-de-janeiro\\\/volunteer-application-maiscaminhos\\\/#breadcrumb\"},\"inLanguage\":\"de\",\"potentialAction\":[{\"@type\":\"ReadAction\",\"target\":[\"https:\\\/\\\/maiscaminhos.org\\\/de\\\/english-volunteer-opportunities-in-rio-de-janeiro\\\/volunteer-application-maiscaminhos\\\/\"]}]},{\"@type\":\"BreadcrumbList\",\"@id\":\"https:\\\/\\\/maiscaminhos.org\\\/de\\\/english-volunteer-opportunities-in-rio-de-janeiro\\\/volunteer-application-maiscaminhos\\\/#breadcrumb\",\"itemListElement\":[{\"@type\":\"ListItem\",\"position\":1,\"name\":\"Home\",\"item\":\"https:\\\/\\\/maiscaminhos.org\\\/\"},{\"@type\":\"ListItem\",\"position\":2,\"name\":\"Volunteer Opportunities in Rio de Janeiro\",\"item\":\"https:\\\/\\\/maiscaminhos.org\\\/volunteer-opportunities-in-rio-de-janeiro\\\/\"},{\"@type\":\"ListItem\",\"position\":3,\"name\":\"(English) Volunteer Application\"}]},{\"@type\":\"WebSite\",\"@id\":\"https:\\\/\\\/maiscaminhos.org\\\/#website\",\"url\":\"https:\\\/\\\/maiscaminhos.org\\\/\",\"name\":\"Mais Caminhos\",\"description\":\"Mais Caminhos\",\"potentialAction\":[{\"@type\":\"SearchAction\",\"target\":{\"@type\":\"EntryPoint\",\"urlTemplate\":\"https:\\\/\\\/maiscaminhos.org\\\/?s={search_term_string}\"},\"query-input\":{\"@type\":\"PropertyValueSpecification\",\"valueRequired\":true,\"valueName\":\"search_term_string\"}}],\"inLanguage\":\"de\"}]}<\/script>\n<!-- \/ Yoast SEO plugin. -->","yoast_head_json":{"title":"[:en]Volunteer Application[:br]Candidatura a Volunt\u00e1rio[:es]Solicitud de voluntario[:] - Mais Caminhos","robots":{"index":"index","follow":"follow","max-snippet":"max-snippet:-1","max-image-preview":"max-image-preview:large","max-video-preview":"max-video-preview:-1"},"canonical":"https:\/\/maiscaminhos.org\/de\/english-volunteer-opportunities-in-rio-de-janeiro\/volunteer-application-maiscaminhos\/","og_locale":"de_DE","og_type":"article","og_title":"[:en]Volunteer Application[:br]Candidatura a Volunt\u00e1rio[:es]Solicitud de voluntario[:] - Mais Caminhos","og_description":"Leider ist der Eintrag nur auf English, Portugu\u00eas und Espa\u00f1ol verf\u00fcgbar.","og_url":"https:\/\/maiscaminhos.org\/de\/english-volunteer-opportunities-in-rio-de-janeiro\/volunteer-application-maiscaminhos\/","og_site_name":"Mais Caminhos","article_modified_time":"2019-10-02T23:16:27+00:00","twitter_card":"summary_large_image","schema":{"@context":"https:\/\/schema.org","@graph":[{"@type":"WebPage","@id":"https:\/\/maiscaminhos.org\/de\/english-volunteer-opportunities-in-rio-de-janeiro\/volunteer-application-maiscaminhos\/","url":"https:\/\/maiscaminhos.org\/de\/english-volunteer-opportunities-in-rio-de-janeiro\/volunteer-application-maiscaminhos\/","name":"[:en]Volunteer Application[:br]Candidatura a Volunt\u00e1rio[:es]Solicitud de voluntario[:] - Mais Caminhos","isPartOf":{"@id":"https:\/\/maiscaminhos.org\/#website"},"datePublished":"2019-06-26T19:09:15+00:00","dateModified":"2019-10-02T23:16:27+00:00","breadcrumb":{"@id":"https:\/\/maiscaminhos.org\/de\/english-volunteer-opportunities-in-rio-de-janeiro\/volunteer-application-maiscaminhos\/#breadcrumb"},"inLanguage":"de","potentialAction":[{"@type":"ReadAction","target":["https:\/\/maiscaminhos.org\/de\/english-volunteer-opportunities-in-rio-de-janeiro\/volunteer-application-maiscaminhos\/"]}]},{"@type":"BreadcrumbList","@id":"https:\/\/maiscaminhos.org\/de\/english-volunteer-opportunities-in-rio-de-janeiro\/volunteer-application-maiscaminhos\/#breadcrumb","itemListElement":[{"@type":"ListItem","position":1,"name":"Home","item":"https:\/\/maiscaminhos.org\/"},{"@type":"ListItem","position":2,"name":"Volunteer Opportunities in Rio de Janeiro","item":"https:\/\/maiscaminhos.org\/volunteer-opportunities-in-rio-de-janeiro\/"},{"@type":"ListItem","position":3,"name":"(English) Volunteer Application"}]},{"@type":"WebSite","@id":"https:\/\/maiscaminhos.org\/#website","url":"https:\/\/maiscaminhos.org\/","name":"Mais Caminhos","description":"Mais Caminhos","potentialAction":[{"@type":"SearchAction","target":{"@type":"EntryPoint","urlTemplate":"https:\/\/maiscaminhos.org\/?s={search_term_string}"},"query-input":{"@type":"PropertyValueSpecification","valueRequired":true,"valueName":"search_term_string"}}],"inLanguage":"de"}]}},"_links":{"self":[{"href":"https:\/\/maiscaminhos.org\/de\/wp-json\/wp\/v2\/pages\/80499","targetHints":{"allow":["GET"]}}],"collection":[{"href":"https:\/\/maiscaminhos.org\/de\/wp-json\/wp\/v2\/pages"}],"about":[{"href":"https:\/\/maiscaminhos.org\/de\/wp-json\/wp\/v2\/types\/page"}],"author":[{"embeddable":true,"href":"https:\/\/maiscaminhos.org\/de\/wp-json\/wp\/v2\/users\/1"}],"replies":[{"embeddable":true,"href":"https:\/\/maiscaminhos.org\/de\/wp-json\/wp\/v2\/comments?post=80499"}],"version-history":[{"count":8,"href":"https:\/\/maiscaminhos.org\/de\/wp-json\/wp\/v2\/pages\/80499\/revisions"}],"predecessor-version":[{"id":81338,"href":"https:\/\/maiscaminhos.org\/de\/wp-json\/wp\/v2\/pages\/80499\/revisions\/81338"}],"up":[{"embeddable":true,"href":"https:\/\/maiscaminhos.org\/de\/wp-json\/wp\/v2\/pages\/80070"}],"wp:attachment":[{"href":"https:\/\/maiscaminhos.org\/de\/wp-json\/wp\/v2\/media?parent=80499"}],"curies":[{"name":"wp","href":"https:\/\/api.w.org\/{rel}","templated":true}]}}