{"id":80415,"date":"2019-06-26T17:47:16","date_gmt":"2019-06-26T17:47:16","guid":{"rendered":"https:\/\/maiscaminhos.org\/?page_id=80415"},"modified":"2023-07-05T18:05:08","modified_gmt":"2023-07-05T18:05:08","slug":"community-cantagalo-pavao-pavaozinho","status":"publish","type":"page","link":"https:\/\/maiscaminhos.org\/de\/who-we-are\/community-cantagalo-pavaozinho-mais-caminhos\/","title":{"rendered":"(English) Community Cantagalo Pav\u00e3o-Pav\u00e3ozinho"},"content":{"rendered":"<div class=\"wpb-content-wrapper\"><p>[vc_row][vc_column width=&#8220;1\/2&#8243;][vc_column_text el_class=&#8220;h2_internal h3_internal&#8220;]<\/p>\n<h2 style=\"text-align: justify;\">Cantagalo Pav\u00e3o-Pav\u00e3ozinho<\/h2>\n<p style=\"text-align: justify;\"><span style=\"font-weight: 400;\">Utilising our strong ties to neighbouring communities in Rio de Janeiro, Cantagalo and Pav\u00e3o-Pav\u00e3ozinho, we focus on supporting the families and the individuals of these communities by offering a range of educational activities that give them the best chance at achieving a fruitful future.<\/span><\/p>\n<p style=\"text-align: justify;\"><span style=\"font-weight: 400;\">Cantagalo and Pav\u00e3o-Pav\u00e3ozinho are located in Rio de Janeiro\u2019s southern area between Ipanema and Leblon districts. The history of these communities in Rio de Janeiro goes back to 1908 when the first wooden shacks were built on the hill. The community was started by former slaves, miners, and northeastern Brazilians migrating into Rio de Janeiro in hopes of better lives and more possibilities for work. With 34% of Brazil\u2019s population living below the poverty line, favelas are evidence of the social inequalities plaguing the country. Today these communities in Rio de Janeiro have a Police Peacekeeping Unit, a metro station and approximately 20,000 inhabitants.<\/span><\/p>\n<p style=\"text-align: justify;\"><span style=\"font-weight: 400;\">For more information on Cantagalo and Pav\u00e3o-Pav\u00e3ozinho, please visit <\/span><a href=\"https:\/\/catcomm.org\/about\" target=\"_blank\" rel=\"noopener\"><b>catcomm.org\/about<\/b><\/a><span style=\"font-weight: 400;\"> and <\/span><a href=\"https:\/\/www.rioonwatch.org\/\" target=\"_blank\" rel=\"noopener\"><b>rioonwatch.org<\/b><\/a>.<\/p>\n<p>[\/vc_column_text][\/vc_column][vc_column width=&#8220;1\/2&#8243;][vc_empty_space height=&#8220;75px&#8220;][vc_single_image image=&#8220;80420&#8243; img_size=&#8220;full&#8220;][\/vc_column][\/vc_row]<\/p>\n<\/div>","protected":false},"excerpt":{"rendered":"<p>[vc_row][vc_column width=&#8220;1\/2&#8243;][vc_column_text el_class=&#8220;h2_internal h3_internal&#8220;] Cantagalo Pav\u00e3o-Pav\u00e3ozinho Utilising our strong ties to neighbouring communities in Rio de Janeiro, Cantagalo and Pav\u00e3o-Pav\u00e3ozinho, we focus on supporting the families and the individuals of these communities by offering a range of educational activities that give them the best chance at achieving a fruitful future. Cantagalo and Pav\u00e3o-Pav\u00e3ozinho are located [&hellip;]<\/p>\n","protected":false},"author":10,"featured_media":0,"parent":80061,"menu_order":0,"comment_status":"closed","ping_status":"closed","template":"","meta":{"footnotes":""},"class_list":["post-80415","page","type-page","status-publish","hentry"],"yoast_head":"<!-- This site is optimized with the Yoast SEO plugin v27.4 - https:\/\/yoast.com\/product\/yoast-seo-wordpress\/ -->\n<title><\/title>\n<meta name=\"robots\" content=\"index, follow, max-snippet:-1, max-image-preview:large, max-video-preview:-1\" \/>\n<link rel=\"canonical\" href=\"https:\/\/maiscaminhos.org\/who-we-are\/community-cantagalo-pavaozinho-mais-caminhos\/\" \/>\n<meta property=\"og:locale\" content=\"de_DE\" \/>\n<meta property=\"og:type\" content=\"article\" \/>\n<meta property=\"og:title\" content=\"[:en]Community Cantagalo Pav\u00e3o-Pav\u00e3ozinho[:br]Comunidade Cantagalo Pav\u00e3o-Pav\u00e3ozinho[:es]Comunidad Cantagalo Pav\u00e3o-Pav\u00e3ozinho[:] - Mais Caminhos\" \/>\n<meta property=\"og:description\" content=\"[vc_row][vc_column width=&#8220;1\/2&#8243;][vc_column_text el_class=&#8220;h2_internal h3_internal&#8220;] Cantagalo Pav\u00e3o-Pav\u00e3ozinho Utilising our strong ties to neighbouring communities in Rio de Janeiro, Cantagalo and Pav\u00e3o-Pav\u00e3ozinho, we focus on supporting the families and the individuals of these communities by offering a range of educational activities that give them the best chance at achieving a fruitful future. Cantagalo and Pav\u00e3o-Pav\u00e3ozinho are located [&hellip;]\" \/>\n<meta property=\"og:url\" content=\"https:\/\/maiscaminhos.org\/who-we-are\/community-cantagalo-pavaozinho-mais-caminhos\/\" \/>\n<meta property=\"og:site_name\" content=\"Mais Caminhos\" \/>\n<meta property=\"article:modified_time\" content=\"2023-07-05T18:05:08+00:00\" \/>\n<meta name=\"twitter:card\" content=\"summary_large_image\" \/>\n<meta name=\"twitter:label1\" content=\"Gesch\u00e4tzte Lesezeit\" \/>\n\t<meta name=\"twitter:data1\" content=\"1\u00a0Minute\" \/>\n<script type=\"application\/ld+json\" class=\"yoast-schema-graph\">{\"@context\":\"https:\\\/\\\/schema.org\",\"@graph\":[{\"@type\":\"WebPage\",\"@id\":\"https:\\\/\\\/maiscaminhos.org\\\/who-we-are\\\/community-cantagalo-pavaozinho-mais-caminhos\\\/\",\"url\":\"https:\\\/\\\/maiscaminhos.org\\\/who-we-are\\\/community-cantagalo-pavaozinho-mais-caminhos\\\/\",\"name\":\"[:en]Community Cantagalo Pav\u00e3o-Pav\u00e3ozinho[:br]Comunidade Cantagalo Pav\u00e3o-Pav\u00e3ozinho[:es]Comunidad Cantagalo Pav\u00e3o-Pav\u00e3ozinho[:] - Mais Caminhos\",\"isPartOf\":{\"@id\":\"https:\\\/\\\/maiscaminhos.org\\\/#website\"},\"datePublished\":\"2019-06-26T17:47:16+00:00\",\"dateModified\":\"2023-07-05T18:05:08+00:00\",\"breadcrumb\":{\"@id\":\"https:\\\/\\\/maiscaminhos.org\\\/who-we-are\\\/community-cantagalo-pavaozinho-mais-caminhos\\\/#breadcrumb\"},\"inLanguage\":\"de\",\"potentialAction\":[{\"@type\":\"ReadAction\",\"target\":[\"https:\\\/\\\/maiscaminhos.org\\\/who-we-are\\\/community-cantagalo-pavaozinho-mais-caminhos\\\/\"]}]},{\"@type\":\"BreadcrumbList\",\"@id\":\"https:\\\/\\\/maiscaminhos.org\\\/who-we-are\\\/community-cantagalo-pavaozinho-mais-caminhos\\\/#breadcrumb\",\"itemListElement\":[{\"@type\":\"ListItem\",\"position\":1,\"name\":\"Home\",\"item\":\"https:\\\/\\\/maiscaminhos.org\\\/\"},{\"@type\":\"ListItem\",\"position\":2,\"name\":\"Sobre nosotros\",\"item\":\"https:\\\/\\\/maiscaminhos.org\\\/es\\\/quienes-somos\\\/\"},{\"@type\":\"ListItem\",\"position\":3,\"name\":\"Community Cantagalo Pav\u00e3o-Pav\u00e3ozinho\"}]},{\"@type\":\"WebSite\",\"@id\":\"https:\\\/\\\/maiscaminhos.org\\\/#website\",\"url\":\"https:\\\/\\\/maiscaminhos.org\\\/\",\"name\":\"Mais Caminhos\",\"description\":\"Mais Caminhos\",\"potentialAction\":[{\"@type\":\"SearchAction\",\"target\":{\"@type\":\"EntryPoint\",\"urlTemplate\":\"https:\\\/\\\/maiscaminhos.org\\\/?s={search_term_string}\"},\"query-input\":{\"@type\":\"PropertyValueSpecification\",\"valueRequired\":true,\"valueName\":\"search_term_string\"}}],\"inLanguage\":\"de\"}]}<\/script>\n<!-- \/ Yoast SEO plugin. -->","yoast_head_json":{"title":"[:en]Community Cantagalo Pav\u00e3o-Pav\u00e3ozinho[:br]Comunidade Cantagalo Pav\u00e3o-Pav\u00e3ozinho[:es]Comunidad Cantagalo Pav\u00e3o-Pav\u00e3ozinho[:] - Mais Caminhos","robots":{"index":"index","follow":"follow","max-snippet":"max-snippet:-1","max-image-preview":"max-image-preview:large","max-video-preview":"max-video-preview:-1"},"canonical":"https:\/\/maiscaminhos.org\/who-we-are\/community-cantagalo-pavaozinho-mais-caminhos\/","og_locale":"de_DE","og_type":"article","og_title":"[:en]Community Cantagalo Pav\u00e3o-Pav\u00e3ozinho[:br]Comunidade Cantagalo Pav\u00e3o-Pav\u00e3ozinho[:es]Comunidad Cantagalo Pav\u00e3o-Pav\u00e3ozinho[:] - Mais Caminhos","og_description":"[vc_row][vc_column width=&#8220;1\/2&#8243;][vc_column_text el_class=&#8220;h2_internal h3_internal&#8220;] Cantagalo Pav\u00e3o-Pav\u00e3ozinho Utilising our strong ties to neighbouring communities in Rio de Janeiro, Cantagalo and Pav\u00e3o-Pav\u00e3ozinho, we focus on supporting the families and the individuals of these communities by offering a range of educational activities that give them the best chance at achieving a fruitful future. Cantagalo and Pav\u00e3o-Pav\u00e3ozinho are located [&hellip;]","og_url":"https:\/\/maiscaminhos.org\/who-we-are\/community-cantagalo-pavaozinho-mais-caminhos\/","og_site_name":"Mais Caminhos","article_modified_time":"2023-07-05T18:05:08+00:00","twitter_card":"summary_large_image","twitter_misc":{"Gesch\u00e4tzte Lesezeit":"1\u00a0Minute"},"schema":{"@context":"https:\/\/schema.org","@graph":[{"@type":"WebPage","@id":"https:\/\/maiscaminhos.org\/who-we-are\/community-cantagalo-pavaozinho-mais-caminhos\/","url":"https:\/\/maiscaminhos.org\/who-we-are\/community-cantagalo-pavaozinho-mais-caminhos\/","name":"[:en]Community Cantagalo Pav\u00e3o-Pav\u00e3ozinho[:br]Comunidade Cantagalo Pav\u00e3o-Pav\u00e3ozinho[:es]Comunidad Cantagalo Pav\u00e3o-Pav\u00e3ozinho[:] - Mais Caminhos","isPartOf":{"@id":"https:\/\/maiscaminhos.org\/#website"},"datePublished":"2019-06-26T17:47:16+00:00","dateModified":"2023-07-05T18:05:08+00:00","breadcrumb":{"@id":"https:\/\/maiscaminhos.org\/who-we-are\/community-cantagalo-pavaozinho-mais-caminhos\/#breadcrumb"},"inLanguage":"de","potentialAction":[{"@type":"ReadAction","target":["https:\/\/maiscaminhos.org\/who-we-are\/community-cantagalo-pavaozinho-mais-caminhos\/"]}]},{"@type":"BreadcrumbList","@id":"https:\/\/maiscaminhos.org\/who-we-are\/community-cantagalo-pavaozinho-mais-caminhos\/#breadcrumb","itemListElement":[{"@type":"ListItem","position":1,"name":"Home","item":"https:\/\/maiscaminhos.org\/"},{"@type":"ListItem","position":2,"name":"Sobre nosotros","item":"https:\/\/maiscaminhos.org\/es\/quienes-somos\/"},{"@type":"ListItem","position":3,"name":"Community Cantagalo Pav\u00e3o-Pav\u00e3ozinho"}]},{"@type":"WebSite","@id":"https:\/\/maiscaminhos.org\/#website","url":"https:\/\/maiscaminhos.org\/","name":"Mais Caminhos","description":"Mais Caminhos","potentialAction":[{"@type":"SearchAction","target":{"@type":"EntryPoint","urlTemplate":"https:\/\/maiscaminhos.org\/?s={search_term_string}"},"query-input":{"@type":"PropertyValueSpecification","valueRequired":true,"valueName":"search_term_string"}}],"inLanguage":"de"}]}},"_links":{"self":[{"href":"https:\/\/maiscaminhos.org\/de\/wp-json\/wp\/v2\/pages\/80415","targetHints":{"allow":["GET"]}}],"collection":[{"href":"https:\/\/maiscaminhos.org\/de\/wp-json\/wp\/v2\/pages"}],"about":[{"href":"https:\/\/maiscaminhos.org\/de\/wp-json\/wp\/v2\/types\/page"}],"author":[{"embeddable":true,"href":"https:\/\/maiscaminhos.org\/de\/wp-json\/wp\/v2\/users\/10"}],"replies":[{"embeddable":true,"href":"https:\/\/maiscaminhos.org\/de\/wp-json\/wp\/v2\/comments?post=80415"}],"version-history":[{"count":20,"href":"https:\/\/maiscaminhos.org\/de\/wp-json\/wp\/v2\/pages\/80415\/revisions"}],"predecessor-version":[{"id":88891,"href":"https:\/\/maiscaminhos.org\/de\/wp-json\/wp\/v2\/pages\/80415\/revisions\/88891"}],"up":[{"embeddable":true,"href":"https:\/\/maiscaminhos.org\/de\/wp-json\/wp\/v2\/pages\/80061"}],"wp:attachment":[{"href":"https:\/\/maiscaminhos.org\/de\/wp-json\/wp\/v2\/media?parent=80415"}],"curies":[{"name":"wp","href":"https:\/\/api.w.org\/{rel}","templated":true}]}}