{"id":80509,"date":"2019-06-26T19:28:48","date_gmt":"2019-06-26T19:28:48","guid":{"rendered":"https:\/\/maiscaminhos.org\/?page_id=80509"},"modified":"2019-10-31T17:22:14","modified_gmt":"2019-10-31T17:22:14","slug":"volunteer-from-home","status":"publish","type":"page","link":"https:\/\/maiscaminhos.org\/br\/oportunidades-voluntarias-no-rio-de-janeiro-mais-caminhos\/voluntariado-de-casa-mais-caminhos\/","title":{"rendered":"Volunt\u00e1rio em casa"},"content":{"rendered":"<div class=\"wpb-content-wrapper\"><p>[vc_row][vc_column][vc_column_text el_class=&#8221;h2_internal h3_internal&#8221;]<\/p>\n<h2 style=\"text-align: justify;\">Volunt\u00e1rio em casa<\/h2>\n<p style=\"text-align: justify;\">Prop\u00f3sito:\u00a0Seja um volunt\u00e1rio da sua pr\u00f3pria casa and e apoie a causa humani\u00e1ria da Mais Caminhos, deste modo contribuindo de uma forma am\u00e1vel e carinhosa, para com as crian\u00e7as desprivilegiadas em nosso programa das comunidades Cantagalo e Pav\u00e3o-pav\u00e3ozinho. Para ajudar a organiza\u00e7\u00e3o da Mais Caminhos a crescer, inscreva-se para essa oportunidade de tornar-se um volunt\u00e1rio no Rio de Janeiro. Essa posi\u00e7\u00e3o \u00e9 direcionada \u00e0 pessoas que n\u00e3o moram no Rio e gostariam de contribuir com o nosso projeto de uma forma significativa.<\/p>\n<h3>Posi\u00e7\u00f5es existentes de voluntariado de casa<\/h3>\n<p>[\/vc_column_text][\/vc_column][\/vc_row][vc_row][vc_column width=&#8221;2\/3&#8243;][vc_tta_accordion style=&#8221;modern&#8221; shape=&#8221;square&#8221; color=&#8221;juicy-pink&#8221; active_section=&#8221;10&#8243;][vc_tta_section title=&#8221;Designer Gr\u00e1fico&#8221; tab_id=&#8221;1561577184264-f8ef6065-e951&#8243;][vc_column_text]<\/p>\n<p style=\"text-align: justify;\"><strong>Prop\u00f3sito:<\/strong>\u00a0Oportunidades de se voluntariar no Brasil para apoiar a causa da Mais Caminhos, desta forma, contribuindo de uma forma carinhosa e am\u00e1vel para com as crian\u00e7as desprivilegiadas em nosso programa das comunidades Pav\u00e3o-pav\u00e3ozinho e Cantagalo.<\/p>\n<p style=\"text-align: justify;\"><strong>Responsabilidades:<\/strong>\u00a0Cuidar de nossa identidade visual. Empreendedores de branding, bem vindos!<\/p>\n<p style=\"text-align: justify;\"><strong>Reportar-se a:<\/strong>\u00a0Gerente da Mais Caminhos.<\/p>\n<p style=\"text-align: justify;\"><strong>Extens\u00e3o da tarefa:<\/strong>\u00a0As tarefas variam dependendo dos trabalhos volunt\u00e1rios. Tipicamente, necessitamos de um a quatro dias por semana, por um per\u00edodo de uma semana a seis meses.<\/p>\n<p style=\"text-align: justify;\"><strong>Comprometimento de hor\u00e1rio:<\/strong>\u00a0Dependendo do trabalho volunt\u00e1rio, um a quatro dias por semana. (Segunda \u00e0 Quinta).<\/p>\n<p style=\"text-align: justify;\"><strong>Qualifica\u00e7\u00f5es:<\/strong>\u00a0Dependendo do trabalho volunt\u00e1rio, podemos necessitar de uma pessoa com n\u00edvel intermedi\u00e1rio de portugu\u00eas. De prefer\u00eancia, pessoas com experi\u00eancia em trabalho volunt\u00e1rio.<\/p>\n<p>[\/vc_column_text][\/vc_tta_section][vc_tta_section title=&#8221;Produtor de Conte\u00fado&#8221; tab_id=&#8221;1561577184282-4624057b-a29f&#8221;][vc_column_text]<\/p>\n<h3 class=\"title\" style=\"text-align: justify;\">Produtor\u00a0 de Conte\u00fado<\/h3>\n<div class=\"introtext\">\n<p style=\"text-align: justify;\"><strong>Prop\u00f3sito:<\/strong>\u00a0Torne-se um volunt\u00e1rio de sua pr\u00f3pria casa e apoie a causa humanit\u00e1ria da Mais Caminhos, contribuindo de uma forma am\u00e1vel e carinhosa para com as crian\u00e7as desprivilegiadas de nosso programa nas comunidades Pav\u00e3o-pav\u00e3ozinho e Cantagalo.<\/p>\n<p style=\"text-align: justify;\"><strong>Responsabilidades:<\/strong>\u00a0Gerar conte\u00fado para nosso blog e p\u00e1gina na internet.<\/p>\n<p style=\"text-align: justify;\"><strong>Reportar-se a:<\/strong>\u00a0Administrador da Mais Caminhos.<\/p>\n<p style=\"text-align: justify;\"><strong>Extens\u00e3o da tarefa:<\/strong>\u00a0Idealmente um ano ou mais.<\/p>\n<p style=\"text-align: justify;\"><strong>Comprometimento de hor\u00e1rio:<\/strong>\u00a0Depende do est\u00e1gio de nossos projetos.<\/p>\n<p style=\"text-align: justify;\"><strong>Dura\u00e7\u00e3o da nomea\u00e7\u00e3o:<\/strong> Idealmente um ano ou mais.<\/p>\n<p style=\"text-align: justify;\"><strong>Compromisso com hor\u00e1rio:<\/strong> Dependendo do est\u00e1gio de nossos projetos.<\/p>\n<\/div>\n<p>[\/vc_column_text][\/vc_tta_section][vc_tta_section title=&#8221;Tradutor Espanhol \/ Portugu\u00eas e Ingl\u00eas&#8221; tab_id=&#8221;1561577262115-f6f7be3b-7fe6&#8243;][vc_column_text]<\/p>\n<h3 class=\"title\" style=\"text-align: justify;\">Tradutor Espanhol \/ Portugu\u00eas e Ingl\u00eas<\/h3>\n<div class=\"introtext\">\n<p style=\"text-align: justify;\"><strong>Proposito:<\/strong>\u00a0Torne-se um volunt\u00e1rio de sua pr\u00f3pria casa e apoie a causa humanit\u00e1ria da Mais Caminhos, contribuindo de uma forma am\u00e1vel e carinhosa para com as crian\u00e7as desprivilegiadas de nosso programa nas comunidades Pav\u00e3o-pav\u00e3ozinho e Cantagalo.<\/p>\n<p style=\"text-align: justify;\"><strong>Responsabilidades:<\/strong>\u00a0Traduzir o conte\u00fado do site para e de Ingl\u00eas\/Espanhol\/Portugu\u00eas.<\/p>\n<p style=\"text-align: justify;\"><strong>Reportar-se a:<\/strong>\u00a0Mais Caminhos Manager.<\/p>\n<p style=\"text-align: justify;\"><strong>Extens\u00e3o da tarefa:<\/strong>\u00a0Dependendo da sua disponibilidade de tempo.<\/p>\n<p style=\"text-align: justify;\"><strong>Comprometimento de tempo:<\/strong>\u00a0Depender\u00e1 do est\u00e1gio de nossos projetos.<\/p>\n<\/div>\n<p>[\/vc_column_text][\/vc_tta_section][\/vc_tta_accordion][\/vc_column][vc_column width=&#8221;1\/3&#8243;][\/vc_column][\/vc_row][vc_row][vc_column][vc_btn title=&#8221;INSCREVA-SE&#8221; color=&#8221;warning&#8221; size=&#8221;lg&#8221; link=&#8221;url:https%3A%2F%2Fmaiscaminhos.org%2Fbr%2Fsobre-nos%2Fmais-caminhos-projeto-social%2Foportunidades-voluntarias-no-rio-de-janeiro-mais-caminhos%2Fvolunteer-application-maiscaminhos%2F|||&#8221;][\/vc_column][\/vc_row]<\/p>\n<\/div>","protected":false},"excerpt":{"rendered":"<p>[vc_row][vc_column][vc_column_text el_class=&#8221;h2_internal h3_internal&#8221;] Volunt\u00e1rio em casa Prop\u00f3sito:\u00a0Seja um volunt\u00e1rio da sua pr\u00f3pria casa and e apoie a causa humani\u00e1ria da Mais Caminhos, deste modo contribuindo de uma forma am\u00e1vel e carinhosa, para com as crian\u00e7as desprivilegiadas em nosso programa das comunidades Cantagalo e Pav\u00e3o-pav\u00e3ozinho. Para ajudar a organiza\u00e7\u00e3o da Mais Caminhos a crescer, inscreva-se para [&hellip;]<\/p>\n","protected":false},"author":10,"featured_media":0,"parent":80070,"menu_order":0,"comment_status":"closed","ping_status":"closed","template":"","meta":{"footnotes":""},"class_list":["post-80509","page","type-page","status-publish","hentry"],"yoast_head":"<!-- This site is optimized with the Yoast SEO plugin v27.3 - https:\/\/yoast.com\/product\/yoast-seo-wordpress\/ -->\n<title>Volunt\u00e1rio em casa - Mais Caminhos<\/title>\n<meta name=\"robots\" content=\"index, follow, max-snippet:-1, max-image-preview:large, max-video-preview:-1\" \/>\n<link rel=\"canonical\" href=\"https:\/\/maiscaminhos.org\/es\/oportunidades-de-voluntariado-en-rio-de-janeiro-mais-caminhos\/voluntariado-desde-casa-mais-caminhos\/\" \/>\n<meta property=\"og:locale\" content=\"pt_BR\" \/>\n<meta property=\"og:type\" content=\"article\" \/>\n<meta property=\"og:title\" content=\"[:en]Volunteer From Home[:br]Volunt\u00e1rio em casa[:es]Voluntario de casa[:] - Mais Caminhos\" \/>\n<meta property=\"og:description\" content=\"[vc_row][vc_column][vc_column_text el_class=&#8221;h2_internal h3_internal&#8221;] Volunt\u00e1rio em casa Prop\u00f3sito:\u00a0Seja um volunt\u00e1rio da sua pr\u00f3pria casa and e apoie a causa humani\u00e1ria da Mais Caminhos, deste modo contribuindo de uma forma am\u00e1vel e carinhosa, para com as crian\u00e7as desprivilegiadas em nosso programa das comunidades Cantagalo e Pav\u00e3o-pav\u00e3ozinho. Para ajudar a organiza\u00e7\u00e3o da Mais Caminhos a crescer, inscreva-se para [&hellip;]\" \/>\n<meta property=\"og:url\" content=\"https:\/\/maiscaminhos.org\/es\/oportunidades-de-voluntariado-en-rio-de-janeiro-mais-caminhos\/voluntariado-desde-casa-mais-caminhos\/\" \/>\n<meta property=\"og:site_name\" content=\"Mais Caminhos\" \/>\n<meta property=\"article:modified_time\" content=\"2019-10-31T17:22:14+00:00\" \/>\n<meta name=\"twitter:card\" content=\"summary_large_image\" \/>\n<meta name=\"twitter:label1\" content=\"Est. tempo de leitura\" \/>\n\t<meta name=\"twitter:data1\" content=\"8 minutos\" \/>\n<script type=\"application\/ld+json\" class=\"yoast-schema-graph\">{\"@context\":\"https:\\\/\\\/schema.org\",\"@graph\":[{\"@type\":\"WebPage\",\"@id\":\"https:\\\/\\\/maiscaminhos.org\\\/es\\\/oportunidades-de-voluntariado-en-rio-de-janeiro-mais-caminhos\\\/voluntariado-desde-casa-mais-caminhos\\\/\",\"url\":\"https:\\\/\\\/maiscaminhos.org\\\/es\\\/oportunidades-de-voluntariado-en-rio-de-janeiro-mais-caminhos\\\/voluntariado-desde-casa-mais-caminhos\\\/\",\"name\":\"[:en]Volunteer From Home[:br]Volunt\u00e1rio em casa[:es]Voluntario de casa[:] - Mais Caminhos\",\"isPartOf\":{\"@id\":\"https:\\\/\\\/maiscaminhos.org\\\/#website\"},\"datePublished\":\"2019-06-26T19:28:48+00:00\",\"dateModified\":\"2019-10-31T17:22:14+00:00\",\"breadcrumb\":{\"@id\":\"https:\\\/\\\/maiscaminhos.org\\\/es\\\/oportunidades-de-voluntariado-en-rio-de-janeiro-mais-caminhos\\\/voluntariado-desde-casa-mais-caminhos\\\/#breadcrumb\"},\"inLanguage\":\"pt-BR\",\"potentialAction\":[{\"@type\":\"ReadAction\",\"target\":[\"https:\\\/\\\/maiscaminhos.org\\\/es\\\/oportunidades-de-voluntariado-en-rio-de-janeiro-mais-caminhos\\\/voluntariado-desde-casa-mais-caminhos\\\/\"]}]},{\"@type\":\"BreadcrumbList\",\"@id\":\"https:\\\/\\\/maiscaminhos.org\\\/es\\\/oportunidades-de-voluntariado-en-rio-de-janeiro-mais-caminhos\\\/voluntariado-desde-casa-mais-caminhos\\\/#breadcrumb\",\"itemListElement\":[{\"@type\":\"ListItem\",\"position\":1,\"name\":\"Home\",\"item\":\"https:\\\/\\\/maiscaminhos.org\\\/\"},{\"@type\":\"ListItem\",\"position\":2,\"name\":\"Volunteer Opportunities in Rio de Janeiro\",\"item\":\"https:\\\/\\\/maiscaminhos.org\\\/volunteer-opportunities-in-rio-de-janeiro\\\/\"},{\"@type\":\"ListItem\",\"position\":3,\"name\":\"Voluntario de casa\"}]},{\"@type\":\"WebSite\",\"@id\":\"https:\\\/\\\/maiscaminhos.org\\\/#website\",\"url\":\"https:\\\/\\\/maiscaminhos.org\\\/\",\"name\":\"Mais Caminhos\",\"description\":\"Mais Caminhos\",\"potentialAction\":[{\"@type\":\"SearchAction\",\"target\":{\"@type\":\"EntryPoint\",\"urlTemplate\":\"https:\\\/\\\/maiscaminhos.org\\\/?s={search_term_string}\"},\"query-input\":{\"@type\":\"PropertyValueSpecification\",\"valueRequired\":true,\"valueName\":\"search_term_string\"}}],\"inLanguage\":\"pt-BR\"}]}<\/script>\n<!-- \/ Yoast SEO plugin. -->","yoast_head_json":{"title":"[:en]Volunteer From Home[:br]Volunt\u00e1rio em casa[:es]Voluntario de casa[:] - Mais Caminhos","robots":{"index":"index","follow":"follow","max-snippet":"max-snippet:-1","max-image-preview":"max-image-preview:large","max-video-preview":"max-video-preview:-1"},"canonical":"https:\/\/maiscaminhos.org\/es\/oportunidades-de-voluntariado-en-rio-de-janeiro-mais-caminhos\/voluntariado-desde-casa-mais-caminhos\/","og_locale":"pt_BR","og_type":"article","og_title":"[:en]Volunteer From Home[:br]Volunt\u00e1rio em casa[:es]Voluntario de casa[:] - Mais Caminhos","og_description":"[vc_row][vc_column][vc_column_text el_class=&#8221;h2_internal h3_internal&#8221;] Volunt\u00e1rio em casa Prop\u00f3sito:\u00a0Seja um volunt\u00e1rio da sua pr\u00f3pria casa and e apoie a causa humani\u00e1ria da Mais Caminhos, deste modo contribuindo de uma forma am\u00e1vel e carinhosa, para com as crian\u00e7as desprivilegiadas em nosso programa das comunidades Cantagalo e Pav\u00e3o-pav\u00e3ozinho. Para ajudar a organiza\u00e7\u00e3o da Mais Caminhos a crescer, inscreva-se para [&hellip;]","og_url":"https:\/\/maiscaminhos.org\/es\/oportunidades-de-voluntariado-en-rio-de-janeiro-mais-caminhos\/voluntariado-desde-casa-mais-caminhos\/","og_site_name":"Mais Caminhos","article_modified_time":"2019-10-31T17:22:14+00:00","twitter_card":"summary_large_image","twitter_misc":{"Est. tempo de leitura":"8 minutos"},"schema":{"@context":"https:\/\/schema.org","@graph":[{"@type":"WebPage","@id":"https:\/\/maiscaminhos.org\/es\/oportunidades-de-voluntariado-en-rio-de-janeiro-mais-caminhos\/voluntariado-desde-casa-mais-caminhos\/","url":"https:\/\/maiscaminhos.org\/es\/oportunidades-de-voluntariado-en-rio-de-janeiro-mais-caminhos\/voluntariado-desde-casa-mais-caminhos\/","name":"[:en]Volunteer From Home[:br]Volunt\u00e1rio em casa[:es]Voluntario de casa[:] - Mais Caminhos","isPartOf":{"@id":"https:\/\/maiscaminhos.org\/#website"},"datePublished":"2019-06-26T19:28:48+00:00","dateModified":"2019-10-31T17:22:14+00:00","breadcrumb":{"@id":"https:\/\/maiscaminhos.org\/es\/oportunidades-de-voluntariado-en-rio-de-janeiro-mais-caminhos\/voluntariado-desde-casa-mais-caminhos\/#breadcrumb"},"inLanguage":"pt-BR","potentialAction":[{"@type":"ReadAction","target":["https:\/\/maiscaminhos.org\/es\/oportunidades-de-voluntariado-en-rio-de-janeiro-mais-caminhos\/voluntariado-desde-casa-mais-caminhos\/"]}]},{"@type":"BreadcrumbList","@id":"https:\/\/maiscaminhos.org\/es\/oportunidades-de-voluntariado-en-rio-de-janeiro-mais-caminhos\/voluntariado-desde-casa-mais-caminhos\/#breadcrumb","itemListElement":[{"@type":"ListItem","position":1,"name":"Home","item":"https:\/\/maiscaminhos.org\/"},{"@type":"ListItem","position":2,"name":"Volunteer Opportunities in Rio de Janeiro","item":"https:\/\/maiscaminhos.org\/volunteer-opportunities-in-rio-de-janeiro\/"},{"@type":"ListItem","position":3,"name":"Voluntario de casa"}]},{"@type":"WebSite","@id":"https:\/\/maiscaminhos.org\/#website","url":"https:\/\/maiscaminhos.org\/","name":"Mais Caminhos","description":"Mais Caminhos","potentialAction":[{"@type":"SearchAction","target":{"@type":"EntryPoint","urlTemplate":"https:\/\/maiscaminhos.org\/?s={search_term_string}"},"query-input":{"@type":"PropertyValueSpecification","valueRequired":true,"valueName":"search_term_string"}}],"inLanguage":"pt-BR"}]}},"_links":{"self":[{"href":"https:\/\/maiscaminhos.org\/br\/wp-json\/wp\/v2\/pages\/80509","targetHints":{"allow":["GET"]}}],"collection":[{"href":"https:\/\/maiscaminhos.org\/br\/wp-json\/wp\/v2\/pages"}],"about":[{"href":"https:\/\/maiscaminhos.org\/br\/wp-json\/wp\/v2\/types\/page"}],"author":[{"embeddable":true,"href":"https:\/\/maiscaminhos.org\/br\/wp-json\/wp\/v2\/users\/10"}],"replies":[{"embeddable":true,"href":"https:\/\/maiscaminhos.org\/br\/wp-json\/wp\/v2\/comments?post=80509"}],"version-history":[{"count":6,"href":"https:\/\/maiscaminhos.org\/br\/wp-json\/wp\/v2\/pages\/80509\/revisions"}],"predecessor-version":[{"id":81492,"href":"https:\/\/maiscaminhos.org\/br\/wp-json\/wp\/v2\/pages\/80509\/revisions\/81492"}],"up":[{"embeddable":true,"href":"https:\/\/maiscaminhos.org\/br\/wp-json\/wp\/v2\/pages\/80070"}],"wp:attachment":[{"href":"https:\/\/maiscaminhos.org\/br\/wp-json\/wp\/v2\/media?parent=80509"}],"curies":[{"name":"wp","href":"https:\/\/api.w.org\/{rel}","templated":true}]}}