{"id":80502,"date":"2019-06-26T19:17:57","date_gmt":"2019-06-26T19:17:57","guid":{"rendered":"https:\/\/maiscaminhos.org\/?page_id=80502"},"modified":"2019-10-31T17:17:25","modified_gmt":"2019-10-31T17:17:25","slug":"volunteer-in-rio-de-janeiro","status":"publish","type":"page","link":"https:\/\/maiscaminhos.org\/br\/oportunidades-voluntarias-no-rio-de-janeiro-mais-caminhos\/voluntariado-a-longo-prazo-mais-caminhos\/","title":{"rendered":"Oportunidades de voluntariado a longo prazo no Brasil"},"content":{"rendered":"<div class=\"wpb-content-wrapper\"><p>[vc_row][vc_column][vc_empty_space height=&#8221;70px&#8221;][vc_column_text el_class=&#8221;h2_internal h3_internal&#8221;]<\/p>\n<h2>Torne-se volunt\u00e1rio de longo prazo no Rio de Janeiro (6 meses)<\/h2>\n<p style=\"text-align: justify;\">O voluntariado de longo prazo \u00e9 uma oportunidade perfeita para aqueles que est\u00e3o \u00e0 procura de uma mudan\u00e7a significativa em suas vidas. Precisamos de volunt\u00e1rios altamente motivados, com esp\u00edrito de equipe, que possam tornar-se volunt\u00e1rios no Rio de Janeiro e se juntar \u00e0 nossa causa humanit\u00e1ria.<\/p>\n<p style=\"text-align: justify;\">Se voc\u00ea quer juntar-se \u00e0 nossa organiza\u00e7\u00e3o, pode preencher uma de nossas posi\u00e7\u00f5es dispon\u00edveis, ou desenvolver seu pr\u00f3prio projeto.<\/p>\n<p style=\"text-align: justify;\">Para desenvolver o seu pr\u00f3prio projeto, voc\u00ea precisa se comprometer por um per\u00edodo de mais de 6 semanas. Primeiro, participar de um programa j\u00e1 existente para que possa conhecer melhor as pessoas. Depois de 3 meses, quando estiver se sentindo mais confort\u00e1vel com sua equipe, ter\u00e1 a oportunidade de desenvolver seu pr\u00f3prio programa.<\/p>\n<h3>Posi\u00e7\u00f5es existentes para tornar-se volunt\u00e1rio no Rio de Janeiro<\/h3>\n<p>[\/vc_column_text][\/vc_column][\/vc_row][vc_row][vc_column width=&#8221;2\/3&#8243;][vc_tta_accordion style=&#8221;modern&#8221; shape=&#8221;square&#8221; color=&#8221;juicy-pink&#8221; active_section=&#8221;10&#8243;][vc_tta_section title=&#8221;Assistente de Programa de Educa\u00e7\u00e3o Complementar&#8221; tab_id=&#8221;1561576430813-a921c731-dc2a&#8221;][vc_column_text]<\/p>\n<h3 class=\"title\" style=\"text-align: justify;\">Assistente do Programa de Educa\u00e7\u00e3o Complementar<\/h3>\n<div class=\"introtext\">\n<p style=\"text-align: justify;\"><strong>Prop\u00f3sito:<\/strong>\u00a0Tornar-se volunt\u00e1rio no Rio de Janeiro para ensinar crian\u00e7as desprivilegiadas das comunidades Cantagalo e Pav\u00e3o-pav\u00e3ozinho, que participam de nosso programa. Ensinamos utilizando os princ\u00edpios da Disciplina Positiva, de uma forma am\u00e1vel e carinhosa. Nosso objetivo \u00e9 ajudar essas crian\u00e7as a desenvolverem autocontrole, e habilidades de resolu\u00e7\u00e3o de problemas, assim como suas capacidades acad\u00eamicas.<\/p>\n<p style=\"text-align: justify;\"><strong>Responsabilidades Chave:<\/strong><\/p>\n<ul style=\"text-align: justify;\">\n<li>Planejar conjuntamente ao coordenador todas as li\u00e7\u00f5es e preparar a sala de aula<\/li>\n<li>Auxiliar com o administrador da sala de aula<\/li>\n<li>Ensinar uma mat\u00e9ria ou atividade criativa de seu interesse<\/li>\n<li>Guiar atividades f\u00edsicas e criativas<\/li>\n<\/ul>\n<p style=\"text-align: justify;\"><strong>Reportar-se a:<\/strong>\u00a0Coordenador do programa de educa\u00e7\u00e3o complementar.<\/p>\n<p style=\"text-align: justify;\"><strong>Extens\u00e3o da tarefa:<\/strong>\u00a0A posi\u00e7\u00e3o de assistente de educa\u00e7\u00e3o complementar \u00e9 designada por um per\u00edodo de quatro a seis semanas, com 3-4 dias trabalhados por semana. Depois de quatro meses, o assistente do programa de educa\u00e7\u00e3o complementar poder\u00e1 ser designado novamente para outros quatro a seis meses, \u00e0 crit\u00e9rio do coordenador.<\/p>\n<p style=\"text-align: justify;\"><strong>Comprometimento de hor\u00e1rio:<\/strong>\u00a0de 3 a 4 dias por semana (Segunda a Quinta) por seis horas (11h \u00e0s 17h), por um m\u00ednimo de quatro meses.<\/p>\n<p style=\"text-align: justify;\"><strong>Qualifica\u00e7\u00f5es:<\/strong><\/p>\n<ul style=\"text-align: justify;\">\n<li>N\u00edvel intermedi\u00e1rio de portugu\u00eas<\/li>\n<li>Experi\u00eancia em ensinar\/ diploma em educa\u00e7\u00e3o s\u00e3o preferidos<\/li>\n<li>Experi\u00eancia em ensinar crian\u00e7as desprivilegiadas \u00e9 preferida<\/li>\n<li>ESL ou falante de ingl\u00eas nativo \u00e9 preferido<\/li>\n<\/ul>\n<p style=\"text-align: justify;\"><strong>Suporte:<\/strong>\u00a0Ser\u00e1 dado treinamento para essa posi\u00e7\u00e3o (Disciplina positiva). Al\u00e9m disso, o coordenador ficar\u00e1 dispon\u00edvel para perguntas e assist\u00eancia.<\/p>\n<\/div>\n<p>[\/vc_column_text][\/vc_tta_section][vc_tta_section title=&#8221;Educador do Programa de Educa\u00e7\u00e3o Complementar&#8221; tab_id=&#8221;1561576430824-972cf4de-55a3&#8243;][vc_column_text]<\/p>\n<h3 class=\"title\" style=\"text-align: justify;\">Educador do Programa de Educa\u00e7\u00e3o Complementar<\/h3>\n<div class=\"introtext\">\n<p style=\"text-align: justify;\"><strong>Prop\u00f3sito:<\/strong>\u00a0Tornar-se volunt\u00e1rio no Rio de Janeiro para ensinar crian\u00e7as desprivilegiadas das comunidades Cantagalo e Pav\u00e3o-pav\u00e3ozinho, que participam de nosso programa. Ensinamos utilizando os princ\u00edpios da Disciplina Positiva, de uma forma am\u00e1vel e carinhosa. Nosso objetivo \u00e9 ajudar essas crian\u00e7as a desenvolverem autocontrole, e habilidades de resolu\u00e7\u00e3o de problemas, assim como suas capacidades acad\u00eamicas.<\/p>\n<p style=\"text-align: justify;\"><strong>Responsabilidades Chave:<\/strong><\/p>\n<ul style=\"text-align: justify;\">\n<li>Planejar conjuntamente com o coordenador todas as li\u00e7\u00f5es e preparar a sala de aula<\/li>\n<li>Administrador de sala de aula<\/li>\n<li>Ensinar ingl\u00eas, ci\u00eancias, tecnologia, engenharia, arte e matem\u00e1tica<\/li>\n<li>Guiar atividades f\u00edsicas e criativas<\/li>\n<\/ul>\n<p style=\"text-align: justify;\"><strong>Reportar-se a:<\/strong>\u00a0Coordenador do Programa de Educa\u00e7\u00e3o Complementar.<\/p>\n<p style=\"text-align: justify;\"><strong>Extens\u00e3o da tarefa:<\/strong>\u00a0A posi\u00e7\u00e3o de educador de educa\u00e7\u00e3o complementar \u00e9 designada por um per\u00edodo de quatro a seis semanas, com 3-4 dias trabalhados por semana. Depois de quatro meses, o assistente do programa de educa\u00e7\u00e3o complementar poder\u00e1 ser designado novamente para outros quatro a seis meses, \u00e0 crit\u00e9rio do coordenador.<\/p>\n<p style=\"text-align: justify;\"><strong>Comprometimento de hor\u00e1rio:<\/strong>\u00a0de 3 a 4 dias por semana (Segunda a Quinta) por seis horas (11h \u00e0s 17h), por um m\u00ednimo de quatro meses.<\/p>\n<p style=\"text-align: justify;\"><strong>Qualifica\u00e7\u00f5es:<\/strong><\/p>\n<ul style=\"text-align: justify;\">\n<li>N\u00edvel intermedi\u00e1rio de portugu\u00eas<\/li>\n<li>Experi\u00eancia em ensinar crian\u00e7as desprivilegiadas \u00e9 preferida<\/li>\n<li>Experi\u00eancia em ensinar\/diplima em educa\u00e7\u00e3o \u00e9 preferido<\/li>\n<li>ESL ou um falante de ingl\u00eas nativo \u00e9 preferido<\/li>\n<\/ul>\n<p style=\"text-align: justify;\"><strong>Suporte:<\/strong>\u00a0Ser\u00e1 dado treinamento para essa posi\u00e7\u00e3o (Disciplina positiva). Al\u00e9m disso, o coordenador ficar\u00e1 dispon\u00edvel para perguntas e assist\u00eancia.<\/p>\n<\/div>\n<p>[\/vc_column_text][\/vc_tta_section][vc_tta_section title=&#8221;Professor de ingl\u00eas&#8221; tab_id=&#8221;1561576540650-f5f45f40-5e61&#8243;][vc_column_text]<\/p>\n<h3 class=\"title\">Professor de ingl\u00eas<\/h3>\n<div class=\"introtext\">\n<p><strong>Prop\u00f3sito:<\/strong>\u00a0Tornar-se volunt\u00e1rio para ajudar crian\u00e7as desprivilegiadas no Rio de Janeiro das comunidades do Cantagalo e Pav\u00e3o-Pav\u00e3ozinho, atrav\u00e9s do ensino de Ingl\u00eas.<\/p>\n<p><strong>Responsabilidades Chave:<\/strong><\/p>\n<ul>\n<li>Auxiliar na prepara\u00e7\u00e3o das aulas<\/li>\n<li>Ministrar aulas de ingl\u00eas<\/li>\n<li>Preencher avalia\u00e7\u00f5es de desenvolvimento<\/li>\n<\/ul>\n<p><strong>Reporta-se a:<\/strong>\u00a0Coordenador do Programa<\/p>\n<p><strong>Extens\u00e3o da tarefa:<\/strong>\u00a0A fun\u00e7\u00e3o de professor de ingl\u00eas para o programa de ingl\u00eas tem duran\u00e7\u00e3o de 6 (seis) m\u00eases, que \u00e9 o per\u00edodo correspondente a um m\u00f3dulo do curso.<\/p>\n<p><strong>Comprometimento de hor\u00e1rio:<\/strong>\u00a0Uma vez por semana, \u00e0s sextas-feiras de 14h \u00e0s 17h.<\/p>\n<p><strong>Qualifica\u00e7\u00f5es:<\/strong><\/p>\n<ul>\n<li>Conhecimentos intermedi\u00e1rios a avan\u00e7ados de l\u00edngua inglesa<\/li>\n<li>Conhecimentos da L\u00edngua Portuguesa em n\u00edvel intermedi\u00e1rio a avan\u00e7ado<\/li>\n<li>Desej\u00e1vel experi\u00eancia com o ensino de crian\u00e7as desprivilegiadas<\/li>\n<li>Desej\u00e1vel conhecimentos sobre como dar aulas<\/li>\n<\/ul>\n<\/div>\n<p>[\/vc_column_text][\/vc_tta_section][vc_tta_section title=&#8221;Coordenador de Atividades Sociais&#8221; tab_id=&#8221;1561576605642-198232c9-58f4&#8243;][vc_column_text]<\/p>\n<h3 class=\"title\" style=\"text-align: justify;\">Coordenador de Atividades Sociais<\/h3>\n<div class=\"introtext\">\n<p style=\"text-align: justify;\"><strong>Prop\u00f3sito:<\/strong>\u00a0Tornar-se volunt\u00e1rio no Rio de Janeiro para ensinar crian\u00e7as desprivilegiadas das comunidades Cantagalo e Pav\u00e3o-pav\u00e3ozinho, que participam de nosso programa. Ensinamos utilizando os princ\u00edpios da Disciplina Positiva, de uma forma am\u00e1vel e carinhosa. Nosso objetivo \u00e9 ajudar essas crian\u00e7as a desenvolverem autocontrole, e habilidades de resolu\u00e7\u00e3o de problemas, assim como suas capacidades acad\u00eamicas.<\/p>\n<p style=\"text-align: justify;\"><strong>Descri\u00e7\u00e3o do Trabalho:<\/strong>\u00a0O coordenador de atividades sociais ser\u00e1 respons\u00e1vel por desenvolver e executar as atividades sociais da Mais Caminhos. Essa posi\u00e7\u00e3o din\u00e2mica foca em engajamento com a comunidades, promovendo um voluntariado de curto prazo, e atividades volunt\u00e1rias\/ de estudantes.<\/p>\n<p style=\"text-align: justify;\"><strong>Responsabilidades Chave:<\/strong><\/p>\n<ul style=\"text-align: justify;\">\n<li>Desenvolver oportunidades e atividades para contribuir com a comunidade<\/li>\n<li>Construir uma network de valor dentro da comunidade<\/li>\n<li>Organizar atividades que permitam o trabalho volunt\u00e1rio de curto prazo<\/li>\n<li>Identificar proativamente oportunidades para promover o trabalho volunt\u00e1rio de curto prazo nas comunidades da Zona Sul, atrav\u00e9s do engajamento com comunidades, networks, grupos,etc.<\/li>\n<li>Organizar e coordenar volunt\u00e1rios e estudantes a divulgar atividades e comparecer a eventos da comunidade<\/li>\n<li>Coordenar a supervis\u00e3o de volunt\u00e1rios, provendo habilidades para desenvolvimento, motiva\u00e7\u00e3o, e um feedback de desempenho<\/li>\n<\/ul>\n<p style=\"text-align: justify;\"><strong>Reporta-se a:<\/strong>\u00a0Coordenador de Mais Caminhos.<\/p>\n<p style=\"text-align: justify;\"><strong>Extens\u00e3o da tarefa:<\/strong>\u00a0A posi\u00e7\u00e3o do coordenador de atividades sociais \u00e9 designada por um per\u00edodo de quatro a seis meses, com 3-4 dias trabalhados por semana. Ap\u00f3s quatro meses, o assistente do programa de educa\u00e7\u00e3o complementar poder\u00e1 ser designado novamente para outros quatro a seis meses, \u00e0 crit\u00e9rio do coordenador.<\/p>\n<p style=\"text-align: justify;\"><strong>Comprometimento de hor\u00e1rio:<\/strong>\u00a0de 3 a 4 dias por semana (Segunda a Quinta) por seis horas (11h \u00e0s 17h), por um m\u00ednimo de quatro mese<\/p>\n<p style=\"text-align: justify;\"><strong>Qualifica\u00e7\u00f5es:<\/strong><\/p>\n<ul>\n<li style=\"text-align: justify;\">Experi\u00eancia administrando volunt\u00e1rios e trabalhando com comunidades diversas<\/li>\n<li style=\"text-align: justify;\">Habilidades de gerenciamento de tempo e organiza\u00e7\u00e3o superior<\/li>\n<li style=\"text-align: justify;\">Excelentes habilidades interpessoais e a habilidade de se relacionar com pessoas de todas as idades e backgrounds<\/li>\n<li style=\"text-align: justify;\">Ser bom em resolver problemas, e ter ideias criativas para ajudar os programas atuais<\/li>\n<li style=\"text-align: justify;\">Excelente em ter habilidades para construir relacionamentos, para trabalhar com as organiza\u00e7\u00f5es nas comunidades<\/li>\n<\/ul>\n<\/div>\n<p>[\/vc_column_text][\/vc_tta_section][\/vc_tta_accordion][\/vc_column][vc_column width=&#8221;1\/3&#8243;][\/vc_column][\/vc_row][vc_row][vc_column][vc_btn title=&#8221;INSCREVA-SE&#8221; color=&#8221;warning&#8221; size=&#8221;lg&#8221; link=&#8221;url:https%3A%2F%2Fmaiscaminhos.org%2Fbr%2Fsobre-nos%2Fmais-caminhos-projeto-social%2Foportunidades-voluntarias-no-rio-de-janeiro-mais-caminhos%2Fvolunteer-application-maiscaminhos%2F|||&#8221;][\/vc_column][\/vc_row]<\/p>\n<\/div>","protected":false},"excerpt":{"rendered":"<p>[vc_row][vc_column][vc_empty_space height=&#8221;70px&#8221;][vc_column_text el_class=&#8221;h2_internal h3_internal&#8221;] Torne-se volunt\u00e1rio de longo prazo no Rio de Janeiro (6 meses) O voluntariado de longo prazo \u00e9 uma oportunidade perfeita para aqueles que est\u00e3o \u00e0 procura de uma mudan\u00e7a significativa em suas vidas. Precisamos de volunt\u00e1rios altamente motivados, com esp\u00edrito de equipe, que possam tornar-se volunt\u00e1rios no Rio de Janeiro e [&hellip;]<\/p>\n","protected":false},"author":1,"featured_media":0,"parent":80070,"menu_order":0,"comment_status":"closed","ping_status":"closed","template":"","meta":{"footnotes":""},"class_list":["post-80502","page","type-page","status-publish","hentry"],"yoast_head":"<!-- This site is optimized with the Yoast SEO plugin v27.4 - https:\/\/yoast.com\/product\/yoast-seo-wordpress\/ -->\n<title>Oportunidades de voluntariado a longo prazo no Brasil - Mais Caminhos<\/title>\n<meta name=\"robots\" content=\"index, follow, max-snippet:-1, max-image-preview:large, max-video-preview:-1\" \/>\n<link rel=\"canonical\" href=\"https:\/\/maiscaminhos.org\/volunteer-opportunities-in-rio-de-janeiro\/volunteering-long-term-mais-caminhos\/\" \/>\n<meta property=\"og:locale\" content=\"pt_BR\" \/>\n<meta property=\"og:type\" content=\"article\" \/>\n<meta property=\"og:title\" content=\"[:en]Long-Term Volunteer Opportunities In Brazil[:br]Oportunidades de voluntariado a longo prazo no Brasil[:es]Oportunidades de voluntariado a largo plazo en Brasil[:] - Mais Caminhos\" \/>\n<meta property=\"og:description\" content=\"[vc_row][vc_column][vc_empty_space height=&#8221;70px&#8221;][vc_column_text el_class=&#8221;h2_internal h3_internal&#8221;] Torne-se volunt\u00e1rio de longo prazo no Rio de Janeiro (6 meses) O voluntariado de longo prazo \u00e9 uma oportunidade perfeita para aqueles que est\u00e3o \u00e0 procura de uma mudan\u00e7a significativa em suas vidas. Precisamos de volunt\u00e1rios altamente motivados, com esp\u00edrito de equipe, que possam tornar-se volunt\u00e1rios no Rio de Janeiro e [&hellip;]\" \/>\n<meta property=\"og:url\" content=\"https:\/\/maiscaminhos.org\/volunteer-opportunities-in-rio-de-janeiro\/volunteering-long-term-mais-caminhos\/\" \/>\n<meta property=\"og:site_name\" content=\"Mais Caminhos\" \/>\n<meta property=\"article:modified_time\" content=\"2019-10-31T17:17:25+00:00\" \/>\n<meta name=\"twitter:card\" content=\"summary_large_image\" \/>\n<meta name=\"twitter:label1\" content=\"Est. tempo de leitura\" \/>\n\t<meta name=\"twitter:data1\" content=\"19 minutos\" \/>\n<script type=\"application\/ld+json\" class=\"yoast-schema-graph\">{\"@context\":\"https:\\\/\\\/schema.org\",\"@graph\":[{\"@type\":\"WebPage\",\"@id\":\"https:\\\/\\\/maiscaminhos.org\\\/volunteer-opportunities-in-rio-de-janeiro\\\/volunteering-long-term-mais-caminhos\\\/\",\"url\":\"https:\\\/\\\/maiscaminhos.org\\\/volunteer-opportunities-in-rio-de-janeiro\\\/volunteering-long-term-mais-caminhos\\\/\",\"name\":\"[:en]Long-Term Volunteer Opportunities In Brazil[:br]Oportunidades de voluntariado a longo prazo no Brasil[:es]Oportunidades de voluntariado a largo plazo en Brasil[:] - Mais Caminhos\",\"isPartOf\":{\"@id\":\"https:\\\/\\\/maiscaminhos.org\\\/#website\"},\"datePublished\":\"2019-06-26T19:17:57+00:00\",\"dateModified\":\"2019-10-31T17:17:25+00:00\",\"breadcrumb\":{\"@id\":\"https:\\\/\\\/maiscaminhos.org\\\/volunteer-opportunities-in-rio-de-janeiro\\\/volunteering-long-term-mais-caminhos\\\/#breadcrumb\"},\"inLanguage\":\"pt-BR\",\"potentialAction\":[{\"@type\":\"ReadAction\",\"target\":[\"https:\\\/\\\/maiscaminhos.org\\\/volunteer-opportunities-in-rio-de-janeiro\\\/volunteering-long-term-mais-caminhos\\\/\"]}]},{\"@type\":\"BreadcrumbList\",\"@id\":\"https:\\\/\\\/maiscaminhos.org\\\/volunteer-opportunities-in-rio-de-janeiro\\\/volunteering-long-term-mais-caminhos\\\/#breadcrumb\",\"itemListElement\":[{\"@type\":\"ListItem\",\"position\":1,\"name\":\"Home\",\"item\":\"https:\\\/\\\/maiscaminhos.org\\\/\"},{\"@type\":\"ListItem\",\"position\":2,\"name\":\"Volunteer Opportunities in Rio de Janeiro\",\"item\":\"https:\\\/\\\/maiscaminhos.org\\\/volunteer-opportunities-in-rio-de-janeiro\\\/\"},{\"@type\":\"ListItem\",\"position\":3,\"name\":\"Long-Term Volunteer Opportunities In Brazil\"}]},{\"@type\":\"WebSite\",\"@id\":\"https:\\\/\\\/maiscaminhos.org\\\/#website\",\"url\":\"https:\\\/\\\/maiscaminhos.org\\\/\",\"name\":\"Mais Caminhos\",\"description\":\"Mais Caminhos\",\"potentialAction\":[{\"@type\":\"SearchAction\",\"target\":{\"@type\":\"EntryPoint\",\"urlTemplate\":\"https:\\\/\\\/maiscaminhos.org\\\/?s={search_term_string}\"},\"query-input\":{\"@type\":\"PropertyValueSpecification\",\"valueRequired\":true,\"valueName\":\"search_term_string\"}}],\"inLanguage\":\"pt-BR\"}]}<\/script>\n<!-- \/ Yoast SEO plugin. -->","yoast_head_json":{"title":"[:en]Long-Term Volunteer Opportunities In Brazil[:br]Oportunidades de voluntariado a longo prazo no Brasil[:es]Oportunidades de voluntariado a largo plazo en Brasil[:] - Mais Caminhos","robots":{"index":"index","follow":"follow","max-snippet":"max-snippet:-1","max-image-preview":"max-image-preview:large","max-video-preview":"max-video-preview:-1"},"canonical":"https:\/\/maiscaminhos.org\/volunteer-opportunities-in-rio-de-janeiro\/volunteering-long-term-mais-caminhos\/","og_locale":"pt_BR","og_type":"article","og_title":"[:en]Long-Term Volunteer Opportunities In Brazil[:br]Oportunidades de voluntariado a longo prazo no Brasil[:es]Oportunidades de voluntariado a largo plazo en Brasil[:] - Mais Caminhos","og_description":"[vc_row][vc_column][vc_empty_space height=&#8221;70px&#8221;][vc_column_text el_class=&#8221;h2_internal h3_internal&#8221;] Torne-se volunt\u00e1rio de longo prazo no Rio de Janeiro (6 meses) O voluntariado de longo prazo \u00e9 uma oportunidade perfeita para aqueles que est\u00e3o \u00e0 procura de uma mudan\u00e7a significativa em suas vidas. Precisamos de volunt\u00e1rios altamente motivados, com esp\u00edrito de equipe, que possam tornar-se volunt\u00e1rios no Rio de Janeiro e [&hellip;]","og_url":"https:\/\/maiscaminhos.org\/volunteer-opportunities-in-rio-de-janeiro\/volunteering-long-term-mais-caminhos\/","og_site_name":"Mais Caminhos","article_modified_time":"2019-10-31T17:17:25+00:00","twitter_card":"summary_large_image","twitter_misc":{"Est. tempo de leitura":"19 minutos"},"schema":{"@context":"https:\/\/schema.org","@graph":[{"@type":"WebPage","@id":"https:\/\/maiscaminhos.org\/volunteer-opportunities-in-rio-de-janeiro\/volunteering-long-term-mais-caminhos\/","url":"https:\/\/maiscaminhos.org\/volunteer-opportunities-in-rio-de-janeiro\/volunteering-long-term-mais-caminhos\/","name":"[:en]Long-Term Volunteer Opportunities In Brazil[:br]Oportunidades de voluntariado a longo prazo no Brasil[:es]Oportunidades de voluntariado a largo plazo en Brasil[:] - Mais Caminhos","isPartOf":{"@id":"https:\/\/maiscaminhos.org\/#website"},"datePublished":"2019-06-26T19:17:57+00:00","dateModified":"2019-10-31T17:17:25+00:00","breadcrumb":{"@id":"https:\/\/maiscaminhos.org\/volunteer-opportunities-in-rio-de-janeiro\/volunteering-long-term-mais-caminhos\/#breadcrumb"},"inLanguage":"pt-BR","potentialAction":[{"@type":"ReadAction","target":["https:\/\/maiscaminhos.org\/volunteer-opportunities-in-rio-de-janeiro\/volunteering-long-term-mais-caminhos\/"]}]},{"@type":"BreadcrumbList","@id":"https:\/\/maiscaminhos.org\/volunteer-opportunities-in-rio-de-janeiro\/volunteering-long-term-mais-caminhos\/#breadcrumb","itemListElement":[{"@type":"ListItem","position":1,"name":"Home","item":"https:\/\/maiscaminhos.org\/"},{"@type":"ListItem","position":2,"name":"Volunteer Opportunities in Rio de Janeiro","item":"https:\/\/maiscaminhos.org\/volunteer-opportunities-in-rio-de-janeiro\/"},{"@type":"ListItem","position":3,"name":"Long-Term Volunteer Opportunities In Brazil"}]},{"@type":"WebSite","@id":"https:\/\/maiscaminhos.org\/#website","url":"https:\/\/maiscaminhos.org\/","name":"Mais Caminhos","description":"Mais Caminhos","potentialAction":[{"@type":"SearchAction","target":{"@type":"EntryPoint","urlTemplate":"https:\/\/maiscaminhos.org\/?s={search_term_string}"},"query-input":{"@type":"PropertyValueSpecification","valueRequired":true,"valueName":"search_term_string"}}],"inLanguage":"pt-BR"}]}},"_links":{"self":[{"href":"https:\/\/maiscaminhos.org\/br\/wp-json\/wp\/v2\/pages\/80502","targetHints":{"allow":["GET"]}}],"collection":[{"href":"https:\/\/maiscaminhos.org\/br\/wp-json\/wp\/v2\/pages"}],"about":[{"href":"https:\/\/maiscaminhos.org\/br\/wp-json\/wp\/v2\/types\/page"}],"author":[{"embeddable":true,"href":"https:\/\/maiscaminhos.org\/br\/wp-json\/wp\/v2\/users\/1"}],"replies":[{"embeddable":true,"href":"https:\/\/maiscaminhos.org\/br\/wp-json\/wp\/v2\/comments?post=80502"}],"version-history":[{"count":16,"href":"https:\/\/maiscaminhos.org\/br\/wp-json\/wp\/v2\/pages\/80502\/revisions"}],"predecessor-version":[{"id":81491,"href":"https:\/\/maiscaminhos.org\/br\/wp-json\/wp\/v2\/pages\/80502\/revisions\/81491"}],"up":[{"embeddable":true,"href":"https:\/\/maiscaminhos.org\/br\/wp-json\/wp\/v2\/pages\/80070"}],"wp:attachment":[{"href":"https:\/\/maiscaminhos.org\/br\/wp-json\/wp\/v2\/media?parent=80502"}],"curies":[{"name":"wp","href":"https:\/\/api.w.org\/{rel}","templated":true}]}}