{"id":80499,"date":"2019-06-26T19:09:15","date_gmt":"2019-06-26T19:09:15","guid":{"rendered":"https:\/\/maiscaminhos.org\/?page_id=80499"},"modified":"2019-10-02T23:16:27","modified_gmt":"2019-10-02T23:16:27","slug":"volunteer-application","status":"publish","type":"page","link":"https:\/\/maiscaminhos.org\/br\/oportunidades-voluntarias-no-rio-de-janeiro-mais-caminhos\/volunteer-application-maiscaminhos\/","title":{"rendered":"Candidatura a Volunt\u00e1rio"},"content":{"rendered":"<div class=\"wpb-content-wrapper\"><p>[vc_row][vc_column][vc_column_text]<\/p>\n<h1>Por favor, preencha o formul\u00e1rio abaixo<\/h1>\n<div class=\"wpcf7 no-js\" id=\"wpcf7-f81337-o2\" lang=\"en-US\" dir=\"ltr\" data-wpcf7-id=\"81337\">\n<div class=\"screen-reader-response\"><p role=\"status\" aria-live=\"polite\" aria-atomic=\"true\"><\/p> <ul><\/ul><\/div>\n<form action=\"\/br\/wp-json\/wp\/v2\/pages\/80499#wpcf7-f81337-o2\" method=\"post\" class=\"wpcf7-form init\" aria-label=\"Contact form\" enctype=\"multipart\/form-data\" novalidate=\"novalidate\" data-status=\"init\">\n<fieldset class=\"hidden-fields-container\"><input type=\"hidden\" name=\"_wpcf7\" value=\"81337\" \/><input type=\"hidden\" name=\"_wpcf7_version\" value=\"6.1.5\" \/><input type=\"hidden\" name=\"_wpcf7_locale\" value=\"en_US\" \/><input type=\"hidden\" name=\"_wpcf7_unit_tag\" value=\"wpcf7-f81337-o2\" \/><input type=\"hidden\" name=\"_wpcf7_container_post\" value=\"0\" \/><input type=\"hidden\" name=\"_wpcf7_posted_data_hash\" value=\"\" \/>\n<\/fieldset>\n<p>[simplehidden your-subject \"Candidatura a Volunt\u00e1rio\"]<br \/>\nPrimeiro nome:* <span class=\"wpcf7-form-control-wrap\" data-name=\"your-name\"><input size=\"40\" maxlength=\"400\" class=\"wpcf7-form-control wpcf7-text wpcf7-validates-as-required\" aria-required=\"true\" aria-invalid=\"false\" value=\"\" type=\"text\" name=\"your-name\" \/><\/span><br \/>\nSobrenome:* <span class=\"wpcf7-form-control-wrap\" data-name=\"your-last\"><input size=\"40\" maxlength=\"400\" class=\"wpcf7-form-control wpcf7-text wpcf7-validates-as-required\" aria-required=\"true\" aria-invalid=\"false\" value=\"\" type=\"text\" name=\"your-last\" \/><\/span><br \/>\nE-mail:* <span class=\"wpcf7-form-control-wrap\" data-name=\"your-email\"><input size=\"40\" maxlength=\"400\" class=\"wpcf7-form-control wpcf7-email wpcf7-validates-as-required wpcf7-text wpcf7-validates-as-email\" aria-required=\"true\" aria-invalid=\"false\" value=\"\" type=\"email\" name=\"your-email\" \/><\/span><br \/>\nIdade:* <span class=\"wpcf7-form-control-wrap\" data-name=\"your-age\"><input class=\"wpcf7-form-control wpcf7-number wpcf7-validates-as-required wpcf7-validates-as-number\" aria-required=\"true\" aria-invalid=\"false\" value=\"\" type=\"number\" name=\"your-age\" \/><\/span><br \/>\nPa\u00eds:* <span class=\"wpcf7-form-control-wrap\" data-name=\"your-country\"><input size=\"40\" maxlength=\"400\" class=\"wpcf7-form-control wpcf7-text wpcf7-validates-as-required\" aria-required=\"true\" aria-invalid=\"false\" value=\"\" type=\"text\" name=\"your-country\" \/><\/span><br \/>\nProfiss\u00e3o:* <span class=\"wpcf7-form-control-wrap\" data-name=\"your-profession\"><input size=\"40\" maxlength=\"400\" class=\"wpcf7-form-control wpcf7-text wpcf7-validates-as-required\" aria-required=\"true\" aria-invalid=\"false\" value=\"\" type=\"text\" name=\"your-profession\" \/><\/span>\n<\/p>\n<p>Data poss\u00edvel de chegada:* <span class=\"wpcf7-form-control-wrap\" data-name=\"date-arrival\"><input class=\"wpcf7-form-control wpcf7-date wpcf7-validates-as-required wpcf7-validates-as-date\" aria-required=\"true\" aria-invalid=\"false\" value=\"\" type=\"date\" name=\"date-arrival\" \/><\/span>\n<\/p>\n<p>Poss\u00edvel data de sa\u00edda:*&nbsp;&nbsp;&nbsp;&nbsp;&nbsp; <span class=\"wpcf7-form-control-wrap\" data-name=\"date-arrival\"><input class=\"wpcf7-form-control wpcf7-date wpcf7-validates-as-required wpcf7-validates-as-date\" aria-required=\"true\" aria-invalid=\"false\" value=\"\" type=\"date\" name=\"date-arrival\" \/><\/span>\n<\/p>\n<p>Dura\u00e7\u00e3o prevista da estadia no Rio: <span class=\"wpcf7-form-control-wrap\" data-name=\"your-stayrio\"><input size=\"40\" maxlength=\"400\" class=\"wpcf7-form-control wpcf7-text wpcf7-validates-as-required\" aria-required=\"true\" aria-invalid=\"false\" value=\"\" type=\"text\" name=\"your-stayrio\" \/><\/span><br \/>\nTipo de visto com o qual voc\u00ea est\u00e1 entrando no Brasil:* <span class=\"wpcf7-form-control-wrap\" data-name=\"your-visatype\"><input size=\"40\" maxlength=\"400\" class=\"wpcf7-form-control wpcf7-text wpcf7-validates-as-required\" aria-required=\"true\" aria-invalid=\"false\" value=\"\" type=\"text\" name=\"your-visatype\" \/><\/span><br \/>\nEm que posi\u00e7\u00e3o voc\u00ea est\u00e1 interessado:* <span class=\"wpcf7-form-control-wrap\" data-name=\"menu-782\"><select class=\"wpcf7-form-control wpcf7-select wpcf7-validates-as-required\" aria-required=\"true\" aria-invalid=\"false\" name=\"menu-782\"><option value=\"\">&#8212;Please choose an option&#8212;<\/option><option value=\"Assistente de Atividade\">Assistente de Atividade<\/option><option value=\"Fot\u00f3grafo\">Fot\u00f3grafo<\/option><option value=\"Rep\u00f3rter\">Rep\u00f3rter<\/option><option value=\"Assistente de m\u00eddia social\">Assistente de m\u00eddia social<\/option><option value=\"Cinegrafista\">Cinegrafista<\/option><option value=\"Blogueiro\">Blogueiro<\/option><option value=\"Caminhos em a\u00e7\u00e3o dia volunt\u00e1rio\">Caminhos em a\u00e7\u00e3o dia volunt\u00e1rio<\/option><option value=\"Volunt\u00e1rio s\u00e1bado da comunidade\">Volunt\u00e1rio s\u00e1bado da comunidade<\/option><option value=\"Volunt\u00e1rios externos a longo prazo\">Volunt\u00e1rios externos a longo prazo<\/option><option value=\"Volunt\u00e1rio de longo prazo\">Volunt\u00e1rio de longo prazo<\/option><option value=\"Volunt\u00e1rio do dia de recreio\">Volunt\u00e1rio do dia de recreio<\/option><option value=\"Volunt\u00e1rio Eco Caminhosr\">Volunt\u00e1rio Eco Caminhosr<\/option><\/select><\/span>\n<\/p>\n<p>Seu conjunto de habilidades:* <span class=\"wpcf7-form-control-wrap\" data-name=\"setskills\"><textarea cols=\"40\" rows=\"10\" maxlength=\"2000\" class=\"wpcf7-form-control wpcf7-textarea wpcf7-validates-as-required\" aria-required=\"true\" aria-invalid=\"false\" name=\"setskills\"><\/textarea><\/span><br \/>\nEscreva um par\u00e1grafo explicando como voc\u00ea sente que pode contribuir para a organiza\u00e7\u00e3o de Caminhos:* <span class=\"wpcf7-form-control-wrap\" data-name=\"contributecaminhos\"><textarea cols=\"40\" rows=\"10\" maxlength=\"2000\" class=\"wpcf7-form-control wpcf7-textarea wpcf7-validates-as-required\" aria-required=\"true\" aria-invalid=\"false\" name=\"contributecaminhos\"><\/textarea><\/span><br \/>\nAnexe seu CV em ZIP: <span class=\"wpcf7-form-control-wrap\" data-name=\"file-cv\"><input size=\"40\" class=\"wpcf7-form-control wpcf7-file\" accept=\"audio\/*,video\/*,image\/*\" aria-invalid=\"false\" type=\"file\" name=\"file-cv\" \/><\/span><br \/>\n<input class=\"wpcf7-form-control wpcf7-submit has-spinner\" type=\"submit\" value=\"ENVIAR\" \/>\n<\/p><div class=\"wpcf7-response-output\" aria-hidden=\"true\"><\/div>\n<\/form>\n<\/div>\n[\/vc_column_text][\/vc_column][\/vc_row]<\/p>\n<\/div>","protected":false},"excerpt":{"rendered":"<p>[vc_row][vc_column][vc_column_text] Por favor, preencha o formul\u00e1rio abaixo [\/vc_column_text][\/vc_column][\/vc_row]<\/p>\n","protected":false},"author":1,"featured_media":0,"parent":80070,"menu_order":0,"comment_status":"closed","ping_status":"closed","template":"","meta":{"footnotes":""},"class_list":["post-80499","page","type-page","status-publish","hentry"],"yoast_head":"<!-- This site is optimized with the Yoast SEO plugin v27.4 - https:\/\/yoast.com\/product\/yoast-seo-wordpress\/ -->\n<title>Candidatura a Volunt\u00e1rio - Mais Caminhos<\/title>\n<meta name=\"robots\" content=\"index, follow, max-snippet:-1, max-image-preview:large, max-video-preview:-1\" \/>\n<link rel=\"canonical\" href=\"https:\/\/maiscaminhos.org\/de\/english-volunteer-opportunities-in-rio-de-janeiro\/volunteer-application-maiscaminhos\/\" \/>\n<meta property=\"og:locale\" content=\"pt_BR\" \/>\n<meta property=\"og:type\" content=\"article\" \/>\n<meta property=\"og:title\" content=\"[:en]Volunteer Application[:br]Candidatura a Volunt\u00e1rio[:es]Solicitud de voluntario[:] - Mais Caminhos\" \/>\n<meta property=\"og:description\" content=\"[vc_row][vc_column][vc_column_text] Por favor, preencha o formul\u00e1rio abaixo [\/vc_column_text][\/vc_column][\/vc_row]\" \/>\n<meta property=\"og:url\" content=\"https:\/\/maiscaminhos.org\/de\/english-volunteer-opportunities-in-rio-de-janeiro\/volunteer-application-maiscaminhos\/\" \/>\n<meta property=\"og:site_name\" content=\"Mais Caminhos\" \/>\n<meta property=\"article:modified_time\" content=\"2019-10-02T23:16:27+00:00\" \/>\n<meta name=\"twitter:card\" content=\"summary_large_image\" \/>\n<script type=\"application\/ld+json\" class=\"yoast-schema-graph\">{\"@context\":\"https:\\\/\\\/schema.org\",\"@graph\":[{\"@type\":\"WebPage\",\"@id\":\"https:\\\/\\\/maiscaminhos.org\\\/de\\\/english-volunteer-opportunities-in-rio-de-janeiro\\\/volunteer-application-maiscaminhos\\\/\",\"url\":\"https:\\\/\\\/maiscaminhos.org\\\/de\\\/english-volunteer-opportunities-in-rio-de-janeiro\\\/volunteer-application-maiscaminhos\\\/\",\"name\":\"[:en]Volunteer Application[:br]Candidatura a Volunt\u00e1rio[:es]Solicitud de voluntario[:] - Mais Caminhos\",\"isPartOf\":{\"@id\":\"https:\\\/\\\/maiscaminhos.org\\\/#website\"},\"datePublished\":\"2019-06-26T19:09:15+00:00\",\"dateModified\":\"2019-10-02T23:16:27+00:00\",\"breadcrumb\":{\"@id\":\"https:\\\/\\\/maiscaminhos.org\\\/de\\\/english-volunteer-opportunities-in-rio-de-janeiro\\\/volunteer-application-maiscaminhos\\\/#breadcrumb\"},\"inLanguage\":\"pt-BR\",\"potentialAction\":[{\"@type\":\"ReadAction\",\"target\":[\"https:\\\/\\\/maiscaminhos.org\\\/de\\\/english-volunteer-opportunities-in-rio-de-janeiro\\\/volunteer-application-maiscaminhos\\\/\"]}]},{\"@type\":\"BreadcrumbList\",\"@id\":\"https:\\\/\\\/maiscaminhos.org\\\/de\\\/english-volunteer-opportunities-in-rio-de-janeiro\\\/volunteer-application-maiscaminhos\\\/#breadcrumb\",\"itemListElement\":[{\"@type\":\"ListItem\",\"position\":1,\"name\":\"Home\",\"item\":\"https:\\\/\\\/maiscaminhos.org\\\/\"},{\"@type\":\"ListItem\",\"position\":2,\"name\":\"Volunteer Opportunities in Rio de Janeiro\",\"item\":\"https:\\\/\\\/maiscaminhos.org\\\/volunteer-opportunities-in-rio-de-janeiro\\\/\"},{\"@type\":\"ListItem\",\"position\":3,\"name\":\"(English) Volunteer Application\"}]},{\"@type\":\"WebSite\",\"@id\":\"https:\\\/\\\/maiscaminhos.org\\\/#website\",\"url\":\"https:\\\/\\\/maiscaminhos.org\\\/\",\"name\":\"Mais Caminhos\",\"description\":\"Mais Caminhos\",\"potentialAction\":[{\"@type\":\"SearchAction\",\"target\":{\"@type\":\"EntryPoint\",\"urlTemplate\":\"https:\\\/\\\/maiscaminhos.org\\\/?s={search_term_string}\"},\"query-input\":{\"@type\":\"PropertyValueSpecification\",\"valueRequired\":true,\"valueName\":\"search_term_string\"}}],\"inLanguage\":\"pt-BR\"}]}<\/script>\n<!-- \/ Yoast SEO plugin. -->","yoast_head_json":{"title":"[:en]Volunteer Application[:br]Candidatura a Volunt\u00e1rio[:es]Solicitud de voluntario[:] - Mais Caminhos","robots":{"index":"index","follow":"follow","max-snippet":"max-snippet:-1","max-image-preview":"max-image-preview:large","max-video-preview":"max-video-preview:-1"},"canonical":"https:\/\/maiscaminhos.org\/de\/english-volunteer-opportunities-in-rio-de-janeiro\/volunteer-application-maiscaminhos\/","og_locale":"pt_BR","og_type":"article","og_title":"[:en]Volunteer Application[:br]Candidatura a Volunt\u00e1rio[:es]Solicitud de voluntario[:] - Mais Caminhos","og_description":"[vc_row][vc_column][vc_column_text] Por favor, preencha o formul\u00e1rio abaixo [\/vc_column_text][\/vc_column][\/vc_row]","og_url":"https:\/\/maiscaminhos.org\/de\/english-volunteer-opportunities-in-rio-de-janeiro\/volunteer-application-maiscaminhos\/","og_site_name":"Mais Caminhos","article_modified_time":"2019-10-02T23:16:27+00:00","twitter_card":"summary_large_image","schema":{"@context":"https:\/\/schema.org","@graph":[{"@type":"WebPage","@id":"https:\/\/maiscaminhos.org\/de\/english-volunteer-opportunities-in-rio-de-janeiro\/volunteer-application-maiscaminhos\/","url":"https:\/\/maiscaminhos.org\/de\/english-volunteer-opportunities-in-rio-de-janeiro\/volunteer-application-maiscaminhos\/","name":"[:en]Volunteer Application[:br]Candidatura a Volunt\u00e1rio[:es]Solicitud de voluntario[:] - Mais Caminhos","isPartOf":{"@id":"https:\/\/maiscaminhos.org\/#website"},"datePublished":"2019-06-26T19:09:15+00:00","dateModified":"2019-10-02T23:16:27+00:00","breadcrumb":{"@id":"https:\/\/maiscaminhos.org\/de\/english-volunteer-opportunities-in-rio-de-janeiro\/volunteer-application-maiscaminhos\/#breadcrumb"},"inLanguage":"pt-BR","potentialAction":[{"@type":"ReadAction","target":["https:\/\/maiscaminhos.org\/de\/english-volunteer-opportunities-in-rio-de-janeiro\/volunteer-application-maiscaminhos\/"]}]},{"@type":"BreadcrumbList","@id":"https:\/\/maiscaminhos.org\/de\/english-volunteer-opportunities-in-rio-de-janeiro\/volunteer-application-maiscaminhos\/#breadcrumb","itemListElement":[{"@type":"ListItem","position":1,"name":"Home","item":"https:\/\/maiscaminhos.org\/"},{"@type":"ListItem","position":2,"name":"Volunteer Opportunities in Rio de Janeiro","item":"https:\/\/maiscaminhos.org\/volunteer-opportunities-in-rio-de-janeiro\/"},{"@type":"ListItem","position":3,"name":"(English) Volunteer Application"}]},{"@type":"WebSite","@id":"https:\/\/maiscaminhos.org\/#website","url":"https:\/\/maiscaminhos.org\/","name":"Mais Caminhos","description":"Mais Caminhos","potentialAction":[{"@type":"SearchAction","target":{"@type":"EntryPoint","urlTemplate":"https:\/\/maiscaminhos.org\/?s={search_term_string}"},"query-input":{"@type":"PropertyValueSpecification","valueRequired":true,"valueName":"search_term_string"}}],"inLanguage":"pt-BR"}]}},"_links":{"self":[{"href":"https:\/\/maiscaminhos.org\/br\/wp-json\/wp\/v2\/pages\/80499","targetHints":{"allow":["GET"]}}],"collection":[{"href":"https:\/\/maiscaminhos.org\/br\/wp-json\/wp\/v2\/pages"}],"about":[{"href":"https:\/\/maiscaminhos.org\/br\/wp-json\/wp\/v2\/types\/page"}],"author":[{"embeddable":true,"href":"https:\/\/maiscaminhos.org\/br\/wp-json\/wp\/v2\/users\/1"}],"replies":[{"embeddable":true,"href":"https:\/\/maiscaminhos.org\/br\/wp-json\/wp\/v2\/comments?post=80499"}],"version-history":[{"count":8,"href":"https:\/\/maiscaminhos.org\/br\/wp-json\/wp\/v2\/pages\/80499\/revisions"}],"predecessor-version":[{"id":81338,"href":"https:\/\/maiscaminhos.org\/br\/wp-json\/wp\/v2\/pages\/80499\/revisions\/81338"}],"up":[{"embeddable":true,"href":"https:\/\/maiscaminhos.org\/br\/wp-json\/wp\/v2\/pages\/80070"}],"wp:attachment":[{"href":"https:\/\/maiscaminhos.org\/br\/wp-json\/wp\/v2\/media?parent=80499"}],"curies":[{"name":"wp","href":"https:\/\/api.w.org\/{rel}","templated":true}]}}