{"id":80486,"date":"2019-06-26T18:58:38","date_gmt":"2019-06-26T18:58:38","guid":{"rendered":"https:\/\/maiscaminhos.org\/?page_id=80486"},"modified":"2019-10-31T17:04:23","modified_gmt":"2019-10-31T17:04:23","slug":"volunteer-opportunities-in-brazil","status":"publish","type":"page","link":"https:\/\/maiscaminhos.org\/br\/oportunidades-voluntarias-no-rio-de-janeiro-mais-caminhos\/volunteering-short-term-mais-caminhos\/","title":{"rendered":"Oportunidades de voluntariado de curto prazo no Brasil"},"content":{"rendered":"<div class=\"wpb-content-wrapper\"><p>[vc_row][vc_column][vc_empty_space height=&#8221;70px&#8221;][vc_column_text el_class=&#8221;h2_internal h3_internal&#8221;]<\/p>\n<h2 style=\"text-align: justify;\">Oportunidades de Volunt\u00e1rio de Curto Prazo no Brasil<\/h2>\n<p>Tornar-se volunt\u00e1rio \u00e9 uma oportunidade perfeita para aqueles que est\u00e3o procurando por uma mudan\u00e7a significativa em suas vidas. Precisamos de indiv\u00edduos motivados, com esp\u00edrito de equipe, procurando por oportunidades de tornarem-se volunt\u00e1rios no Brasil. Apoiar a causa humanit\u00e1ria da Mais Caminhos contribuindo de uma forma carinhosa e am\u00e1vel para com as crian\u00e7as desprivilegiadas do nosso programa, das comunidades Cantagalo e Pav\u00e3o-Pav\u00e3ozinho. Ajudar a organiza\u00e7\u00e3o Mais Caminhos a crescer, fazendo parte dessa oportunidade de voluntariado gratuito no Rio de Janeiro. As posi\u00e7\u00f5es s\u00e3o para indiv\u00edduos planejando ficar 6 meses ou menos.<\/p>\n<h3>Cargos existentes para Volunt\u00e1rio de Curto Prazo no Rio de Janeiro<\/h3>\n<p>[\/vc_column_text][\/vc_column][\/vc_row][vc_row][vc_column width=&#8221;2\/3&#8243;][vc_tta_accordion style=&#8221;modern&#8221; shape=&#8221;square&#8221; color=&#8221;juicy-pink&#8221; active_section=&#8221;10&#8243; collapsible_all=&#8221;true&#8221;][vc_tta_section title=&#8221;Caminhos Em A\u00e7\u00e3o&#8221; tab_id=&#8221;1561575331144-7e3f48fe-4f18&#8243;][vc_column_text]<\/p>\n<h3 class=\"title\">Caminhos Em A\u00e7\u00e3o<\/h3>\n<p style=\"text-align: justify;\">Caminhos In Action (C.I.A.) (Caminhos em A\u00e7\u00e3o), \u00e9 realizado em um dia no m\u00eas, no qual os estudantes podem participar de diferentes projetos sociais, ajudando comunidades pr\u00f3ximas e pessoas que necessitam. Todo m\u00eas organizamos uma atividade C.I.A, como pintar casas, limpar as ruas, ou ajudar a construir casas e jardins na comunidade local. Perto do Natal e P\u00e1scoa, tamb\u00e9m promovemos eventos especiais para crian\u00e7as que moram nas comunidades que ajudamos.<\/p>\n<p><strong>Extens\u00e3o da tarefa:<\/strong>\u00a0Tipicamente 1 dia.<\/p>\n<p><strong>Comprometimento de hor\u00e1rio:<\/strong>\u00a0de 4 a 8 horas.<\/p>\n<p><strong>Qualifica\u00e7\u00f5es:<\/strong> Amig\u00e1vel, calmo, entusiasmado e ansioso por participar.[\/vc_column_text][\/vc_tta_section][vc_tta_section title=&#8221;Designer Gr\u00e1fico&#8221; tab_id=&#8221;1561575331162-6652d86d-92dd&#8221;][vc_column_text]<\/p>\n<p style=\"text-align: justify;\"><strong>Prop\u00f3sito:<\/strong>\u00a0Oportunidades de se voluntariar no Brasil para apoiar a causa da Mais Caminhos, desta forma, contribuindo de uma forma carinhosa e am\u00e1vel para com as crian\u00e7as desprivilegiadas em nosso programa das comunidades Pav\u00e3o-pav\u00e3ozinho e Cantagalo.<\/p>\n<p style=\"text-align: justify;\"><strong>Responsabilidades:<\/strong>\u00a0Cuidar de nossa identidade visual. Empreendedores de branding, bem vindos!<\/p>\n<p style=\"text-align: justify;\"><strong>Reportar-se a:<\/strong>\u00a0Gerente da Mais Caminhos<\/p>\n<p style=\"text-align: justify;\"><strong>Extens\u00e3o da tarefa:<\/strong>\u00a0As tarefas variam dependendo dos trabalhos volunt\u00e1rios. Tipicamente, necessitamos de um a quatro dias por semana, por um per\u00edodo de uma semana a seis meses.<\/p>\n<p style=\"text-align: justify;\"><strong>Comprometimento de hor\u00e1rio:<\/strong>\u00a0Dependendo do trabalho volunt\u00e1rio, um a quatro dias por semana. (Segunda \u00e0 Quinta)<\/p>\n<p style=\"text-align: justify;\"><strong>Qualifica\u00e7\u00f5es:<\/strong>\u00a0Dependendo do trabalho volunt\u00e1rio, podemos necessitar de uma pessoa com n\u00edvel intermedi\u00e1rio de portugu\u00eas. De prefer\u00eancia, pessoas com experi\u00eancia em trabalho volunt\u00e1rio.<\/p>\n<p>[\/vc_column_text][\/vc_tta_section][vc_tta_section title=&#8221;Editor de Foto e V\u00eddeo&#8221; tab_id=&#8221;1561575449003-dbad7f2d-f452&#8243;][vc_column_text]<\/p>\n<h3 class=\"title\" style=\"text-align: justify;\">Editor de Foto e V\u00eddeo<\/h3>\n<div class=\"introtext\">\n<p style=\"text-align: justify;\"><strong>Prop\u00f3sito:<\/strong>\u00a0Oportunidades de se voluntariar no Brasil para apoiar a causa da Mais Caminhos, desta forma, contribuindo de uma forma carinhosa e am\u00e1vel para com as crian\u00e7as desprivilegiadas em nosso programa das comunidades Pav\u00e3o-pav\u00e3ozinho e Cantagalo.<\/p>\n<p style=\"text-align: justify;\"><strong>Responsabilidades:<\/strong>\u00a0Cuidar de nossa identidade visual. Empreendedores de branding, bem vindos!<\/p>\n<p style=\"text-align: justify;\"><strong>Reportar-se a:<\/strong>\u00a0Gerente da Mais Caminhos<\/p>\n<p style=\"text-align: justify;\"><strong>Extens\u00e3o da tarefa:<\/strong>\u00a0As tarefas variam dependendo dos trabalhos volunt\u00e1rios. Tipicamente, necessitamos de um a quatro dias por semana, por um per\u00edodo de uma semana a seis meses.<\/p>\n<p style=\"text-align: justify;\"><strong>Comprometimento de hor\u00e1rio:<\/strong>\u00a0Dependendo do trabalho volunt\u00e1rio, um a quatro dias por semana. (Segunda \u00e0 Quinta)<\/p>\n<p style=\"text-align: justify;\"><strong>Qualifica\u00e7\u00f5es:<\/strong>\u00a0Dependendo do trabalho volunt\u00e1rio, podemos necessitar de uma pessoa com n\u00edvel intermedi\u00e1rio de portugu\u00eas. De prefer\u00eancia, pessoas com experi\u00eancia em trabalho volunt\u00e1rio.<\/p>\n<\/div>\n<p>[\/vc_column_text][\/vc_tta_section][\/vc_tta_accordion][\/vc_column][vc_column width=&#8221;1\/3&#8243;][\/vc_column][\/vc_row][vc_row][vc_column][vc_btn title=&#8221;INCREVA-SE&#8221; color=&#8221;warning&#8221; size=&#8221;lg&#8221; link=&#8221;url:https%3A%2F%2Fmaiscaminhos.org%2Fbr%2Fsobre-nos%2Fmais-caminhos-projeto-social%2Foportunidades-voluntarias-no-rio-de-janeiro-mais-caminhos%2Fvolunteer-application-maiscaminhos%2F|||&#8221;][\/vc_column][\/vc_row]<\/p>\n<\/div>","protected":false},"excerpt":{"rendered":"<p>[vc_row][vc_column][vc_empty_space height=&#8221;70px&#8221;][vc_column_text el_class=&#8221;h2_internal h3_internal&#8221;] Oportunidades de Volunt\u00e1rio de Curto Prazo no Brasil Tornar-se volunt\u00e1rio \u00e9 uma oportunidade perfeita para aqueles que est\u00e3o procurando por uma mudan\u00e7a significativa em suas vidas. Precisamos de indiv\u00edduos motivados, com esp\u00edrito de equipe, procurando por oportunidades de tornarem-se volunt\u00e1rios no Brasil. Apoiar a causa humanit\u00e1ria da Mais Caminhos contribuindo de [&hellip;]<\/p>\n","protected":false},"author":1,"featured_media":0,"parent":80070,"menu_order":0,"comment_status":"closed","ping_status":"closed","template":"","meta":{"footnotes":""},"class_list":["post-80486","page","type-page","status-publish","hentry"],"yoast_head":"<!-- This site is optimized with the Yoast SEO plugin v27.5 - https:\/\/yoast.com\/product\/yoast-seo-wordpress\/ -->\n<title>Oportunidades de voluntariado de curto prazo no Brasil - Mais Caminhos<\/title>\n<meta name=\"robots\" content=\"index, follow, max-snippet:-1, max-image-preview:large, max-video-preview:-1\" \/>\n<link rel=\"canonical\" href=\"https:\/\/maiscaminhos.org\/fr\/english-volunteer-opportunities-in-rio-de-janeiro\/volunteering-short-term-mais-caminhos\/\" \/>\n<meta property=\"og:locale\" content=\"pt_BR\" \/>\n<meta property=\"og:type\" content=\"article\" \/>\n<meta property=\"og:title\" content=\"[:en]Short-Term Volunteer Opportunities In Brazil[:br]Oportunidades de voluntariado de curto prazo no Brasil[:es]Oportunidades de voluntariado a corto plazo en Brasil[:] - Mais Caminhos\" \/>\n<meta property=\"og:description\" content=\"[vc_row][vc_column][vc_empty_space height=&#8221;70px&#8221;][vc_column_text el_class=&#8221;h2_internal h3_internal&#8221;] Oportunidades de Volunt\u00e1rio de Curto Prazo no Brasil Tornar-se volunt\u00e1rio \u00e9 uma oportunidade perfeita para aqueles que est\u00e3o procurando por uma mudan\u00e7a significativa em suas vidas. Precisamos de indiv\u00edduos motivados, com esp\u00edrito de equipe, procurando por oportunidades de tornarem-se volunt\u00e1rios no Brasil. Apoiar a causa humanit\u00e1ria da Mais Caminhos contribuindo de [&hellip;]\" \/>\n<meta property=\"og:url\" content=\"https:\/\/maiscaminhos.org\/fr\/english-volunteer-opportunities-in-rio-de-janeiro\/volunteering-short-term-mais-caminhos\/\" \/>\n<meta property=\"og:site_name\" content=\"Mais Caminhos\" \/>\n<meta property=\"article:modified_time\" content=\"2019-10-31T17:04:23+00:00\" \/>\n<meta name=\"twitter:card\" content=\"summary_large_image\" \/>\n<meta name=\"twitter:label1\" content=\"Est. tempo de leitura\" \/>\n\t<meta name=\"twitter:data1\" content=\"9 minutos\" \/>\n<script type=\"application\/ld+json\" class=\"yoast-schema-graph\">{\"@context\":\"https:\\\/\\\/schema.org\",\"@graph\":[{\"@type\":\"WebPage\",\"@id\":\"https:\\\/\\\/maiscaminhos.org\\\/fr\\\/english-volunteer-opportunities-in-rio-de-janeiro\\\/volunteering-short-term-mais-caminhos\\\/\",\"url\":\"https:\\\/\\\/maiscaminhos.org\\\/fr\\\/english-volunteer-opportunities-in-rio-de-janeiro\\\/volunteering-short-term-mais-caminhos\\\/\",\"name\":\"[:en]Short-Term Volunteer Opportunities In Brazil[:br]Oportunidades de voluntariado de curto prazo no Brasil[:es]Oportunidades de voluntariado a corto plazo en Brasil[:] - Mais Caminhos\",\"isPartOf\":{\"@id\":\"https:\\\/\\\/maiscaminhos.org\\\/#website\"},\"datePublished\":\"2019-06-26T18:58:38+00:00\",\"dateModified\":\"2019-10-31T17:04:23+00:00\",\"breadcrumb\":{\"@id\":\"https:\\\/\\\/maiscaminhos.org\\\/fr\\\/english-volunteer-opportunities-in-rio-de-janeiro\\\/volunteering-short-term-mais-caminhos\\\/#breadcrumb\"},\"inLanguage\":\"pt-BR\",\"potentialAction\":[{\"@type\":\"ReadAction\",\"target\":[\"https:\\\/\\\/maiscaminhos.org\\\/fr\\\/english-volunteer-opportunities-in-rio-de-janeiro\\\/volunteering-short-term-mais-caminhos\\\/\"]}]},{\"@type\":\"BreadcrumbList\",\"@id\":\"https:\\\/\\\/maiscaminhos.org\\\/fr\\\/english-volunteer-opportunities-in-rio-de-janeiro\\\/volunteering-short-term-mais-caminhos\\\/#breadcrumb\",\"itemListElement\":[{\"@type\":\"ListItem\",\"position\":1,\"name\":\"Home\",\"item\":\"https:\\\/\\\/maiscaminhos.org\\\/\"},{\"@type\":\"ListItem\",\"position\":2,\"name\":\"Volunteer Opportunities in Rio de Janeiro\",\"item\":\"https:\\\/\\\/maiscaminhos.org\\\/volunteer-opportunities-in-rio-de-janeiro\\\/\"},{\"@type\":\"ListItem\",\"position\":3,\"name\":\"(English) Short-Term Volunteer Opportunities In Brazil\"}]},{\"@type\":\"WebSite\",\"@id\":\"https:\\\/\\\/maiscaminhos.org\\\/#website\",\"url\":\"https:\\\/\\\/maiscaminhos.org\\\/\",\"name\":\"Mais Caminhos\",\"description\":\"Mais Caminhos\",\"potentialAction\":[{\"@type\":\"SearchAction\",\"target\":{\"@type\":\"EntryPoint\",\"urlTemplate\":\"https:\\\/\\\/maiscaminhos.org\\\/?s={search_term_string}\"},\"query-input\":{\"@type\":\"PropertyValueSpecification\",\"valueRequired\":true,\"valueName\":\"search_term_string\"}}],\"inLanguage\":\"pt-BR\"}]}<\/script>\n<!-- \/ Yoast SEO plugin. -->","yoast_head_json":{"title":"[:en]Short-Term Volunteer Opportunities In Brazil[:br]Oportunidades de voluntariado de curto prazo no Brasil[:es]Oportunidades de voluntariado a corto plazo en Brasil[:] - Mais Caminhos","robots":{"index":"index","follow":"follow","max-snippet":"max-snippet:-1","max-image-preview":"max-image-preview:large","max-video-preview":"max-video-preview:-1"},"canonical":"https:\/\/maiscaminhos.org\/fr\/english-volunteer-opportunities-in-rio-de-janeiro\/volunteering-short-term-mais-caminhos\/","og_locale":"pt_BR","og_type":"article","og_title":"[:en]Short-Term Volunteer Opportunities In Brazil[:br]Oportunidades de voluntariado de curto prazo no Brasil[:es]Oportunidades de voluntariado a corto plazo en Brasil[:] - Mais Caminhos","og_description":"[vc_row][vc_column][vc_empty_space height=&#8221;70px&#8221;][vc_column_text el_class=&#8221;h2_internal h3_internal&#8221;] Oportunidades de Volunt\u00e1rio de Curto Prazo no Brasil Tornar-se volunt\u00e1rio \u00e9 uma oportunidade perfeita para aqueles que est\u00e3o procurando por uma mudan\u00e7a significativa em suas vidas. Precisamos de indiv\u00edduos motivados, com esp\u00edrito de equipe, procurando por oportunidades de tornarem-se volunt\u00e1rios no Brasil. Apoiar a causa humanit\u00e1ria da Mais Caminhos contribuindo de [&hellip;]","og_url":"https:\/\/maiscaminhos.org\/fr\/english-volunteer-opportunities-in-rio-de-janeiro\/volunteering-short-term-mais-caminhos\/","og_site_name":"Mais Caminhos","article_modified_time":"2019-10-31T17:04:23+00:00","twitter_card":"summary_large_image","twitter_misc":{"Est. tempo de leitura":"9 minutos"},"schema":{"@context":"https:\/\/schema.org","@graph":[{"@type":"WebPage","@id":"https:\/\/maiscaminhos.org\/fr\/english-volunteer-opportunities-in-rio-de-janeiro\/volunteering-short-term-mais-caminhos\/","url":"https:\/\/maiscaminhos.org\/fr\/english-volunteer-opportunities-in-rio-de-janeiro\/volunteering-short-term-mais-caminhos\/","name":"[:en]Short-Term Volunteer Opportunities In Brazil[:br]Oportunidades de voluntariado de curto prazo no Brasil[:es]Oportunidades de voluntariado a corto plazo en Brasil[:] - Mais Caminhos","isPartOf":{"@id":"https:\/\/maiscaminhos.org\/#website"},"datePublished":"2019-06-26T18:58:38+00:00","dateModified":"2019-10-31T17:04:23+00:00","breadcrumb":{"@id":"https:\/\/maiscaminhos.org\/fr\/english-volunteer-opportunities-in-rio-de-janeiro\/volunteering-short-term-mais-caminhos\/#breadcrumb"},"inLanguage":"pt-BR","potentialAction":[{"@type":"ReadAction","target":["https:\/\/maiscaminhos.org\/fr\/english-volunteer-opportunities-in-rio-de-janeiro\/volunteering-short-term-mais-caminhos\/"]}]},{"@type":"BreadcrumbList","@id":"https:\/\/maiscaminhos.org\/fr\/english-volunteer-opportunities-in-rio-de-janeiro\/volunteering-short-term-mais-caminhos\/#breadcrumb","itemListElement":[{"@type":"ListItem","position":1,"name":"Home","item":"https:\/\/maiscaminhos.org\/"},{"@type":"ListItem","position":2,"name":"Volunteer Opportunities in Rio de Janeiro","item":"https:\/\/maiscaminhos.org\/volunteer-opportunities-in-rio-de-janeiro\/"},{"@type":"ListItem","position":3,"name":"(English) Short-Term Volunteer Opportunities In Brazil"}]},{"@type":"WebSite","@id":"https:\/\/maiscaminhos.org\/#website","url":"https:\/\/maiscaminhos.org\/","name":"Mais Caminhos","description":"Mais Caminhos","potentialAction":[{"@type":"SearchAction","target":{"@type":"EntryPoint","urlTemplate":"https:\/\/maiscaminhos.org\/?s={search_term_string}"},"query-input":{"@type":"PropertyValueSpecification","valueRequired":true,"valueName":"search_term_string"}}],"inLanguage":"pt-BR"}]}},"_links":{"self":[{"href":"https:\/\/maiscaminhos.org\/br\/wp-json\/wp\/v2\/pages\/80486","targetHints":{"allow":["GET"]}}],"collection":[{"href":"https:\/\/maiscaminhos.org\/br\/wp-json\/wp\/v2\/pages"}],"about":[{"href":"https:\/\/maiscaminhos.org\/br\/wp-json\/wp\/v2\/types\/page"}],"author":[{"embeddable":true,"href":"https:\/\/maiscaminhos.org\/br\/wp-json\/wp\/v2\/users\/1"}],"replies":[{"embeddable":true,"href":"https:\/\/maiscaminhos.org\/br\/wp-json\/wp\/v2\/comments?post=80486"}],"version-history":[{"count":19,"href":"https:\/\/maiscaminhos.org\/br\/wp-json\/wp\/v2\/pages\/80486\/revisions"}],"predecessor-version":[{"id":81489,"href":"https:\/\/maiscaminhos.org\/br\/wp-json\/wp\/v2\/pages\/80486\/revisions\/81489"}],"up":[{"embeddable":true,"href":"https:\/\/maiscaminhos.org\/br\/wp-json\/wp\/v2\/pages\/80070"}],"wp:attachment":[{"href":"https:\/\/maiscaminhos.org\/br\/wp-json\/wp\/v2\/media?parent=80486"}],"curies":[{"name":"wp","href":"https:\/\/api.w.org\/{rel}","templated":true}]}}