{"id":80477,"date":"2019-06-26T18:43:45","date_gmt":"2019-06-26T18:43:45","guid":{"rendered":"https:\/\/maiscaminhos.org\/?page_id=80477"},"modified":"2025-05-22T14:33:01","modified_gmt":"2025-05-22T14:33:01","slug":"our-achievements","status":"publish","type":"page","link":"https:\/\/maiscaminhos.org\/br\/o-que-fazemos\/nossas-realizacoes-mais-caminhos-2\/","title":{"rendered":"Nossas realiza\u00e7\u00f5es"},"content":{"rendered":"<div class=\"wpb-content-wrapper\"><p>[vc_row][vc_column][vc_empty_space height=&#8221;70px&#8221;][vc_column_text el_class=&#8221;h2_internal h3_internal&#8221;]<\/p>\n<h2 style=\"text-align: center;\">Nossas Realiza\u00e7\u00f5es<\/h2>\n<p style=\"text-align: center;\"><span style=\"font-weight: 400;\">Clique nas imagens abaixo para ver nossos Relat\u00f3rios Anuais.<\/span><\/p>\n<p>[\/vc_column_text][\/vc_column][\/vc_row][vc_row][vc_column width=&#8221;1\/4&#8243;][vc_column_text el_class=&#8221;h2_internal h3_internal&#8221;]<a href=\"https:\/\/maiscaminhos.org\/wp-content\/uploads\/2015\/02\/mais-caminhos-2016-annual-report.pdf\"><img loading=\"lazy\" decoding=\"async\" class=\"aligncenter wp-image-81296\" src=\"https:\/\/maiscaminhos.org\/wp-content\/uploads\/2019\/10\/mais-caminhos-annual-report-2016.jpg\" alt=\"\" width=\"200\" height=\"200\" srcset=\"https:\/\/maiscaminhos.org\/wp-content\/uploads\/2019\/10\/mais-caminhos-annual-report-2016.jpg 400w, https:\/\/maiscaminhos.org\/wp-content\/uploads\/2019\/10\/mais-caminhos-annual-report-2016-150x150.jpg 150w, https:\/\/maiscaminhos.org\/wp-content\/uploads\/2019\/10\/mais-caminhos-annual-report-2016-300x300.jpg 300w, https:\/\/maiscaminhos.org\/wp-content\/uploads\/2019\/10\/mais-caminhos-annual-report-2016-129x129.jpg 129w, https:\/\/maiscaminhos.org\/wp-content\/uploads\/2019\/10\/mais-caminhos-annual-report-2016-75x75.jpg 75w, https:\/\/maiscaminhos.org\/wp-content\/uploads\/2019\/10\/mais-caminhos-annual-report-2016-69x69.jpg 69w, https:\/\/maiscaminhos.org\/wp-content\/uploads\/2019\/10\/mais-caminhos-annual-report-2016-50x50.jpg 50w\" sizes=\"auto, (max-width: 200px) 100vw, 200px\" \/><\/a>[\/vc_column_text][\/vc_column][vc_column width=&#8221;1\/4&#8243;][vc_column_text el_class=&#8221;h2_internal h3_internal&#8221;]<a href=\"https:\/\/maiscaminhos.org\/wp-content\/uploads\/2019\/05\/Mais-Caminhos-Annual-Report-2017-EN.pdf\"><img loading=\"lazy\" decoding=\"async\" class=\"aligncenter wp-image-81296\" src=\"https:\/\/maiscaminhos.org\/wp-content\/uploads\/2019\/10\/mais-caminhos-annual-report-2017.jpg\" alt=\"\" width=\"200\" height=\"200\" \/><\/a>[\/vc_column_text][\/vc_column][vc_column width=&#8221;1\/4&#8243;][vc_column_text el_class=&#8221;h2_internal h3_internal&#8221;]<a href=\"https:\/\/maiscaminhos.org\/wp-content\/uploads\/2019\/05\/Mais-Caminhos-Annual-Report-2018-online-EN.pdf\"><img loading=\"lazy\" decoding=\"async\" class=\"aligncenter wp-image-81296\" src=\"https:\/\/maiscaminhos.org\/wp-content\/uploads\/2019\/10\/mais-caminhos-annual-report-2018.jpg\" alt=\"\" width=\"200\" height=\"200\" \/><\/a>[\/vc_column_text][\/vc_column][vc_column width=&#8221;1\/4&#8243;][vc_column_text el_class=&#8221;h2_internal h3_internal&#8221;]<a href=\"https:\/\/maiscaminhos.org\/wp-content\/uploads\/2020\/05\/annual-report-2019-EN.pdf\"><img loading=\"lazy\" decoding=\"async\" class=\"aligncenter wp-image-81296\" src=\"https:\/\/maiscaminhos.org\/wp-content\/uploads\/2020\/05\/mais-caminhos-annual-report-2019.jpg\" alt=\"\" width=\"200\" height=\"200\" \/><\/a>[\/vc_column_text][\/vc_column][\/vc_row][vc_row][vc_column width=&#8221;1\/4&#8243;][vc_column_text el_class=&#8221;h2_internal h3_internal&#8221;]<a href=\"https:\/\/maiscaminhos.org\/wp-content\/uploads\/2021\/04\/Mais-Caminhos-annual-report-2020-EN.pdf\"><img loading=\"lazy\" decoding=\"async\" class=\"aligncenter wp-image-81296\" src=\"https:\/\/maiscaminhos.org\/wp-content\/uploads\/2021\/04\/mais-caminhos-annual-report-2020.jpg\" alt=\"\" width=\"200\" height=\"200\" \/><\/a>[\/vc_column_text][\/vc_column][vc_column width=&#8221;1\/4&#8243;][vc_column_text el_class=&#8221;h2_internal h3_internal&#8221;]<a href=\"http:\/\/maiscaminhos.org\/wp-content\/uploads\/2022\/05\/Mais-Caminhos-Annual-Report-2021.pdf\"><img loading=\"lazy\" decoding=\"async\" class=\"aligncenter wp-image-81296\" src=\"http:\/\/maiscaminhos.org\/wp-content\/uploads\/2022\/05\/mais-caminhos-annual-report-2021.jpg\" alt=\"\" width=\"200\" height=\"200\" \/><\/a>[\/vc_column_text][\/vc_column][vc_column width=&#8221;1\/4&#8243;][vc_column_text el_class=&#8221;h2_internal h3_internal&#8221;]<a href=\"http:\/\/maiscaminhos.org\/wp-content\/uploads\/2023\/05\/mais-caminhos-annual-report-2022.png\"><img loading=\"lazy\" decoding=\"async\" class=\"aligncenter wp-image-81296\" src=\"http:\/\/maiscaminhos.org\/wp-content\/uploads\/2023\/05\/mais-caminhos-annual-report-2022.jpg\" alt=\"\" width=\"200\" height=\"200\" \/><\/a>[\/vc_column_text][\/vc_column][vc_column width=&#8221;1\/4&#8243;][vc_column_text el_class=&#8221;h2_internal h3_internal&#8221;]<a href=\"https:\/\/maiscaminhos.org\/wp-content\/uploads\/2024\/05\/mais-caminhos-a_62919902.pdf\"><img loading=\"lazy\" decoding=\"async\" class=\"aligncenter wp-image-81296\" src=\"https:\/\/maiscaminhos.org\/wp-content\/uploads\/2024\/07\/annual-report-mais-caminhos-button.jpg\" alt=\"\" width=\"200\" height=\"200\" \/><\/a>[\/vc_column_text][\/vc_column][\/vc_row][vc_row][vc_column width=&#8221;1\/4&#8243;][vc_column_text css=&#8221;&#8221; el_class=&#8221;h2_internal h3_internal&#8221;]<a href=\"https:\/\/maiscaminhos.org\/wp-content\/uploads\/2025\/05\/MAIS-CAMINHOS-ANNUAL-REVIEW-2024-ENG-2.pdf\"><img loading=\"lazy\" decoding=\"async\" class=\"aligncenter wp-image-81296\" src=\"https:\/\/maiscaminhos.org\/wp-content\/uploads\/2025\/05\/Mais-Caminhos-2024-Report-.jpg\" alt=\"\" width=\"200\" height=\"200\" \/><\/a>[\/vc_column_text][\/vc_column][\/vc_row]<\/p>\n<\/div>","protected":false},"excerpt":{"rendered":"<p>[vc_row][vc_column][vc_empty_space height=&#8221;70px&#8221;][vc_column_text el_class=&#8221;h2_internal h3_internal&#8221;] Nossas Realiza\u00e7\u00f5es Clique nas imagens abaixo para ver nossos Relat\u00f3rios Anuais. [\/vc_column_text][\/vc_column][\/vc_row][vc_row][vc_column width=&#8221;1\/4&#8243;][vc_column_text el_class=&#8221;h2_internal h3_internal&#8221;][\/vc_column_text][\/vc_column][vc_column width=&#8221;1\/4&#8243;][vc_column_text el_class=&#8221;h2_internal h3_internal&#8221;][\/vc_column_text][\/vc_column][vc_column width=&#8221;1\/4&#8243;][vc_column_text el_class=&#8221;h2_internal h3_internal&#8221;][\/vc_column_text][\/vc_column][vc_column width=&#8221;1\/4&#8243;][vc_column_text el_class=&#8221;h2_internal h3_internal&#8221;][\/vc_column_text][\/vc_column][\/vc_row][vc_row][vc_column width=&#8221;1\/4&#8243;][vc_column_text el_class=&#8221;h2_internal h3_internal&#8221;][\/vc_column_text][\/vc_column][vc_column width=&#8221;1\/4&#8243;][vc_column_text el_class=&#8221;h2_internal h3_internal&#8221;][\/vc_column_text][\/vc_column][vc_column width=&#8221;1\/4&#8243;][vc_column_text el_class=&#8221;h2_internal h3_internal&#8221;][\/vc_column_text][\/vc_column][vc_column width=&#8221;1\/4&#8243;][vc_column_text el_class=&#8221;h2_internal h3_internal&#8221;][\/vc_column_text][\/vc_column][\/vc_row][vc_row][vc_column width=&#8221;1\/4&#8243;][vc_column_text css=&#8221;&#8221; el_class=&#8221;h2_internal h3_internal&#8221;][\/vc_column_text][\/vc_column][\/vc_row]<\/p>\n","protected":false},"author":1,"featured_media":0,"parent":80067,"menu_order":0,"comment_status":"closed","ping_status":"closed","template":"","meta":{"footnotes":""},"class_list":["post-80477","page","type-page","status-publish","hentry"],"yoast_head":"<!-- This site is optimized with the Yoast SEO plugin v27.4 - https:\/\/yoast.com\/product\/yoast-seo-wordpress\/ -->\n<title>Nossas realiza\u00e7\u00f5es - Mais Caminhos<\/title>\n<meta name=\"robots\" content=\"index, follow, max-snippet:-1, max-image-preview:large, max-video-preview:-1\" \/>\n<link rel=\"canonical\" href=\"https:\/\/maiscaminhos.org\/what-we-do\/our-achievements-mais-caminhos-2\/\" \/>\n<meta property=\"og:locale\" content=\"pt_BR\" \/>\n<meta property=\"og:type\" content=\"article\" \/>\n<meta property=\"og:title\" content=\"[:en]Achievements[:br]Nossas realiza\u00e7\u00f5es[:es]Nuestros logros[:] - Mais Caminhos\" \/>\n<meta property=\"og:description\" content=\"[vc_row][vc_column][vc_empty_space height=&#8221;70px&#8221;][vc_column_text el_class=&#8221;h2_internal h3_internal&#8221;] Nossas Realiza\u00e7\u00f5es Clique nas imagens abaixo para ver nossos Relat\u00f3rios Anuais. [\/vc_column_text][\/vc_column][\/vc_row][vc_row][vc_column width=&#8221;1\/4&#8243;][vc_column_text el_class=&#8221;h2_internal h3_internal&#8221;][\/vc_column_text][\/vc_column][vc_column width=&#8221;1\/4&#8243;][vc_column_text el_class=&#8221;h2_internal h3_internal&#8221;][\/vc_column_text][\/vc_column][vc_column width=&#8221;1\/4&#8243;][vc_column_text el_class=&#8221;h2_internal h3_internal&#8221;][\/vc_column_text][\/vc_column][vc_column width=&#8221;1\/4&#8243;][vc_column_text el_class=&#8221;h2_internal h3_internal&#8221;][\/vc_column_text][\/vc_column][\/vc_row][vc_row][vc_column width=&#8221;1\/4&#8243;][vc_column_text el_class=&#8221;h2_internal h3_internal&#8221;][\/vc_column_text][\/vc_column][vc_column width=&#8221;1\/4&#8243;][vc_column_text el_class=&#8221;h2_internal h3_internal&#8221;][\/vc_column_text][\/vc_column][vc_column width=&#8221;1\/4&#8243;][vc_column_text el_class=&#8221;h2_internal h3_internal&#8221;][\/vc_column_text][\/vc_column][vc_column width=&#8221;1\/4&#8243;][vc_column_text el_class=&#8221;h2_internal h3_internal&#8221;][\/vc_column_text][\/vc_column][\/vc_row][vc_row][vc_column width=&#8221;1\/4&#8243;][vc_column_text css=&#8221;&#8221; el_class=&#8221;h2_internal h3_internal&#8221;][\/vc_column_text][\/vc_column][\/vc_row]\" \/>\n<meta property=\"og:url\" content=\"https:\/\/maiscaminhos.org\/what-we-do\/our-achievements-mais-caminhos-2\/\" \/>\n<meta property=\"og:site_name\" content=\"Mais Caminhos\" \/>\n<meta property=\"article:modified_time\" content=\"2025-05-22T14:33:01+00:00\" \/>\n<meta property=\"og:image\" content=\"https:\/\/maiscaminhos.org\/wp-content\/uploads\/2019\/10\/mais-caminhos-annual-report-2016.jpg\" \/>\n\t<meta property=\"og:image:width\" content=\"400\" \/>\n\t<meta property=\"og:image:height\" content=\"400\" \/>\n\t<meta property=\"og:image:type\" content=\"image\/jpeg\" \/>\n<meta name=\"twitter:card\" content=\"summary_large_image\" \/>\n<meta name=\"twitter:label1\" content=\"Est. tempo de leitura\" \/>\n\t<meta name=\"twitter:data1\" content=\"3 minutos\" \/>\n<script type=\"application\/ld+json\" class=\"yoast-schema-graph\">{\"@context\":\"https:\\\/\\\/schema.org\",\"@graph\":[{\"@type\":\"WebPage\",\"@id\":\"https:\\\/\\\/maiscaminhos.org\\\/what-we-do\\\/our-achievements-mais-caminhos-2\\\/\",\"url\":\"https:\\\/\\\/maiscaminhos.org\\\/what-we-do\\\/our-achievements-mais-caminhos-2\\\/\",\"name\":\"[:en]Achievements[:br]Nossas realiza\u00e7\u00f5es[:es]Nuestros logros[:] - Mais Caminhos\",\"isPartOf\":{\"@id\":\"https:\\\/\\\/maiscaminhos.org\\\/#website\"},\"primaryImageOfPage\":{\"@id\":\"https:\\\/\\\/maiscaminhos.org\\\/what-we-do\\\/our-achievements-mais-caminhos-2\\\/#primaryimage\"},\"image\":{\"@id\":\"https:\\\/\\\/maiscaminhos.org\\\/what-we-do\\\/our-achievements-mais-caminhos-2\\\/#primaryimage\"},\"thumbnailUrl\":\"https:\\\/\\\/maiscaminhos.org\\\/wp-content\\\/uploads\\\/2019\\\/10\\\/mais-caminhos-annual-report-2016.jpg\",\"datePublished\":\"2019-06-26T18:43:45+00:00\",\"dateModified\":\"2025-05-22T14:33:01+00:00\",\"breadcrumb\":{\"@id\":\"https:\\\/\\\/maiscaminhos.org\\\/what-we-do\\\/our-achievements-mais-caminhos-2\\\/#breadcrumb\"},\"inLanguage\":\"pt-BR\",\"potentialAction\":[{\"@type\":\"ReadAction\",\"target\":[\"https:\\\/\\\/maiscaminhos.org\\\/what-we-do\\\/our-achievements-mais-caminhos-2\\\/\"]}]},{\"@type\":\"ImageObject\",\"inLanguage\":\"pt-BR\",\"@id\":\"https:\\\/\\\/maiscaminhos.org\\\/what-we-do\\\/our-achievements-mais-caminhos-2\\\/#primaryimage\",\"url\":\"https:\\\/\\\/maiscaminhos.org\\\/wp-content\\\/uploads\\\/2019\\\/10\\\/mais-caminhos-annual-report-2016.jpg\",\"contentUrl\":\"https:\\\/\\\/maiscaminhos.org\\\/wp-content\\\/uploads\\\/2019\\\/10\\\/mais-caminhos-annual-report-2016.jpg\"},{\"@type\":\"BreadcrumbList\",\"@id\":\"https:\\\/\\\/maiscaminhos.org\\\/what-we-do\\\/our-achievements-mais-caminhos-2\\\/#breadcrumb\",\"itemListElement\":[{\"@type\":\"ListItem\",\"position\":1,\"name\":\"Home\",\"item\":\"https:\\\/\\\/maiscaminhos.org\\\/\"},{\"@type\":\"ListItem\",\"position\":2,\"name\":\"(English) WHAT WE DO\",\"item\":\"https:\\\/\\\/maiscaminhos.org\\\/fr\\\/what-we-do\\\/\"},{\"@type\":\"ListItem\",\"position\":3,\"name\":\"Achievements\"}]},{\"@type\":\"WebSite\",\"@id\":\"https:\\\/\\\/maiscaminhos.org\\\/#website\",\"url\":\"https:\\\/\\\/maiscaminhos.org\\\/\",\"name\":\"Mais Caminhos\",\"description\":\"Mais Caminhos\",\"potentialAction\":[{\"@type\":\"SearchAction\",\"target\":{\"@type\":\"EntryPoint\",\"urlTemplate\":\"https:\\\/\\\/maiscaminhos.org\\\/?s={search_term_string}\"},\"query-input\":{\"@type\":\"PropertyValueSpecification\",\"valueRequired\":true,\"valueName\":\"search_term_string\"}}],\"inLanguage\":\"pt-BR\"}]}<\/script>\n<!-- \/ Yoast SEO plugin. -->","yoast_head_json":{"title":"[:en]Achievements[:br]Nossas realiza\u00e7\u00f5es[:es]Nuestros logros[:] - Mais Caminhos","robots":{"index":"index","follow":"follow","max-snippet":"max-snippet:-1","max-image-preview":"max-image-preview:large","max-video-preview":"max-video-preview:-1"},"canonical":"https:\/\/maiscaminhos.org\/what-we-do\/our-achievements-mais-caminhos-2\/","og_locale":"pt_BR","og_type":"article","og_title":"[:en]Achievements[:br]Nossas realiza\u00e7\u00f5es[:es]Nuestros logros[:] - Mais Caminhos","og_description":"[vc_row][vc_column][vc_empty_space height=&#8221;70px&#8221;][vc_column_text el_class=&#8221;h2_internal h3_internal&#8221;] Nossas Realiza\u00e7\u00f5es Clique nas imagens abaixo para ver nossos Relat\u00f3rios Anuais. [\/vc_column_text][\/vc_column][\/vc_row][vc_row][vc_column width=&#8221;1\/4&#8243;][vc_column_text el_class=&#8221;h2_internal h3_internal&#8221;][\/vc_column_text][\/vc_column][vc_column width=&#8221;1\/4&#8243;][vc_column_text el_class=&#8221;h2_internal h3_internal&#8221;][\/vc_column_text][\/vc_column][vc_column width=&#8221;1\/4&#8243;][vc_column_text el_class=&#8221;h2_internal h3_internal&#8221;][\/vc_column_text][\/vc_column][vc_column width=&#8221;1\/4&#8243;][vc_column_text el_class=&#8221;h2_internal h3_internal&#8221;][\/vc_column_text][\/vc_column][\/vc_row][vc_row][vc_column width=&#8221;1\/4&#8243;][vc_column_text el_class=&#8221;h2_internal h3_internal&#8221;][\/vc_column_text][\/vc_column][vc_column width=&#8221;1\/4&#8243;][vc_column_text el_class=&#8221;h2_internal h3_internal&#8221;][\/vc_column_text][\/vc_column][vc_column width=&#8221;1\/4&#8243;][vc_column_text el_class=&#8221;h2_internal h3_internal&#8221;][\/vc_column_text][\/vc_column][vc_column width=&#8221;1\/4&#8243;][vc_column_text el_class=&#8221;h2_internal h3_internal&#8221;][\/vc_column_text][\/vc_column][\/vc_row][vc_row][vc_column width=&#8221;1\/4&#8243;][vc_column_text css=&#8221;&#8221; el_class=&#8221;h2_internal h3_internal&#8221;][\/vc_column_text][\/vc_column][\/vc_row]","og_url":"https:\/\/maiscaminhos.org\/what-we-do\/our-achievements-mais-caminhos-2\/","og_site_name":"Mais Caminhos","article_modified_time":"2025-05-22T14:33:01+00:00","og_image":[{"width":400,"height":400,"url":"https:\/\/maiscaminhos.org\/wp-content\/uploads\/2019\/10\/mais-caminhos-annual-report-2016.jpg","type":"image\/jpeg"}],"twitter_card":"summary_large_image","twitter_misc":{"Est. tempo de leitura":"3 minutos"},"schema":{"@context":"https:\/\/schema.org","@graph":[{"@type":"WebPage","@id":"https:\/\/maiscaminhos.org\/what-we-do\/our-achievements-mais-caminhos-2\/","url":"https:\/\/maiscaminhos.org\/what-we-do\/our-achievements-mais-caminhos-2\/","name":"[:en]Achievements[:br]Nossas realiza\u00e7\u00f5es[:es]Nuestros logros[:] - Mais Caminhos","isPartOf":{"@id":"https:\/\/maiscaminhos.org\/#website"},"primaryImageOfPage":{"@id":"https:\/\/maiscaminhos.org\/what-we-do\/our-achievements-mais-caminhos-2\/#primaryimage"},"image":{"@id":"https:\/\/maiscaminhos.org\/what-we-do\/our-achievements-mais-caminhos-2\/#primaryimage"},"thumbnailUrl":"https:\/\/maiscaminhos.org\/wp-content\/uploads\/2019\/10\/mais-caminhos-annual-report-2016.jpg","datePublished":"2019-06-26T18:43:45+00:00","dateModified":"2025-05-22T14:33:01+00:00","breadcrumb":{"@id":"https:\/\/maiscaminhos.org\/what-we-do\/our-achievements-mais-caminhos-2\/#breadcrumb"},"inLanguage":"pt-BR","potentialAction":[{"@type":"ReadAction","target":["https:\/\/maiscaminhos.org\/what-we-do\/our-achievements-mais-caminhos-2\/"]}]},{"@type":"ImageObject","inLanguage":"pt-BR","@id":"https:\/\/maiscaminhos.org\/what-we-do\/our-achievements-mais-caminhos-2\/#primaryimage","url":"https:\/\/maiscaminhos.org\/wp-content\/uploads\/2019\/10\/mais-caminhos-annual-report-2016.jpg","contentUrl":"https:\/\/maiscaminhos.org\/wp-content\/uploads\/2019\/10\/mais-caminhos-annual-report-2016.jpg"},{"@type":"BreadcrumbList","@id":"https:\/\/maiscaminhos.org\/what-we-do\/our-achievements-mais-caminhos-2\/#breadcrumb","itemListElement":[{"@type":"ListItem","position":1,"name":"Home","item":"https:\/\/maiscaminhos.org\/"},{"@type":"ListItem","position":2,"name":"(English) WHAT WE DO","item":"https:\/\/maiscaminhos.org\/fr\/what-we-do\/"},{"@type":"ListItem","position":3,"name":"Achievements"}]},{"@type":"WebSite","@id":"https:\/\/maiscaminhos.org\/#website","url":"https:\/\/maiscaminhos.org\/","name":"Mais Caminhos","description":"Mais Caminhos","potentialAction":[{"@type":"SearchAction","target":{"@type":"EntryPoint","urlTemplate":"https:\/\/maiscaminhos.org\/?s={search_term_string}"},"query-input":{"@type":"PropertyValueSpecification","valueRequired":true,"valueName":"search_term_string"}}],"inLanguage":"pt-BR"}]}},"_links":{"self":[{"href":"https:\/\/maiscaminhos.org\/br\/wp-json\/wp\/v2\/pages\/80477","targetHints":{"allow":["GET"]}}],"collection":[{"href":"https:\/\/maiscaminhos.org\/br\/wp-json\/wp\/v2\/pages"}],"about":[{"href":"https:\/\/maiscaminhos.org\/br\/wp-json\/wp\/v2\/types\/page"}],"author":[{"embeddable":true,"href":"https:\/\/maiscaminhos.org\/br\/wp-json\/wp\/v2\/users\/1"}],"replies":[{"embeddable":true,"href":"https:\/\/maiscaminhos.org\/br\/wp-json\/wp\/v2\/comments?post=80477"}],"version-history":[{"count":40,"href":"https:\/\/maiscaminhos.org\/br\/wp-json\/wp\/v2\/pages\/80477\/revisions"}],"predecessor-version":[{"id":88943,"href":"https:\/\/maiscaminhos.org\/br\/wp-json\/wp\/v2\/pages\/80477\/revisions\/88943"}],"up":[{"embeddable":true,"href":"https:\/\/maiscaminhos.org\/br\/wp-json\/wp\/v2\/pages\/80067"}],"wp:attachment":[{"href":"https:\/\/maiscaminhos.org\/br\/wp-json\/wp\/v2\/media?parent=80477"}],"curies":[{"name":"wp","href":"https:\/\/api.w.org\/{rel}","templated":true}]}}