{"id":80468,"date":"2019-06-26T18:34:23","date_gmt":"2019-06-26T18:34:23","guid":{"rendered":"https:\/\/maiscaminhos.org\/?page_id=80468"},"modified":"2023-07-05T18:32:56","modified_gmt":"2023-07-05T18:32:56","slug":"programmes-years","status":"publish","type":"page","link":"https:\/\/maiscaminhos.org\/br\/o-que-fazemos\/projetos-educacionais\/","title":{"rendered":"Projetos Educacionais"},"content":{"rendered":"<div class=\"wpb-content-wrapper\"><p>[vc_row][vc_column][vc_column_text el_class=&#8221;h2_internal h3_internal&#8221;]<\/p>\n<h2 style=\"text-align: center;\">Nossos Projetos Educacionais<\/h2>\n<p>[\/vc_column_text][\/vc_column][\/vc_row][vc_row][vc_column width=&#8221;1\/2&#8243;][vc_column_text el_class=&#8221;h2_internal h3_internal&#8221;]<\/p>\n<p style=\"text-align: justify;\">Mais Caminhos oferece oportunidades educacionais para crian\u00e7as carentes no Rio de Janeiro, Brasil. Oferecemos uma variedade de cursos para ajudar as crian\u00e7as a se desenvolverem academicamente.<\/p>\n<h3 style=\"text-align: justify;\">Tutoria<\/h3>\n<p style=\"text-align: justify;\">Nosso programa de tutoria oferece aulas particulares para crian\u00e7as de 8 a 18 anos. Temos volunt\u00e1rios ajudando as crian\u00e7as com mat\u00e9rias escolares espec\u00edficas, deveres de casa e acompanhando seu desenvolvimento escolar. O projeto de tutoria acontece no centro de idiomas de segunda a sexta-feira durante a noite.<\/p>\n<h3 style=\"text-align: justify;\">Li\u00e7\u00f5es de Ingl\u00eas<\/h3>\n<p style=\"text-align: justify;\">A Mais Caminhos oferece cursos intensivos de ingl\u00eas para crian\u00e7as e adolescentes de 10 a 18 anos. As aulas s\u00e3o ministradas por professores profissionais e volunt\u00e1rios internacionais. Acreditamos que o ingl\u00eas \u00e9 a l\u00edngua global e que oferecer aulas aos nossos alunos ampliar\u00e1 suas oportunidades educacionais e profissionais. A ajuda dos patrocinadores para viabilizar este curso tem sido fundamental. Agradecemos ao nosso principal parceiro neste programa, Bayswater College.<\/p>\n<h3 style=\"text-align: justify;\">Construindo nosso futuro<\/h3>\n<p style=\"text-align: justify;\">Um programa de seis semanas chamado &#8216;Building Our Future&#8217; projetado especialmente para os alunos intermedi\u00e1rios do Programa de Ingl\u00eas. Cada sess\u00e3o acontece ap\u00f3s as aulas de ingl\u00eas \u00e0s segundas e quintas-feiras e consiste em uma sess\u00e3o de treinamento de uma hora, seguida por uma palestra de 30 minutos com um palestrante convidado. As sess\u00f5es incluem t\u00f3picos como: defini\u00e7\u00e3o de objetivos e metas, prepara\u00e7\u00e3o para entrevistas, habilidades de apresenta\u00e7\u00e3o, reda\u00e7\u00e3o de curr\u00edculo e gerenciamento de estresse. Os palestrantes convidados para as sess\u00f5es v\u00eam todos das pr\u00f3prias comunidades e s\u00e3o escolhidos como resultado de sua perseveran\u00e7a, dedica\u00e7\u00e3o e hist\u00f3rias de sucesso. Aproveitamos a oportunidade para demonstrar aos nossos jovens que modelos positivos est\u00e3o ativos em suas comunidades e que, com trabalho \u00e1rduo e determina\u00e7\u00e3o, eles podem alcan\u00e7ar quaisquer metas que estabele\u00e7am para si mesmos.<\/p>\n<h3 style=\"text-align: justify;\">Acampamentos de F\u00e9rias<\/h3>\n<p style=\"text-align: justify;\">Durante o recesso escolar, o Mais Caminhos organiza acampamentos que permitem que as crian\u00e7as aproveitem as f\u00e9rias enquanto se divertem e desenvolvem habilidades socioemocionais. A Mais Caminhos planeja atividades ao ar livre, recreativas e culturais para o acampamento. Este acampamento de f\u00e9rias permite que as crian\u00e7as das favelas passem as f\u00e9rias aprendendo por meio de atividades criativas e emocionantes viagens de campo.<\/p>\n<p>[\/vc_column_text][\/vc_column][vc_column width=&#8221;1\/2&#8243;][vc_single_image image=&#8221;88768&#8243; img_size=&#8221;full&#8221;][vc_single_image image=&#8221;88799&#8243; img_size=&#8221;full&#8221;][vc_single_image image=&#8221;88800&#8243; img_size=&#8221;full&#8221;][\/vc_column][\/vc_row]<\/p>\n<\/div>","protected":false},"excerpt":{"rendered":"<p>[vc_row][vc_column][vc_column_text el_class=&#8221;h2_internal h3_internal&#8221;] Nossos Projetos Educacionais [\/vc_column_text][\/vc_column][\/vc_row][vc_row][vc_column width=&#8221;1\/2&#8243;][vc_column_text el_class=&#8221;h2_internal h3_internal&#8221;] Mais Caminhos oferece oportunidades educacionais para crian\u00e7as carentes no Rio de Janeiro, Brasil. Oferecemos uma variedade de cursos para ajudar as crian\u00e7as a se desenvolverem academicamente. Tutoria Nosso programa de tutoria oferece aulas particulares para crian\u00e7as de 8 a 18 anos. Temos volunt\u00e1rios ajudando as [&hellip;]<\/p>\n","protected":false},"author":1,"featured_media":0,"parent":80067,"menu_order":0,"comment_status":"closed","ping_status":"closed","template":"","meta":{"footnotes":""},"class_list":["post-80468","page","type-page","status-publish","hentry"],"yoast_head":"<!-- This site is optimized with the Yoast SEO plugin v27.4 - https:\/\/yoast.com\/product\/yoast-seo-wordpress\/ -->\n<title>Projetos Educacionais - Mais Caminhos<\/title>\n<meta name=\"robots\" content=\"index, follow, max-snippet:-1, max-image-preview:large, max-video-preview:-1\" \/>\n<link rel=\"canonical\" href=\"https:\/\/maiscaminhos.org\/what-we-do\/educational-projects\/\" \/>\n<meta property=\"og:locale\" content=\"pt_BR\" \/>\n<meta property=\"og:type\" content=\"article\" \/>\n<meta property=\"og:title\" content=\"[:en]Educational Projects[:de]Educational Projects[:fr]Educational Projects[:br]Projetos Educacionais[:es]Educational Projects[:] - Mais Caminhos\" \/>\n<meta property=\"og:description\" content=\"[vc_row][vc_column][vc_column_text el_class=&#8221;h2_internal h3_internal&#8221;] Nossos Projetos Educacionais [\/vc_column_text][\/vc_column][\/vc_row][vc_row][vc_column width=&#8221;1\/2&#8243;][vc_column_text el_class=&#8221;h2_internal h3_internal&#8221;] Mais Caminhos oferece oportunidades educacionais para crian\u00e7as carentes no Rio de Janeiro, Brasil. Oferecemos uma variedade de cursos para ajudar as crian\u00e7as a se desenvolverem academicamente. Tutoria Nosso programa de tutoria oferece aulas particulares para crian\u00e7as de 8 a 18 anos. Temos volunt\u00e1rios ajudando as [&hellip;]\" \/>\n<meta property=\"og:url\" content=\"https:\/\/maiscaminhos.org\/what-we-do\/educational-projects\/\" \/>\n<meta property=\"og:site_name\" content=\"Mais Caminhos\" \/>\n<meta property=\"article:modified_time\" content=\"2023-07-05T18:32:56+00:00\" \/>\n<meta name=\"twitter:card\" content=\"summary_large_image\" \/>\n<meta name=\"twitter:label1\" content=\"Est. tempo de leitura\" \/>\n\t<meta name=\"twitter:data1\" content=\"2 minutos\" \/>\n<script type=\"application\/ld+json\" class=\"yoast-schema-graph\">{\"@context\":\"https:\\\/\\\/schema.org\",\"@graph\":[{\"@type\":\"WebPage\",\"@id\":\"https:\\\/\\\/maiscaminhos.org\\\/what-we-do\\\/educational-projects\\\/\",\"url\":\"https:\\\/\\\/maiscaminhos.org\\\/what-we-do\\\/educational-projects\\\/\",\"name\":\"[:en]Educational Projects[:de]Educational Projects[:fr]Educational Projects[:br]Projetos Educacionais[:es]Educational Projects[:] - Mais Caminhos\",\"isPartOf\":{\"@id\":\"https:\\\/\\\/maiscaminhos.org\\\/#website\"},\"datePublished\":\"2019-06-26T18:34:23+00:00\",\"dateModified\":\"2023-07-05T18:32:56+00:00\",\"breadcrumb\":{\"@id\":\"https:\\\/\\\/maiscaminhos.org\\\/what-we-do\\\/educational-projects\\\/#breadcrumb\"},\"inLanguage\":\"pt-BR\",\"potentialAction\":[{\"@type\":\"ReadAction\",\"target\":[\"https:\\\/\\\/maiscaminhos.org\\\/what-we-do\\\/educational-projects\\\/\"]}]},{\"@type\":\"BreadcrumbList\",\"@id\":\"https:\\\/\\\/maiscaminhos.org\\\/what-we-do\\\/educational-projects\\\/#breadcrumb\",\"itemListElement\":[{\"@type\":\"ListItem\",\"position\":1,\"name\":\"Home\",\"item\":\"https:\\\/\\\/maiscaminhos.org\\\/\"},{\"@type\":\"ListItem\",\"position\":2,\"name\":\"(English) WHAT WE DO\",\"item\":\"https:\\\/\\\/maiscaminhos.org\\\/fr\\\/what-we-do\\\/\"},{\"@type\":\"ListItem\",\"position\":3,\"name\":\"Educational Projects\"}]},{\"@type\":\"WebSite\",\"@id\":\"https:\\\/\\\/maiscaminhos.org\\\/#website\",\"url\":\"https:\\\/\\\/maiscaminhos.org\\\/\",\"name\":\"Mais Caminhos\",\"description\":\"Mais Caminhos\",\"potentialAction\":[{\"@type\":\"SearchAction\",\"target\":{\"@type\":\"EntryPoint\",\"urlTemplate\":\"https:\\\/\\\/maiscaminhos.org\\\/?s={search_term_string}\"},\"query-input\":{\"@type\":\"PropertyValueSpecification\",\"valueRequired\":true,\"valueName\":\"search_term_string\"}}],\"inLanguage\":\"pt-BR\"}]}<\/script>\n<!-- \/ Yoast SEO plugin. -->","yoast_head_json":{"title":"[:en]Educational Projects[:de]Educational Projects[:fr]Educational Projects[:br]Projetos Educacionais[:es]Educational Projects[:] - Mais Caminhos","robots":{"index":"index","follow":"follow","max-snippet":"max-snippet:-1","max-image-preview":"max-image-preview:large","max-video-preview":"max-video-preview:-1"},"canonical":"https:\/\/maiscaminhos.org\/what-we-do\/educational-projects\/","og_locale":"pt_BR","og_type":"article","og_title":"[:en]Educational Projects[:de]Educational Projects[:fr]Educational Projects[:br]Projetos Educacionais[:es]Educational Projects[:] - Mais Caminhos","og_description":"[vc_row][vc_column][vc_column_text el_class=&#8221;h2_internal h3_internal&#8221;] Nossos Projetos Educacionais [\/vc_column_text][\/vc_column][\/vc_row][vc_row][vc_column width=&#8221;1\/2&#8243;][vc_column_text el_class=&#8221;h2_internal h3_internal&#8221;] Mais Caminhos oferece oportunidades educacionais para crian\u00e7as carentes no Rio de Janeiro, Brasil. Oferecemos uma variedade de cursos para ajudar as crian\u00e7as a se desenvolverem academicamente. Tutoria Nosso programa de tutoria oferece aulas particulares para crian\u00e7as de 8 a 18 anos. Temos volunt\u00e1rios ajudando as [&hellip;]","og_url":"https:\/\/maiscaminhos.org\/what-we-do\/educational-projects\/","og_site_name":"Mais Caminhos","article_modified_time":"2023-07-05T18:32:56+00:00","twitter_card":"summary_large_image","twitter_misc":{"Est. tempo de leitura":"2 minutos"},"schema":{"@context":"https:\/\/schema.org","@graph":[{"@type":"WebPage","@id":"https:\/\/maiscaminhos.org\/what-we-do\/educational-projects\/","url":"https:\/\/maiscaminhos.org\/what-we-do\/educational-projects\/","name":"[:en]Educational Projects[:de]Educational Projects[:fr]Educational Projects[:br]Projetos Educacionais[:es]Educational Projects[:] - Mais Caminhos","isPartOf":{"@id":"https:\/\/maiscaminhos.org\/#website"},"datePublished":"2019-06-26T18:34:23+00:00","dateModified":"2023-07-05T18:32:56+00:00","breadcrumb":{"@id":"https:\/\/maiscaminhos.org\/what-we-do\/educational-projects\/#breadcrumb"},"inLanguage":"pt-BR","potentialAction":[{"@type":"ReadAction","target":["https:\/\/maiscaminhos.org\/what-we-do\/educational-projects\/"]}]},{"@type":"BreadcrumbList","@id":"https:\/\/maiscaminhos.org\/what-we-do\/educational-projects\/#breadcrumb","itemListElement":[{"@type":"ListItem","position":1,"name":"Home","item":"https:\/\/maiscaminhos.org\/"},{"@type":"ListItem","position":2,"name":"(English) WHAT WE DO","item":"https:\/\/maiscaminhos.org\/fr\/what-we-do\/"},{"@type":"ListItem","position":3,"name":"Educational Projects"}]},{"@type":"WebSite","@id":"https:\/\/maiscaminhos.org\/#website","url":"https:\/\/maiscaminhos.org\/","name":"Mais Caminhos","description":"Mais Caminhos","potentialAction":[{"@type":"SearchAction","target":{"@type":"EntryPoint","urlTemplate":"https:\/\/maiscaminhos.org\/?s={search_term_string}"},"query-input":{"@type":"PropertyValueSpecification","valueRequired":true,"valueName":"search_term_string"}}],"inLanguage":"pt-BR"}]}},"_links":{"self":[{"href":"https:\/\/maiscaminhos.org\/br\/wp-json\/wp\/v2\/pages\/80468","targetHints":{"allow":["GET"]}}],"collection":[{"href":"https:\/\/maiscaminhos.org\/br\/wp-json\/wp\/v2\/pages"}],"about":[{"href":"https:\/\/maiscaminhos.org\/br\/wp-json\/wp\/v2\/types\/page"}],"author":[{"embeddable":true,"href":"https:\/\/maiscaminhos.org\/br\/wp-json\/wp\/v2\/users\/1"}],"replies":[{"embeddable":true,"href":"https:\/\/maiscaminhos.org\/br\/wp-json\/wp\/v2\/comments?post=80468"}],"version-history":[{"count":19,"href":"https:\/\/maiscaminhos.org\/br\/wp-json\/wp\/v2\/pages\/80468\/revisions"}],"predecessor-version":[{"id":88896,"href":"https:\/\/maiscaminhos.org\/br\/wp-json\/wp\/v2\/pages\/80468\/revisions\/88896"}],"up":[{"embeddable":true,"href":"https:\/\/maiscaminhos.org\/br\/wp-json\/wp\/v2\/pages\/80067"}],"wp:attachment":[{"href":"https:\/\/maiscaminhos.org\/br\/wp-json\/wp\/v2\/media?parent=80468"}],"curies":[{"name":"wp","href":"https:\/\/api.w.org\/{rel}","templated":true}]}}