{"id":80461,"date":"2019-06-26T18:29:29","date_gmt":"2019-06-26T18:29:29","guid":{"rendered":"https:\/\/maiscaminhos.org\/?page_id=80461"},"modified":"2023-07-05T18:36:47","modified_gmt":"2023-07-05T18:36:47","slug":"projects-weeks-months","status":"publish","type":"page","link":"https:\/\/maiscaminhos.org\/br\/o-que-fazemos\/intercambios-bolsas\/","title":{"rendered":"NTERC\u00c2MBIOS E BOLSAS DE ESTUDOS"},"content":{"rendered":"<div class=\"wpb-content-wrapper\"><p>[vc_row][vc_column width=&#8221;1\/2&#8243;][vc_column_text el_class=&#8221;h2_internal h3_internal&#8221;]<\/p>\n<h2 style=\"text-align: justify;\">Bolsas de estudo e programas de interc\u00e2mbio na Mais Caminhos<\/h2>\n<h3 style=\"text-align: justify;\">Bolsas de Estudo<\/h3>\n<p style=\"text-align: justify;\"><span style=\"font-weight: 400;\">Nosso programa de Bolsas Mais Caminhos oferece aos adolescentes motivados a chance de participar de cursos profissionalizantes voltados para o aprimoramento do conhecimento dos alunos, ou at\u00e9 mesmo a oportunidade de frequentar uma escola particular. Os alunos selecionados para este programa se destacaram por sua motiva\u00e7\u00e3o excepcional e resultados surpreendentes. A medida em que concedemos esta bolsa depende de nossos meios e do desempenho do aluno. A educa\u00e7\u00e3o nas favelas do Rio de Janeiro \u00e9 limitada. \u00c9 nosso objetivo mudar essas limita\u00e7\u00f5es e barreiras.<\/span><\/p>\n<h3 style=\"text-align: justify;\">Portugu\u00eas para Refugiados<\/h3>\n<p style=\"text-align: justify;\"><span style=\"font-weight: 400;\">A complexa situa\u00e7\u00e3o pol\u00edtica em v\u00e1rios pa\u00edses nos levou a agir para ajudar os refugiados que chegam ao Rio de Janeiro. Com grande ajuda da Caminhos Language Centre, oferecemos aulas gratuitas de portugu\u00eas para refugiados que desejam melhorar suas habilidades em portugu\u00eas e qualidade de vida no Brasil.<\/span><\/p>\n<h3 style=\"text-align: justify;\">Programas de Interc\u00e2mbio<\/h3>\n<p style=\"text-align: justify;\"><span style=\"font-weight: 400;\">A vida em \u00e1reas desprivilegiadas raramente oferece muitas oportunidades para viajar e conhecer novas culturas. A Mais Caminhos acredita que experi\u00eancias internacionais podem desencadear uma transforma\u00e7\u00e3o na trajet\u00f3ria de vida de nossos alunos. Por esta raz\u00e3o, temos como miss\u00e3o apoiar nossos alunos em seu caminho para o enriquecimento cultural. Esta \u00e9 uma parte essencial da educa\u00e7\u00e3o das crian\u00e7as no Brasil.<\/span><\/p>\n<p style=\"text-align: justify;\"><span style=\"font-weight: 400;\">Acreditamos que \u00e9 importante abrir suas mentes para novos aspectos da vida e tamb\u00e9m desenvolver a sensibilidade cultural das crian\u00e7as para que elas abracem a diversidade. Por isso, estamos ansiosos para proporcionar aos nossos alunos a oportunidade de participar de programas de interc\u00e2mbio que organizamos com a ajuda de parceiros internacionais.<\/span><\/p>\n<p style=\"text-align: justify;\"><span style=\"font-weight: 400;\">Essas viagens de curta ou longa dura\u00e7\u00e3o n\u00e3o apenas d\u00e3o a eles um vislumbre de outras culturas e modos de vida, mas tamb\u00e9m permitem que eles entrem em um mundo completamente novo de pensamento. Al\u00e9m disso, a exposi\u00e7\u00e3o a outras l\u00ednguas e tradi\u00e7\u00f5es fortalece seu respeito m\u00fatuo pelos outros. Estamos convencidos de que o conhecimento profundo, somado aos benef\u00edcios da exposi\u00e7\u00e3o internacional, s\u00e3o a base para um futuro promissor a n\u00edvel profissional e pessoal para as nossas crian\u00e7as e jovens.<\/span><\/p>\n<p style=\"text-align: justify;\"><b><strong style=\"color: #ff9900;\">1. Viagens de Curto Prazo<\/strong><\/b><\/p>\n<p style=\"text-align: justify;\"><span style=\"font-weight: 400;\">A Mais Caminhos est\u00e1 muito grata por ter sido parceira da Brave Kids de 2014 a 2016 e orgulhosa de continuar participando desta grande iniciativa. Nos \u00faltimos anos, os interc\u00e2mbios t\u00eam sido um sucesso; nossas crian\u00e7as se conectaram com o mundo, aprenderam muitas habilidades para a vida e se divertiram muito!<\/span><\/p>\n<p style=\"text-align: justify;\"><span style=\"font-weight: 400;\">Para muitos de nossos filhos, esses tipos de programas de interc\u00e2mbio s\u00e3o a primeira viagem de sua vida e sabemos que eles voltam com uma experi\u00eancia inesquec\u00edvel que levar\u00e3o como tesouro para o resto de suas vidas.<\/span><\/p>\n<p style=\"text-align: justify;\"><b><strong style=\"color: #ff9900;\">2. Viagens de Longa Dura\u00e7\u00e3o<\/strong><\/b><\/p>\n<p style=\"text-align: justify;\"><span style=\"font-weight: 400;\">Na Mais Caminhos tamb\u00e9m organizamos interc\u00e2mbios de longo prazo para crian\u00e7as que provaram ser esfor\u00e7adas, comprometidas, respons\u00e1veis e com vontade de se desenvolver. Organizar um interc\u00e2mbio de longo prazo \u00e9 muito desafiador, principalmente para as nossas crian\u00e7as que normalmente nunca puderam viajar para fora do Brasil. At\u00e9 agora, organizamos dois interc\u00e2mbios bem-sucedidos e esperamos organizar mais.<\/span><\/p>\n<p>[\/vc_column_text][\/vc_column][vc_column width=&#8221;1\/2&#8243;][vc_single_image image=&#8221;88807&#8243; img_size=&#8221;full&#8221; alignment=&#8221;center&#8221;][vc_single_image image=&#8221;88808&#8243; img_size=&#8221;full&#8221; alignment=&#8221;center&#8221;][vc_raw_html]JTNDaWZyYW1lJTIwd2lkdGglM0QlMjI0NDAlMjIlMjBoZWlnaHQlM0QlMjIyNDUlMjIlMjBzcmMlM0QlMjJodHRwcyUzQSUyRiUyRnd3dy55b3V0dWJlLmNvbSUyRmVtYmVkJTJGamdpU1BOZ182MHMlMjIlMjB0aXRsZSUzRCUyMllvdVR1YmUlMjB2aWRlbyUyMHBsYXllciUyMiUyMGZyYW1lYm9yZGVyJTNEJTIyMCUyMiUyMGFsbG93JTNEJTIyYWNjZWxlcm9tZXRlciUzQiUyMGF1dG9wbGF5JTNCJTIwY2xpcGJvYXJkLXdyaXRlJTNCJTIwZW5jcnlwdGVkLW1lZGlhJTNCJTIwZ3lyb3Njb3BlJTNCJTIwcGljdHVyZS1pbi1waWN0dXJlJTNCJTIwd2ViLXNoYXJlJTIyJTIwYWxsb3dmdWxsc2NyZWVuJTNFJTNDJTJGaWZyYW1lJTNF[\/vc_raw_html][\/vc_column][\/vc_row]<\/p>\n<\/div>","protected":false},"excerpt":{"rendered":"<p>[vc_row][vc_column width=&#8221;1\/2&#8243;][vc_column_text el_class=&#8221;h2_internal h3_internal&#8221;] Bolsas de estudo e programas de interc\u00e2mbio na Mais Caminhos Bolsas de Estudo Nosso programa de Bolsas Mais Caminhos oferece aos adolescentes motivados a chance de participar de cursos profissionalizantes voltados para o aprimoramento do conhecimento dos alunos, ou at\u00e9 mesmo a oportunidade de frequentar uma escola particular. Os alunos selecionados [&hellip;]<\/p>\n","protected":false},"author":10,"featured_media":0,"parent":80067,"menu_order":0,"comment_status":"closed","ping_status":"closed","template":"","meta":{"footnotes":""},"class_list":["post-80461","page","type-page","status-publish","hentry"],"yoast_head":"<!-- This site is optimized with the Yoast SEO plugin v27.4 - https:\/\/yoast.com\/product\/yoast-seo-wordpress\/ -->\n<title>NTERC\u00c2MBIOS E BOLSAS DE ESTUDOS - Mais Caminhos<\/title>\n<meta name=\"robots\" content=\"index, follow, max-snippet:-1, max-image-preview:large, max-video-preview:-1\" \/>\n<link rel=\"canonical\" href=\"https:\/\/maiscaminhos.org\/what-we-do\/exchange-scholarships\/\" \/>\n<meta property=\"og:locale\" content=\"pt_BR\" \/>\n<meta property=\"og:type\" content=\"article\" \/>\n<meta property=\"og:title\" content=\"[:en]Exchange Programs &amp; Scholarships[:de]Exchange Programs &amp; Scholarships[:fr]Exchange Programs &amp; Scholarships[:br]NTERC\u00c2MBIOS E BOLSAS DE ESTUDOS[:es]Exchange Programs &amp; Scholarships[:] - Mais Caminhos\" \/>\n<meta property=\"og:description\" content=\"[vc_row][vc_column width=&#8221;1\/2&#8243;][vc_column_text el_class=&#8221;h2_internal h3_internal&#8221;] Bolsas de estudo e programas de interc\u00e2mbio na Mais Caminhos Bolsas de Estudo Nosso programa de Bolsas Mais Caminhos oferece aos adolescentes motivados a chance de participar de cursos profissionalizantes voltados para o aprimoramento do conhecimento dos alunos, ou at\u00e9 mesmo a oportunidade de frequentar uma escola particular. Os alunos selecionados [&hellip;]\" \/>\n<meta property=\"og:url\" content=\"https:\/\/maiscaminhos.org\/what-we-do\/exchange-scholarships\/\" \/>\n<meta property=\"og:site_name\" content=\"Mais Caminhos\" \/>\n<meta property=\"article:modified_time\" content=\"2023-07-05T18:36:47+00:00\" \/>\n<meta name=\"twitter:card\" content=\"summary_large_image\" \/>\n<meta name=\"twitter:label1\" content=\"Est. tempo de leitura\" \/>\n\t<meta name=\"twitter:data1\" content=\"3 minutos\" \/>\n<script type=\"application\/ld+json\" class=\"yoast-schema-graph\">{\"@context\":\"https:\\\/\\\/schema.org\",\"@graph\":[{\"@type\":\"WebPage\",\"@id\":\"https:\\\/\\\/maiscaminhos.org\\\/what-we-do\\\/exchange-scholarships\\\/\",\"url\":\"https:\\\/\\\/maiscaminhos.org\\\/what-we-do\\\/exchange-scholarships\\\/\",\"name\":\"[:en]Exchange Programs & Scholarships[:de]Exchange Programs & Scholarships[:fr]Exchange Programs & Scholarships[:br]NTERC\u00c2MBIOS E BOLSAS DE ESTUDOS[:es]Exchange Programs & Scholarships[:] - Mais Caminhos\",\"isPartOf\":{\"@id\":\"https:\\\/\\\/maiscaminhos.org\\\/#website\"},\"datePublished\":\"2019-06-26T18:29:29+00:00\",\"dateModified\":\"2023-07-05T18:36:47+00:00\",\"breadcrumb\":{\"@id\":\"https:\\\/\\\/maiscaminhos.org\\\/what-we-do\\\/exchange-scholarships\\\/#breadcrumb\"},\"inLanguage\":\"pt-BR\",\"potentialAction\":[{\"@type\":\"ReadAction\",\"target\":[\"https:\\\/\\\/maiscaminhos.org\\\/what-we-do\\\/exchange-scholarships\\\/\"]}]},{\"@type\":\"BreadcrumbList\",\"@id\":\"https:\\\/\\\/maiscaminhos.org\\\/what-we-do\\\/exchange-scholarships\\\/#breadcrumb\",\"itemListElement\":[{\"@type\":\"ListItem\",\"position\":1,\"name\":\"Home\",\"item\":\"https:\\\/\\\/maiscaminhos.org\\\/\"},{\"@type\":\"ListItem\",\"position\":2,\"name\":\"(English) WHAT WE DO\",\"item\":\"https:\\\/\\\/maiscaminhos.org\\\/fr\\\/what-we-do\\\/\"},{\"@type\":\"ListItem\",\"position\":3,\"name\":\"Exchange Programs &#038; Scholarships\"}]},{\"@type\":\"WebSite\",\"@id\":\"https:\\\/\\\/maiscaminhos.org\\\/#website\",\"url\":\"https:\\\/\\\/maiscaminhos.org\\\/\",\"name\":\"Mais Caminhos\",\"description\":\"Mais Caminhos\",\"potentialAction\":[{\"@type\":\"SearchAction\",\"target\":{\"@type\":\"EntryPoint\",\"urlTemplate\":\"https:\\\/\\\/maiscaminhos.org\\\/?s={search_term_string}\"},\"query-input\":{\"@type\":\"PropertyValueSpecification\",\"valueRequired\":true,\"valueName\":\"search_term_string\"}}],\"inLanguage\":\"pt-BR\"}]}<\/script>\n<!-- \/ Yoast SEO plugin. -->","yoast_head_json":{"title":"[:en]Exchange Programs & Scholarships[:de]Exchange Programs & Scholarships[:fr]Exchange Programs & Scholarships[:br]NTERC\u00c2MBIOS E BOLSAS DE ESTUDOS[:es]Exchange Programs & Scholarships[:] - Mais Caminhos","robots":{"index":"index","follow":"follow","max-snippet":"max-snippet:-1","max-image-preview":"max-image-preview:large","max-video-preview":"max-video-preview:-1"},"canonical":"https:\/\/maiscaminhos.org\/what-we-do\/exchange-scholarships\/","og_locale":"pt_BR","og_type":"article","og_title":"[:en]Exchange Programs & Scholarships[:de]Exchange Programs & Scholarships[:fr]Exchange Programs & Scholarships[:br]NTERC\u00c2MBIOS E BOLSAS DE ESTUDOS[:es]Exchange Programs & Scholarships[:] - Mais Caminhos","og_description":"[vc_row][vc_column width=&#8221;1\/2&#8243;][vc_column_text el_class=&#8221;h2_internal h3_internal&#8221;] Bolsas de estudo e programas de interc\u00e2mbio na Mais Caminhos Bolsas de Estudo Nosso programa de Bolsas Mais Caminhos oferece aos adolescentes motivados a chance de participar de cursos profissionalizantes voltados para o aprimoramento do conhecimento dos alunos, ou at\u00e9 mesmo a oportunidade de frequentar uma escola particular. Os alunos selecionados [&hellip;]","og_url":"https:\/\/maiscaminhos.org\/what-we-do\/exchange-scholarships\/","og_site_name":"Mais Caminhos","article_modified_time":"2023-07-05T18:36:47+00:00","twitter_card":"summary_large_image","twitter_misc":{"Est. tempo de leitura":"3 minutos"},"schema":{"@context":"https:\/\/schema.org","@graph":[{"@type":"WebPage","@id":"https:\/\/maiscaminhos.org\/what-we-do\/exchange-scholarships\/","url":"https:\/\/maiscaminhos.org\/what-we-do\/exchange-scholarships\/","name":"[:en]Exchange Programs & Scholarships[:de]Exchange Programs & Scholarships[:fr]Exchange Programs & Scholarships[:br]NTERC\u00c2MBIOS E BOLSAS DE ESTUDOS[:es]Exchange Programs & Scholarships[:] - Mais Caminhos","isPartOf":{"@id":"https:\/\/maiscaminhos.org\/#website"},"datePublished":"2019-06-26T18:29:29+00:00","dateModified":"2023-07-05T18:36:47+00:00","breadcrumb":{"@id":"https:\/\/maiscaminhos.org\/what-we-do\/exchange-scholarships\/#breadcrumb"},"inLanguage":"pt-BR","potentialAction":[{"@type":"ReadAction","target":["https:\/\/maiscaminhos.org\/what-we-do\/exchange-scholarships\/"]}]},{"@type":"BreadcrumbList","@id":"https:\/\/maiscaminhos.org\/what-we-do\/exchange-scholarships\/#breadcrumb","itemListElement":[{"@type":"ListItem","position":1,"name":"Home","item":"https:\/\/maiscaminhos.org\/"},{"@type":"ListItem","position":2,"name":"(English) WHAT WE DO","item":"https:\/\/maiscaminhos.org\/fr\/what-we-do\/"},{"@type":"ListItem","position":3,"name":"Exchange Programs &#038; Scholarships"}]},{"@type":"WebSite","@id":"https:\/\/maiscaminhos.org\/#website","url":"https:\/\/maiscaminhos.org\/","name":"Mais Caminhos","description":"Mais Caminhos","potentialAction":[{"@type":"SearchAction","target":{"@type":"EntryPoint","urlTemplate":"https:\/\/maiscaminhos.org\/?s={search_term_string}"},"query-input":{"@type":"PropertyValueSpecification","valueRequired":true,"valueName":"search_term_string"}}],"inLanguage":"pt-BR"}]}},"_links":{"self":[{"href":"https:\/\/maiscaminhos.org\/br\/wp-json\/wp\/v2\/pages\/80461","targetHints":{"allow":["GET"]}}],"collection":[{"href":"https:\/\/maiscaminhos.org\/br\/wp-json\/wp\/v2\/pages"}],"about":[{"href":"https:\/\/maiscaminhos.org\/br\/wp-json\/wp\/v2\/types\/page"}],"author":[{"embeddable":true,"href":"https:\/\/maiscaminhos.org\/br\/wp-json\/wp\/v2\/users\/10"}],"replies":[{"embeddable":true,"href":"https:\/\/maiscaminhos.org\/br\/wp-json\/wp\/v2\/comments?post=80461"}],"version-history":[{"count":22,"href":"https:\/\/maiscaminhos.org\/br\/wp-json\/wp\/v2\/pages\/80461\/revisions"}],"predecessor-version":[{"id":88897,"href":"https:\/\/maiscaminhos.org\/br\/wp-json\/wp\/v2\/pages\/80461\/revisions\/88897"}],"up":[{"embeddable":true,"href":"https:\/\/maiscaminhos.org\/br\/wp-json\/wp\/v2\/pages\/80067"}],"wp:attachment":[{"href":"https:\/\/maiscaminhos.org\/br\/wp-json\/wp\/v2\/media?parent=80461"}],"curies":[{"name":"wp","href":"https:\/\/api.w.org\/{rel}","templated":true}]}}