{"id":80453,"date":"2019-06-26T18:22:40","date_gmt":"2019-06-26T18:22:40","guid":{"rendered":"https:\/\/maiscaminhos.org\/?page_id=80453"},"modified":"2023-07-05T18:42:50","modified_gmt":"2023-07-05T18:42:50","slug":"action-days","status":"publish","type":"page","link":"https:\/\/maiscaminhos.org\/br\/o-que-fazemos\/acoes-dias-mais-caminhos\/","title":{"rendered":"Caminhos in Action"},"content":{"rendered":"<div class=\"wpb-content-wrapper\"><p>[vc_row][vc_column][vc_column_text]<img decoding=\"async\" class=\"aligncenter size-full wp-image-80454\" src=\"https:\/\/maiscaminhos.org\/wp-content\/uploads\/2019\/06\/mais-caminhos5.jpg\" alt=\"\" width=\"100%\" srcset=\"https:\/\/maiscaminhos.org\/wp-content\/uploads\/2019\/06\/mais-caminhos5.jpg 870w, https:\/\/maiscaminhos.org\/wp-content\/uploads\/2019\/06\/mais-caminhos5-300x157.jpg 300w, https:\/\/maiscaminhos.org\/wp-content\/uploads\/2019\/06\/mais-caminhos5-768x402.jpg 768w, https:\/\/maiscaminhos.org\/wp-content\/uploads\/2019\/06\/mais-caminhos5-370x193.jpg 370w\" sizes=\"(max-width: 870px) 100vw, 870px\" \/>[\/vc_column_text][\/vc_column][\/vc_row][vc_row][vc_column width=&#8221;1\/2&#8243;][vc_column_text el_class=&#8221;h2_internal h3_internal&#8221;]<\/p>\n<h2 style=\"text-align: justify;\">Trabalho comunit\u00e1rio<\/h2>\n<p style=\"text-align: justify;\"><span style=\"font-weight: 400;\">Ao trabalhar e interagir diretamente com as crian\u00e7as, conhecemos seu hist\u00f3rico, suas condi\u00e7\u00f5es de vida e os problemas que suas comunidades enfrentam. Por isso, procuramos ser parceiros das comunidades, ver onde podemos ajud\u00e1-las e pedir que nos procurem sempre que precisarem de ajuda. Juntos somos mais fortes.<\/span><\/p>\n<p style=\"text-align: justify;\"><span style=\"font-weight: 400;\">A\u00e7\u00f5es di\u00e1rias em que colaboramos com a <a href=\"http:\/\/caminhoslanguages.com\/br\" target=\"_blank\" rel=\"noopener\">Caminhos Language Centre<\/a> no Rio de Janeiro, e junto com nossos volunt\u00e1rios e alunos motivados de todo o mundo vamos diretamente \u00e0s favelas para ajudar em projetos espec\u00edficos, como pintura de casas, limpeza e reforma de bibliotecas escolares entre muitos outros. Para ocasi\u00f5es especiais como o Natal ou a P\u00e1scoa, tamb\u00e9m procuramos criar atividades que tragam sorrisos aos mais jovens da favela.<\/span><\/p>\n<p style=\"text-align: justify;\"><span style=\"font-weight: 400;\">Entrar nas comunidades e ajudar nessas tarefas \u00e9 extremamente gratificante e sempre um grande sucesso para nossa equipe e tamb\u00e9m para as comunidades que vivem as condi\u00e7\u00f5es e os problemas que suas comunidades enfrentam. Por isso, procuramos ser parceiros das comunidades, ver onde podemos ajud\u00e1-las e pedir que nos procurem sempre que precisarem de ajuda. Juntos somos mais fortes.<\/span><\/p>\n<p style=\"text-align: justify;\"><span style=\"font-weight: 400;\"><a href=\"https:\/\/maiscaminhos.org\/br\/oportunidades-voluntarias-no-rio-de-janeiro-mais-caminhos\/\">Junte-se \u00e0 nossa equipe de volunt\u00e1rios<\/a> agora para obter uma vis\u00e3o sobre as favelas do Rio de Janeiro.<\/span><\/p>\n<p>[\/vc_column_text][\/vc_column][vc_column width=&#8221;1\/2&#8243;][vc_empty_space][vc_column_text]<img decoding=\"async\" class=\"aligncenter size-full wp-image-80456\" src=\"https:\/\/maiscaminhos.org\/wp-content\/uploads\/2019\/06\/mais-caminhos6.jpg\" alt=\"\" width=\"100%\" srcset=\"https:\/\/maiscaminhos.org\/wp-content\/uploads\/2019\/06\/mais-caminhos6.jpg 463w, https:\/\/maiscaminhos.org\/wp-content\/uploads\/2019\/06\/mais-caminhos6-300x184.jpg 300w\" sizes=\"(max-width: 463px) 100vw, 463px\" \/>[\/vc_column_text][\/vc_column][\/vc_row]<\/p>\n<\/div>","protected":false},"excerpt":{"rendered":"<p>[vc_row][vc_column][vc_column_text][\/vc_column_text][\/vc_column][\/vc_row][vc_row][vc_column width=&#8221;1\/2&#8243;][vc_column_text el_class=&#8221;h2_internal h3_internal&#8221;] Trabalho comunit\u00e1rio Ao trabalhar e interagir diretamente com as crian\u00e7as, conhecemos seu hist\u00f3rico, suas condi\u00e7\u00f5es de vida e os problemas que suas comunidades enfrentam. Por isso, procuramos ser parceiros das comunidades, ver onde podemos ajud\u00e1-las e pedir que nos procurem sempre que precisarem de ajuda. Juntos somos mais fortes. A\u00e7\u00f5es di\u00e1rias [&hellip;]<\/p>\n","protected":false},"author":1,"featured_media":0,"parent":80067,"menu_order":0,"comment_status":"closed","ping_status":"closed","template":"","meta":{"footnotes":""},"class_list":["post-80453","page","type-page","status-publish","hentry"],"yoast_head":"<!-- This site is optimized with the Yoast SEO plugin v27.5 - https:\/\/yoast.com\/product\/yoast-seo-wordpress\/ -->\n<title>Caminhos in Action - Mais Caminhos<\/title>\n<meta name=\"robots\" content=\"index, follow, max-snippet:-1, max-image-preview:large, max-video-preview:-1\" \/>\n<link rel=\"canonical\" href=\"https:\/\/maiscaminhos.org\/what-we-do\/actions-days-mais-caminhos\/\" \/>\n<meta property=\"og:locale\" content=\"pt_BR\" \/>\n<meta property=\"og:type\" content=\"article\" \/>\n<meta property=\"og:title\" content=\"[:en]Caminhos in Action[:br]Caminhos in Action[:es]ACCIONES (D\u00cdAS)[:] - Mais Caminhos\" \/>\n<meta property=\"og:description\" content=\"[vc_row][vc_column][vc_column_text][\/vc_column_text][\/vc_column][\/vc_row][vc_row][vc_column width=&#8221;1\/2&#8243;][vc_column_text el_class=&#8221;h2_internal h3_internal&#8221;] Trabalho comunit\u00e1rio Ao trabalhar e interagir diretamente com as crian\u00e7as, conhecemos seu hist\u00f3rico, suas condi\u00e7\u00f5es de vida e os problemas que suas comunidades enfrentam. Por isso, procuramos ser parceiros das comunidades, ver onde podemos ajud\u00e1-las e pedir que nos procurem sempre que precisarem de ajuda. Juntos somos mais fortes. A\u00e7\u00f5es di\u00e1rias [&hellip;]\" \/>\n<meta property=\"og:url\" content=\"https:\/\/maiscaminhos.org\/what-we-do\/actions-days-mais-caminhos\/\" \/>\n<meta property=\"og:site_name\" content=\"Mais Caminhos\" \/>\n<meta property=\"article:modified_time\" content=\"2023-07-05T18:42:50+00:00\" \/>\n<meta property=\"og:image\" content=\"https:\/\/maiscaminhos.org\/wp-content\/uploads\/2019\/06\/mais-caminhos5.jpg\" \/>\n<meta name=\"twitter:card\" content=\"summary_large_image\" \/>\n<meta name=\"twitter:label1\" content=\"Est. tempo de leitura\" \/>\n\t<meta name=\"twitter:data1\" content=\"2 minutos\" \/>\n<script type=\"application\/ld+json\" class=\"yoast-schema-graph\">{\"@context\":\"https:\\\/\\\/schema.org\",\"@graph\":[{\"@type\":\"WebPage\",\"@id\":\"https:\\\/\\\/maiscaminhos.org\\\/what-we-do\\\/actions-days-mais-caminhos\\\/\",\"url\":\"https:\\\/\\\/maiscaminhos.org\\\/what-we-do\\\/actions-days-mais-caminhos\\\/\",\"name\":\"[:en]Caminhos in Action[:br]Caminhos in Action[:es]ACCIONES (D\u00cdAS)[:] - Mais Caminhos\",\"isPartOf\":{\"@id\":\"https:\\\/\\\/maiscaminhos.org\\\/#website\"},\"primaryImageOfPage\":{\"@id\":\"https:\\\/\\\/maiscaminhos.org\\\/what-we-do\\\/actions-days-mais-caminhos\\\/#primaryimage\"},\"image\":{\"@id\":\"https:\\\/\\\/maiscaminhos.org\\\/what-we-do\\\/actions-days-mais-caminhos\\\/#primaryimage\"},\"thumbnailUrl\":\"https:\\\/\\\/maiscaminhos.org\\\/wp-content\\\/uploads\\\/2019\\\/06\\\/mais-caminhos5.jpg\",\"datePublished\":\"2019-06-26T18:22:40+00:00\",\"dateModified\":\"2023-07-05T18:42:50+00:00\",\"breadcrumb\":{\"@id\":\"https:\\\/\\\/maiscaminhos.org\\\/what-we-do\\\/actions-days-mais-caminhos\\\/#breadcrumb\"},\"inLanguage\":\"pt-BR\",\"potentialAction\":[{\"@type\":\"ReadAction\",\"target\":[\"https:\\\/\\\/maiscaminhos.org\\\/what-we-do\\\/actions-days-mais-caminhos\\\/\"]}]},{\"@type\":\"ImageObject\",\"inLanguage\":\"pt-BR\",\"@id\":\"https:\\\/\\\/maiscaminhos.org\\\/what-we-do\\\/actions-days-mais-caminhos\\\/#primaryimage\",\"url\":\"https:\\\/\\\/maiscaminhos.org\\\/wp-content\\\/uploads\\\/2019\\\/06\\\/mais-caminhos5.jpg\",\"contentUrl\":\"https:\\\/\\\/maiscaminhos.org\\\/wp-content\\\/uploads\\\/2019\\\/06\\\/mais-caminhos5.jpg\"},{\"@type\":\"BreadcrumbList\",\"@id\":\"https:\\\/\\\/maiscaminhos.org\\\/what-we-do\\\/actions-days-mais-caminhos\\\/#breadcrumb\",\"itemListElement\":[{\"@type\":\"ListItem\",\"position\":1,\"name\":\"Home\",\"item\":\"https:\\\/\\\/maiscaminhos.org\\\/\"},{\"@type\":\"ListItem\",\"position\":2,\"name\":\"(English) WHAT WE DO\",\"item\":\"https:\\\/\\\/maiscaminhos.org\\\/fr\\\/what-we-do\\\/\"},{\"@type\":\"ListItem\",\"position\":3,\"name\":\"Caminhos in Action\"}]},{\"@type\":\"WebSite\",\"@id\":\"https:\\\/\\\/maiscaminhos.org\\\/#website\",\"url\":\"https:\\\/\\\/maiscaminhos.org\\\/\",\"name\":\"Mais Caminhos\",\"description\":\"Mais Caminhos\",\"potentialAction\":[{\"@type\":\"SearchAction\",\"target\":{\"@type\":\"EntryPoint\",\"urlTemplate\":\"https:\\\/\\\/maiscaminhos.org\\\/?s={search_term_string}\"},\"query-input\":{\"@type\":\"PropertyValueSpecification\",\"valueRequired\":true,\"valueName\":\"search_term_string\"}}],\"inLanguage\":\"pt-BR\"}]}<\/script>\n<!-- \/ Yoast SEO plugin. -->","yoast_head_json":{"title":"[:en]Caminhos in Action[:br]Caminhos in Action[:es]ACCIONES (D\u00cdAS)[:] - Mais Caminhos","robots":{"index":"index","follow":"follow","max-snippet":"max-snippet:-1","max-image-preview":"max-image-preview:large","max-video-preview":"max-video-preview:-1"},"canonical":"https:\/\/maiscaminhos.org\/what-we-do\/actions-days-mais-caminhos\/","og_locale":"pt_BR","og_type":"article","og_title":"[:en]Caminhos in Action[:br]Caminhos in Action[:es]ACCIONES (D\u00cdAS)[:] - Mais Caminhos","og_description":"[vc_row][vc_column][vc_column_text][\/vc_column_text][\/vc_column][\/vc_row][vc_row][vc_column width=&#8221;1\/2&#8243;][vc_column_text el_class=&#8221;h2_internal h3_internal&#8221;] Trabalho comunit\u00e1rio Ao trabalhar e interagir diretamente com as crian\u00e7as, conhecemos seu hist\u00f3rico, suas condi\u00e7\u00f5es de vida e os problemas que suas comunidades enfrentam. Por isso, procuramos ser parceiros das comunidades, ver onde podemos ajud\u00e1-las e pedir que nos procurem sempre que precisarem de ajuda. Juntos somos mais fortes. A\u00e7\u00f5es di\u00e1rias [&hellip;]","og_url":"https:\/\/maiscaminhos.org\/what-we-do\/actions-days-mais-caminhos\/","og_site_name":"Mais Caminhos","article_modified_time":"2023-07-05T18:42:50+00:00","og_image":[{"url":"https:\/\/maiscaminhos.org\/wp-content\/uploads\/2019\/06\/mais-caminhos5.jpg","type":"","width":"","height":""}],"twitter_card":"summary_large_image","twitter_misc":{"Est. tempo de leitura":"2 minutos"},"schema":{"@context":"https:\/\/schema.org","@graph":[{"@type":"WebPage","@id":"https:\/\/maiscaminhos.org\/what-we-do\/actions-days-mais-caminhos\/","url":"https:\/\/maiscaminhos.org\/what-we-do\/actions-days-mais-caminhos\/","name":"[:en]Caminhos in Action[:br]Caminhos in Action[:es]ACCIONES (D\u00cdAS)[:] - Mais Caminhos","isPartOf":{"@id":"https:\/\/maiscaminhos.org\/#website"},"primaryImageOfPage":{"@id":"https:\/\/maiscaminhos.org\/what-we-do\/actions-days-mais-caminhos\/#primaryimage"},"image":{"@id":"https:\/\/maiscaminhos.org\/what-we-do\/actions-days-mais-caminhos\/#primaryimage"},"thumbnailUrl":"https:\/\/maiscaminhos.org\/wp-content\/uploads\/2019\/06\/mais-caminhos5.jpg","datePublished":"2019-06-26T18:22:40+00:00","dateModified":"2023-07-05T18:42:50+00:00","breadcrumb":{"@id":"https:\/\/maiscaminhos.org\/what-we-do\/actions-days-mais-caminhos\/#breadcrumb"},"inLanguage":"pt-BR","potentialAction":[{"@type":"ReadAction","target":["https:\/\/maiscaminhos.org\/what-we-do\/actions-days-mais-caminhos\/"]}]},{"@type":"ImageObject","inLanguage":"pt-BR","@id":"https:\/\/maiscaminhos.org\/what-we-do\/actions-days-mais-caminhos\/#primaryimage","url":"https:\/\/maiscaminhos.org\/wp-content\/uploads\/2019\/06\/mais-caminhos5.jpg","contentUrl":"https:\/\/maiscaminhos.org\/wp-content\/uploads\/2019\/06\/mais-caminhos5.jpg"},{"@type":"BreadcrumbList","@id":"https:\/\/maiscaminhos.org\/what-we-do\/actions-days-mais-caminhos\/#breadcrumb","itemListElement":[{"@type":"ListItem","position":1,"name":"Home","item":"https:\/\/maiscaminhos.org\/"},{"@type":"ListItem","position":2,"name":"(English) WHAT WE DO","item":"https:\/\/maiscaminhos.org\/fr\/what-we-do\/"},{"@type":"ListItem","position":3,"name":"Caminhos in Action"}]},{"@type":"WebSite","@id":"https:\/\/maiscaminhos.org\/#website","url":"https:\/\/maiscaminhos.org\/","name":"Mais Caminhos","description":"Mais Caminhos","potentialAction":[{"@type":"SearchAction","target":{"@type":"EntryPoint","urlTemplate":"https:\/\/maiscaminhos.org\/?s={search_term_string}"},"query-input":{"@type":"PropertyValueSpecification","valueRequired":true,"valueName":"search_term_string"}}],"inLanguage":"pt-BR"}]}},"_links":{"self":[{"href":"https:\/\/maiscaminhos.org\/br\/wp-json\/wp\/v2\/pages\/80453","targetHints":{"allow":["GET"]}}],"collection":[{"href":"https:\/\/maiscaminhos.org\/br\/wp-json\/wp\/v2\/pages"}],"about":[{"href":"https:\/\/maiscaminhos.org\/br\/wp-json\/wp\/v2\/types\/page"}],"author":[{"embeddable":true,"href":"https:\/\/maiscaminhos.org\/br\/wp-json\/wp\/v2\/users\/1"}],"replies":[{"embeddable":true,"href":"https:\/\/maiscaminhos.org\/br\/wp-json\/wp\/v2\/comments?post=80453"}],"version-history":[{"count":15,"href":"https:\/\/maiscaminhos.org\/br\/wp-json\/wp\/v2\/pages\/80453\/revisions"}],"predecessor-version":[{"id":88900,"href":"https:\/\/maiscaminhos.org\/br\/wp-json\/wp\/v2\/pages\/80453\/revisions\/88900"}],"up":[{"embeddable":true,"href":"https:\/\/maiscaminhos.org\/br\/wp-json\/wp\/v2\/pages\/80067"}],"wp:attachment":[{"href":"https:\/\/maiscaminhos.org\/br\/wp-json\/wp\/v2\/media?parent=80453"}],"curies":[{"name":"wp","href":"https:\/\/api.w.org\/{rel}","templated":true}]}}