{"id":80426,"date":"2019-06-26T17:58:01","date_gmt":"2019-06-26T17:58:01","guid":{"rendered":"https:\/\/maiscaminhos.org\/?page_id=80426"},"modified":"2019-10-17T17:20:50","modified_gmt":"2019-10-17T17:20:50","slug":"rio-de-janeiro","status":"publish","type":"page","link":"https:\/\/maiscaminhos.org\/br\/quem-somos\/rio-de-janeiro-mais-caminhos\/","title":{"rendered":"Rio de Janeiro"},"content":{"rendered":"<div class=\"wpb-content-wrapper\"><p>[vc_row][vc_column][vc_column_text el_class=&#8221;h2_internal h3_internal&#8221;]<\/p>\n<p style=\"text-align: justify;\"><img decoding=\"async\" class=\"size-full wp-image-80427\" src=\"https:\/\/maiscaminhos.org\/wp-content\/uploads\/2019\/06\/mais-caminhos3.jpg\" alt=\"\" width=\"100%\" srcset=\"https:\/\/maiscaminhos.org\/wp-content\/uploads\/2019\/06\/mais-caminhos3.jpg 870w, https:\/\/maiscaminhos.org\/wp-content\/uploads\/2019\/06\/mais-caminhos3-300x157.jpg 300w, https:\/\/maiscaminhos.org\/wp-content\/uploads\/2019\/06\/mais-caminhos3-768x402.jpg 768w, https:\/\/maiscaminhos.org\/wp-content\/uploads\/2019\/06\/mais-caminhos3-370x193.jpg 370w\" sizes=\"(max-width: 870px) 100vw, 870px\" \/><\/p>\n<h2 style=\"text-align: justify;\">Rio de Janeiro<\/h2>\n<p style=\"text-align: justify;\">O Rio de Janeiro \u00e9 uma bela cidade \u00e0 beira-mar, famosa por suas praias como Ipanema e Copacabana. Possui um cen\u00e1rio de tirar o f\u00f4lego e uma descontra\u00edda cultura praiana. O Rio tamb\u00e9m \u00e9 famoso pelo carnaval, que toma conta da cidade inteira para uma semana de m\u00fasicas, dan\u00e7as e festividades!<\/p>\n<p style=\"text-align: justify;\">O Rio tamb\u00e9m \u00e9 a segunda maior cidade do Brasil e oferece cultura, arte, e muitas atra\u00e7\u00f5es tur\u00edsticas. Uma das mais ic\u00f4nicas \u00e9 o Cristo Redentor, olhando toda a cidade. O Rio \u00e9 dividido em 4 zonas principais: sul, norte, oeste e central. Cada zona oferece seus pr\u00f3prios ambientes e atra\u00e7\u00f5es. As oferendas din\u00e2micas do Rio, faz com que seja uma das cidades mais \u00fanicas do mundo. Em qualquer momento, voc\u00ea pode contar em encontrar uma multid\u00e3o vibrante, paisagens intocadas, e m\u00fasica ao vivo! N\u00e3o perca um coco gelado na praia de Ipanema, um a\u00e7a\u00ed em uma barraca, aulas de samba em alguma escola em Copacabana, ou paisagens recompensadoras ap\u00f3s caminhar no morro Dois Irm\u00e3os.<\/p>\n<p style=\"text-align: justify;\">No entanto, o Rio \u00e9 uma cidade conhecida por suas favelas que est\u00e3o se espalhando, um testemunho de suas desigualdades sociais que assolam as vidas de seus habitantes. Certifique-se de explorar tudo o que o Rio tem para oferecer e educar-se sobre as favelas e suas origens.<\/p>\n<p>[\/vc_column_text][\/vc_column][\/vc_row]<\/p>\n<\/div>","protected":false},"excerpt":{"rendered":"<p>[vc_row][vc_column][vc_column_text el_class=&#8221;h2_internal h3_internal&#8221;] Rio de Janeiro O Rio de Janeiro \u00e9 uma bela cidade \u00e0 beira-mar, famosa por suas praias como Ipanema e Copacabana. Possui um cen\u00e1rio de tirar o f\u00f4lego e uma descontra\u00edda cultura praiana. O Rio tamb\u00e9m \u00e9 famoso pelo carnaval, que toma conta da cidade inteira para uma semana de m\u00fasicas, dan\u00e7as [&hellip;]<\/p>\n","protected":false},"author":10,"featured_media":0,"parent":80061,"menu_order":0,"comment_status":"closed","ping_status":"closed","template":"","meta":{"footnotes":""},"class_list":["post-80426","page","type-page","status-publish","hentry"],"yoast_head":"<!-- This site is optimized with the Yoast SEO plugin v27.5 - https:\/\/yoast.com\/product\/yoast-seo-wordpress\/ -->\n<title>Rio de Janeiro - Mais Caminhos<\/title>\n<meta name=\"robots\" content=\"index, follow, max-snippet:-1, max-image-preview:large, max-video-preview:-1\" \/>\n<link rel=\"canonical\" href=\"https:\/\/maiscaminhos.org\/de\/who-we-are\/rio-de-janeiro-mais-caminhos\/\" \/>\n<meta property=\"og:locale\" content=\"pt_BR\" \/>\n<meta property=\"og:type\" content=\"article\" \/>\n<meta property=\"og:title\" content=\"[:en]Rio de Janeiro[:br]Rio de Janeiro[:es]Rio de Janeiro[:] - Mais Caminhos\" \/>\n<meta property=\"og:description\" content=\"[vc_row][vc_column][vc_column_text el_class=&#8221;h2_internal h3_internal&#8221;] Rio de Janeiro O Rio de Janeiro \u00e9 uma bela cidade \u00e0 beira-mar, famosa por suas praias como Ipanema e Copacabana. Possui um cen\u00e1rio de tirar o f\u00f4lego e uma descontra\u00edda cultura praiana. O Rio tamb\u00e9m \u00e9 famoso pelo carnaval, que toma conta da cidade inteira para uma semana de m\u00fasicas, dan\u00e7as [&hellip;]\" \/>\n<meta property=\"og:url\" content=\"https:\/\/maiscaminhos.org\/de\/who-we-are\/rio-de-janeiro-mais-caminhos\/\" \/>\n<meta property=\"og:site_name\" content=\"Mais Caminhos\" \/>\n<meta property=\"article:modified_time\" content=\"2019-10-17T17:20:50+00:00\" \/>\n<meta property=\"og:image\" content=\"https:\/\/maiscaminhos.org\/wp-content\/uploads\/2019\/06\/mais-caminhos3.jpg\" \/>\n<meta name=\"twitter:card\" content=\"summary_large_image\" \/>\n<meta name=\"twitter:label1\" content=\"Est. tempo de leitura\" \/>\n\t<meta name=\"twitter:data1\" content=\"4 minutos\" \/>\n<script type=\"application\/ld+json\" class=\"yoast-schema-graph\">{\"@context\":\"https:\\\/\\\/schema.org\",\"@graph\":[{\"@type\":\"WebPage\",\"@id\":\"https:\\\/\\\/maiscaminhos.org\\\/de\\\/who-we-are\\\/rio-de-janeiro-mais-caminhos\\\/\",\"url\":\"https:\\\/\\\/maiscaminhos.org\\\/de\\\/who-we-are\\\/rio-de-janeiro-mais-caminhos\\\/\",\"name\":\"[:en]Rio de Janeiro[:br]Rio de Janeiro[:es]Rio de Janeiro[:] - Mais Caminhos\",\"isPartOf\":{\"@id\":\"https:\\\/\\\/maiscaminhos.org\\\/#website\"},\"primaryImageOfPage\":{\"@id\":\"https:\\\/\\\/maiscaminhos.org\\\/de\\\/who-we-are\\\/rio-de-janeiro-mais-caminhos\\\/#primaryimage\"},\"image\":{\"@id\":\"https:\\\/\\\/maiscaminhos.org\\\/de\\\/who-we-are\\\/rio-de-janeiro-mais-caminhos\\\/#primaryimage\"},\"thumbnailUrl\":\"https:\\\/\\\/maiscaminhos.org\\\/wp-content\\\/uploads\\\/2019\\\/06\\\/mais-caminhos3.jpg\",\"datePublished\":\"2019-06-26T17:58:01+00:00\",\"dateModified\":\"2019-10-17T17:20:50+00:00\",\"breadcrumb\":{\"@id\":\"https:\\\/\\\/maiscaminhos.org\\\/de\\\/who-we-are\\\/rio-de-janeiro-mais-caminhos\\\/#breadcrumb\"},\"inLanguage\":\"pt-BR\",\"potentialAction\":[{\"@type\":\"ReadAction\",\"target\":[\"https:\\\/\\\/maiscaminhos.org\\\/de\\\/who-we-are\\\/rio-de-janeiro-mais-caminhos\\\/\"]}]},{\"@type\":\"ImageObject\",\"inLanguage\":\"pt-BR\",\"@id\":\"https:\\\/\\\/maiscaminhos.org\\\/de\\\/who-we-are\\\/rio-de-janeiro-mais-caminhos\\\/#primaryimage\",\"url\":\"https:\\\/\\\/maiscaminhos.org\\\/wp-content\\\/uploads\\\/2019\\\/06\\\/mais-caminhos3.jpg\",\"contentUrl\":\"https:\\\/\\\/maiscaminhos.org\\\/wp-content\\\/uploads\\\/2019\\\/06\\\/mais-caminhos3.jpg\"},{\"@type\":\"BreadcrumbList\",\"@id\":\"https:\\\/\\\/maiscaminhos.org\\\/de\\\/who-we-are\\\/rio-de-janeiro-mais-caminhos\\\/#breadcrumb\",\"itemListElement\":[{\"@type\":\"ListItem\",\"position\":1,\"name\":\"Home\",\"item\":\"https:\\\/\\\/maiscaminhos.org\\\/\"},{\"@type\":\"ListItem\",\"position\":2,\"name\":\"Sobre nosotros\",\"item\":\"https:\\\/\\\/maiscaminhos.org\\\/es\\\/quienes-somos\\\/\"},{\"@type\":\"ListItem\",\"position\":3,\"name\":\"(English) Rio de Janeiro\"}]},{\"@type\":\"WebSite\",\"@id\":\"https:\\\/\\\/maiscaminhos.org\\\/#website\",\"url\":\"https:\\\/\\\/maiscaminhos.org\\\/\",\"name\":\"Mais Caminhos\",\"description\":\"Mais Caminhos\",\"potentialAction\":[{\"@type\":\"SearchAction\",\"target\":{\"@type\":\"EntryPoint\",\"urlTemplate\":\"https:\\\/\\\/maiscaminhos.org\\\/?s={search_term_string}\"},\"query-input\":{\"@type\":\"PropertyValueSpecification\",\"valueRequired\":true,\"valueName\":\"search_term_string\"}}],\"inLanguage\":\"pt-BR\"}]}<\/script>\n<!-- \/ Yoast SEO plugin. -->","yoast_head_json":{"title":"[:en]Rio de Janeiro[:br]Rio de Janeiro[:es]Rio de Janeiro[:] - Mais Caminhos","robots":{"index":"index","follow":"follow","max-snippet":"max-snippet:-1","max-image-preview":"max-image-preview:large","max-video-preview":"max-video-preview:-1"},"canonical":"https:\/\/maiscaminhos.org\/de\/who-we-are\/rio-de-janeiro-mais-caminhos\/","og_locale":"pt_BR","og_type":"article","og_title":"[:en]Rio de Janeiro[:br]Rio de Janeiro[:es]Rio de Janeiro[:] - Mais Caminhos","og_description":"[vc_row][vc_column][vc_column_text el_class=&#8221;h2_internal h3_internal&#8221;] Rio de Janeiro O Rio de Janeiro \u00e9 uma bela cidade \u00e0 beira-mar, famosa por suas praias como Ipanema e Copacabana. Possui um cen\u00e1rio de tirar o f\u00f4lego e uma descontra\u00edda cultura praiana. O Rio tamb\u00e9m \u00e9 famoso pelo carnaval, que toma conta da cidade inteira para uma semana de m\u00fasicas, dan\u00e7as [&hellip;]","og_url":"https:\/\/maiscaminhos.org\/de\/who-we-are\/rio-de-janeiro-mais-caminhos\/","og_site_name":"Mais Caminhos","article_modified_time":"2019-10-17T17:20:50+00:00","og_image":[{"url":"https:\/\/maiscaminhos.org\/wp-content\/uploads\/2019\/06\/mais-caminhos3.jpg","type":"","width":"","height":""}],"twitter_card":"summary_large_image","twitter_misc":{"Est. tempo de leitura":"4 minutos"},"schema":{"@context":"https:\/\/schema.org","@graph":[{"@type":"WebPage","@id":"https:\/\/maiscaminhos.org\/de\/who-we-are\/rio-de-janeiro-mais-caminhos\/","url":"https:\/\/maiscaminhos.org\/de\/who-we-are\/rio-de-janeiro-mais-caminhos\/","name":"[:en]Rio de Janeiro[:br]Rio de Janeiro[:es]Rio de Janeiro[:] - Mais Caminhos","isPartOf":{"@id":"https:\/\/maiscaminhos.org\/#website"},"primaryImageOfPage":{"@id":"https:\/\/maiscaminhos.org\/de\/who-we-are\/rio-de-janeiro-mais-caminhos\/#primaryimage"},"image":{"@id":"https:\/\/maiscaminhos.org\/de\/who-we-are\/rio-de-janeiro-mais-caminhos\/#primaryimage"},"thumbnailUrl":"https:\/\/maiscaminhos.org\/wp-content\/uploads\/2019\/06\/mais-caminhos3.jpg","datePublished":"2019-06-26T17:58:01+00:00","dateModified":"2019-10-17T17:20:50+00:00","breadcrumb":{"@id":"https:\/\/maiscaminhos.org\/de\/who-we-are\/rio-de-janeiro-mais-caminhos\/#breadcrumb"},"inLanguage":"pt-BR","potentialAction":[{"@type":"ReadAction","target":["https:\/\/maiscaminhos.org\/de\/who-we-are\/rio-de-janeiro-mais-caminhos\/"]}]},{"@type":"ImageObject","inLanguage":"pt-BR","@id":"https:\/\/maiscaminhos.org\/de\/who-we-are\/rio-de-janeiro-mais-caminhos\/#primaryimage","url":"https:\/\/maiscaminhos.org\/wp-content\/uploads\/2019\/06\/mais-caminhos3.jpg","contentUrl":"https:\/\/maiscaminhos.org\/wp-content\/uploads\/2019\/06\/mais-caminhos3.jpg"},{"@type":"BreadcrumbList","@id":"https:\/\/maiscaminhos.org\/de\/who-we-are\/rio-de-janeiro-mais-caminhos\/#breadcrumb","itemListElement":[{"@type":"ListItem","position":1,"name":"Home","item":"https:\/\/maiscaminhos.org\/"},{"@type":"ListItem","position":2,"name":"Sobre nosotros","item":"https:\/\/maiscaminhos.org\/es\/quienes-somos\/"},{"@type":"ListItem","position":3,"name":"(English) Rio de Janeiro"}]},{"@type":"WebSite","@id":"https:\/\/maiscaminhos.org\/#website","url":"https:\/\/maiscaminhos.org\/","name":"Mais Caminhos","description":"Mais Caminhos","potentialAction":[{"@type":"SearchAction","target":{"@type":"EntryPoint","urlTemplate":"https:\/\/maiscaminhos.org\/?s={search_term_string}"},"query-input":{"@type":"PropertyValueSpecification","valueRequired":true,"valueName":"search_term_string"}}],"inLanguage":"pt-BR"}]}},"_links":{"self":[{"href":"https:\/\/maiscaminhos.org\/br\/wp-json\/wp\/v2\/pages\/80426","targetHints":{"allow":["GET"]}}],"collection":[{"href":"https:\/\/maiscaminhos.org\/br\/wp-json\/wp\/v2\/pages"}],"about":[{"href":"https:\/\/maiscaminhos.org\/br\/wp-json\/wp\/v2\/types\/page"}],"author":[{"embeddable":true,"href":"https:\/\/maiscaminhos.org\/br\/wp-json\/wp\/v2\/users\/10"}],"replies":[{"embeddable":true,"href":"https:\/\/maiscaminhos.org\/br\/wp-json\/wp\/v2\/comments?post=80426"}],"version-history":[{"count":5,"href":"https:\/\/maiscaminhos.org\/br\/wp-json\/wp\/v2\/pages\/80426\/revisions"}],"predecessor-version":[{"id":81415,"href":"https:\/\/maiscaminhos.org\/br\/wp-json\/wp\/v2\/pages\/80426\/revisions\/81415"}],"up":[{"embeddable":true,"href":"https:\/\/maiscaminhos.org\/br\/wp-json\/wp\/v2\/pages\/80061"}],"wp:attachment":[{"href":"https:\/\/maiscaminhos.org\/br\/wp-json\/wp\/v2\/media?parent=80426"}],"curies":[{"name":"wp","href":"https:\/\/api.w.org\/{rel}","templated":true}]}}