{"id":80415,"date":"2019-06-26T17:47:16","date_gmt":"2019-06-26T17:47:16","guid":{"rendered":"https:\/\/maiscaminhos.org\/?page_id=80415"},"modified":"2023-07-05T18:05:08","modified_gmt":"2023-07-05T18:05:08","slug":"community-cantagalo-pavao-pavaozinho","status":"publish","type":"page","link":"https:\/\/maiscaminhos.org\/br\/quem-somos\/comunidade-cantagalo-pavaozinho-mais-caminhos\/","title":{"rendered":"Comunidade Cantagalo Pav\u00e3o-Pav\u00e3ozinho"},"content":{"rendered":"<div class=\"wpb-content-wrapper\"><p>[vc_row][vc_column width=&#8221;1\/2&#8243;][vc_column_text el_class=&#8221;h2_internal h3_internal&#8221;]<\/p>\n<h2 style=\"text-align: justify;\">Cantagalo Pav\u00e3o-Pav\u00e3ozinho<\/h2>\n<p style=\"text-align: justify;\"><span style=\"font-weight: 400;\">Utilizando nossos fortes la\u00e7os com as comunidades vizinhas no Rio de Janeiro, Cantagalo e Pav\u00e3o-Pav\u00e3ozinho, nos concentramos em apoiar as fam\u00edlias e os indiv\u00edduos dessas comunidades, oferecendo uma gama de atividades educacionais que lhes d\u00e3o a melhor chance de alcan\u00e7ar um futuro frut\u00edfero.<\/span><\/p>\n<p style=\"text-align: justify;\"><span style=\"font-weight: 400;\">O Cantagalo e o Pav\u00e3o-Pav\u00e3ozinho est\u00e3o localizados na zona sul do Rio de Janeiro, entre os bairros de Ipanema e Leblon. A hist\u00f3ria dessas comunidades no Rio de Janeiro remonta a 1908, quando foram constru\u00eddos os primeiros barracos de madeira no morro. A comunidade foi iniciada por ex-escravos, mineiros e nordestinos que migraram para o Rio de Janeiro na esperan\u00e7a de uma vida melhor e mais possibilidades de trabalho. Com 34% da popula\u00e7\u00e3o brasileira vivendo abaixo da linha da pobreza, as favelas s\u00e3o uma evid\u00eancia das desigualdades sociais que assolam o pa\u00eds. Hoje essas comunidades do Rio de Janeiro contam com uma Unidade de Pol\u00edcia Pacificadora, uma esta\u00e7\u00e3o de metr\u00f4 e aproximadamente 20.000 habitantes.<\/span><\/p>\n<p style=\"text-align: justify;\"><span style=\"font-weight: 400;\">Para mais informa\u00e7\u00f5es sobre Cantagalo e Pav\u00e3o-Pav\u00e3ozinho, visite <a href=\"https:\/\/catcomm.org\/about\" target=\"_blank\" rel=\"noopener\"><b>catcomm.org\/about<\/b><\/a> e\u00a0<a href=\"https:\/\/www.rioonwatch.org\/\" target=\"_blank\" rel=\"noopener\"><b>rioonwatch.org<\/b><\/a>.<\/span><\/p>\n<p>[\/vc_column_text][\/vc_column][vc_column width=&#8221;1\/2&#8243;][vc_empty_space height=&#8221;75px&#8221;][vc_single_image image=&#8221;80420&#8243; img_size=&#8221;full&#8221;][\/vc_column][\/vc_row]<\/p>\n<\/div>","protected":false},"excerpt":{"rendered":"<p>[vc_row][vc_column width=&#8221;1\/2&#8243;][vc_column_text el_class=&#8221;h2_internal h3_internal&#8221;] Cantagalo Pav\u00e3o-Pav\u00e3ozinho Utilizando nossos fortes la\u00e7os com as comunidades vizinhas no Rio de Janeiro, Cantagalo e Pav\u00e3o-Pav\u00e3ozinho, nos concentramos em apoiar as fam\u00edlias e os indiv\u00edduos dessas comunidades, oferecendo uma gama de atividades educacionais que lhes d\u00e3o a melhor chance de alcan\u00e7ar um futuro frut\u00edfero. O Cantagalo e o Pav\u00e3o-Pav\u00e3ozinho est\u00e3o [&hellip;]<\/p>\n","protected":false},"author":10,"featured_media":0,"parent":80061,"menu_order":0,"comment_status":"closed","ping_status":"closed","template":"","meta":{"footnotes":""},"class_list":["post-80415","page","type-page","status-publish","hentry"],"yoast_head":"<!-- This site is optimized with the Yoast SEO plugin v27.4 - https:\/\/yoast.com\/product\/yoast-seo-wordpress\/ -->\n<title>Comunidade Cantagalo Pav\u00e3o-Pav\u00e3ozinho - Mais Caminhos<\/title>\n<meta name=\"robots\" content=\"index, follow, max-snippet:-1, max-image-preview:large, max-video-preview:-1\" \/>\n<link rel=\"canonical\" href=\"https:\/\/maiscaminhos.org\/who-we-are\/community-cantagalo-pavaozinho-mais-caminhos\/\" \/>\n<meta property=\"og:locale\" content=\"pt_BR\" \/>\n<meta property=\"og:type\" content=\"article\" \/>\n<meta property=\"og:title\" content=\"[:en]Community Cantagalo Pav\u00e3o-Pav\u00e3ozinho[:br]Comunidade Cantagalo Pav\u00e3o-Pav\u00e3ozinho[:es]Comunidad Cantagalo Pav\u00e3o-Pav\u00e3ozinho[:] - Mais Caminhos\" \/>\n<meta property=\"og:description\" content=\"[vc_row][vc_column width=&#8221;1\/2&#8243;][vc_column_text el_class=&#8221;h2_internal h3_internal&#8221;] Cantagalo Pav\u00e3o-Pav\u00e3ozinho Utilizando nossos fortes la\u00e7os com as comunidades vizinhas no Rio de Janeiro, Cantagalo e Pav\u00e3o-Pav\u00e3ozinho, nos concentramos em apoiar as fam\u00edlias e os indiv\u00edduos dessas comunidades, oferecendo uma gama de atividades educacionais que lhes d\u00e3o a melhor chance de alcan\u00e7ar um futuro frut\u00edfero. O Cantagalo e o Pav\u00e3o-Pav\u00e3ozinho est\u00e3o [&hellip;]\" \/>\n<meta property=\"og:url\" content=\"https:\/\/maiscaminhos.org\/who-we-are\/community-cantagalo-pavaozinho-mais-caminhos\/\" \/>\n<meta property=\"og:site_name\" content=\"Mais Caminhos\" \/>\n<meta property=\"article:modified_time\" content=\"2023-07-05T18:05:08+00:00\" \/>\n<meta name=\"twitter:card\" content=\"summary_large_image\" \/>\n<meta name=\"twitter:label1\" content=\"Est. tempo de leitura\" \/>\n\t<meta name=\"twitter:data1\" content=\"1 minuto\" \/>\n<script type=\"application\/ld+json\" class=\"yoast-schema-graph\">{\"@context\":\"https:\\\/\\\/schema.org\",\"@graph\":[{\"@type\":\"WebPage\",\"@id\":\"https:\\\/\\\/maiscaminhos.org\\\/who-we-are\\\/community-cantagalo-pavaozinho-mais-caminhos\\\/\",\"url\":\"https:\\\/\\\/maiscaminhos.org\\\/who-we-are\\\/community-cantagalo-pavaozinho-mais-caminhos\\\/\",\"name\":\"[:en]Community Cantagalo Pav\u00e3o-Pav\u00e3ozinho[:br]Comunidade Cantagalo Pav\u00e3o-Pav\u00e3ozinho[:es]Comunidad Cantagalo Pav\u00e3o-Pav\u00e3ozinho[:] - Mais Caminhos\",\"isPartOf\":{\"@id\":\"https:\\\/\\\/maiscaminhos.org\\\/#website\"},\"datePublished\":\"2019-06-26T17:47:16+00:00\",\"dateModified\":\"2023-07-05T18:05:08+00:00\",\"breadcrumb\":{\"@id\":\"https:\\\/\\\/maiscaminhos.org\\\/who-we-are\\\/community-cantagalo-pavaozinho-mais-caminhos\\\/#breadcrumb\"},\"inLanguage\":\"pt-BR\",\"potentialAction\":[{\"@type\":\"ReadAction\",\"target\":[\"https:\\\/\\\/maiscaminhos.org\\\/who-we-are\\\/community-cantagalo-pavaozinho-mais-caminhos\\\/\"]}]},{\"@type\":\"BreadcrumbList\",\"@id\":\"https:\\\/\\\/maiscaminhos.org\\\/who-we-are\\\/community-cantagalo-pavaozinho-mais-caminhos\\\/#breadcrumb\",\"itemListElement\":[{\"@type\":\"ListItem\",\"position\":1,\"name\":\"Home\",\"item\":\"https:\\\/\\\/maiscaminhos.org\\\/\"},{\"@type\":\"ListItem\",\"position\":2,\"name\":\"Sobre nosotros\",\"item\":\"https:\\\/\\\/maiscaminhos.org\\\/es\\\/quienes-somos\\\/\"},{\"@type\":\"ListItem\",\"position\":3,\"name\":\"Community Cantagalo Pav\u00e3o-Pav\u00e3ozinho\"}]},{\"@type\":\"WebSite\",\"@id\":\"https:\\\/\\\/maiscaminhos.org\\\/#website\",\"url\":\"https:\\\/\\\/maiscaminhos.org\\\/\",\"name\":\"Mais Caminhos\",\"description\":\"Mais Caminhos\",\"potentialAction\":[{\"@type\":\"SearchAction\",\"target\":{\"@type\":\"EntryPoint\",\"urlTemplate\":\"https:\\\/\\\/maiscaminhos.org\\\/?s={search_term_string}\"},\"query-input\":{\"@type\":\"PropertyValueSpecification\",\"valueRequired\":true,\"valueName\":\"search_term_string\"}}],\"inLanguage\":\"pt-BR\"}]}<\/script>\n<!-- \/ Yoast SEO plugin. -->","yoast_head_json":{"title":"[:en]Community Cantagalo Pav\u00e3o-Pav\u00e3ozinho[:br]Comunidade Cantagalo Pav\u00e3o-Pav\u00e3ozinho[:es]Comunidad Cantagalo Pav\u00e3o-Pav\u00e3ozinho[:] - Mais Caminhos","robots":{"index":"index","follow":"follow","max-snippet":"max-snippet:-1","max-image-preview":"max-image-preview:large","max-video-preview":"max-video-preview:-1"},"canonical":"https:\/\/maiscaminhos.org\/who-we-are\/community-cantagalo-pavaozinho-mais-caminhos\/","og_locale":"pt_BR","og_type":"article","og_title":"[:en]Community Cantagalo Pav\u00e3o-Pav\u00e3ozinho[:br]Comunidade Cantagalo Pav\u00e3o-Pav\u00e3ozinho[:es]Comunidad Cantagalo Pav\u00e3o-Pav\u00e3ozinho[:] - Mais Caminhos","og_description":"[vc_row][vc_column width=&#8221;1\/2&#8243;][vc_column_text el_class=&#8221;h2_internal h3_internal&#8221;] Cantagalo Pav\u00e3o-Pav\u00e3ozinho Utilizando nossos fortes la\u00e7os com as comunidades vizinhas no Rio de Janeiro, Cantagalo e Pav\u00e3o-Pav\u00e3ozinho, nos concentramos em apoiar as fam\u00edlias e os indiv\u00edduos dessas comunidades, oferecendo uma gama de atividades educacionais que lhes d\u00e3o a melhor chance de alcan\u00e7ar um futuro frut\u00edfero. O Cantagalo e o Pav\u00e3o-Pav\u00e3ozinho est\u00e3o [&hellip;]","og_url":"https:\/\/maiscaminhos.org\/who-we-are\/community-cantagalo-pavaozinho-mais-caminhos\/","og_site_name":"Mais Caminhos","article_modified_time":"2023-07-05T18:05:08+00:00","twitter_card":"summary_large_image","twitter_misc":{"Est. tempo de leitura":"1 minuto"},"schema":{"@context":"https:\/\/schema.org","@graph":[{"@type":"WebPage","@id":"https:\/\/maiscaminhos.org\/who-we-are\/community-cantagalo-pavaozinho-mais-caminhos\/","url":"https:\/\/maiscaminhos.org\/who-we-are\/community-cantagalo-pavaozinho-mais-caminhos\/","name":"[:en]Community Cantagalo Pav\u00e3o-Pav\u00e3ozinho[:br]Comunidade Cantagalo Pav\u00e3o-Pav\u00e3ozinho[:es]Comunidad Cantagalo Pav\u00e3o-Pav\u00e3ozinho[:] - Mais Caminhos","isPartOf":{"@id":"https:\/\/maiscaminhos.org\/#website"},"datePublished":"2019-06-26T17:47:16+00:00","dateModified":"2023-07-05T18:05:08+00:00","breadcrumb":{"@id":"https:\/\/maiscaminhos.org\/who-we-are\/community-cantagalo-pavaozinho-mais-caminhos\/#breadcrumb"},"inLanguage":"pt-BR","potentialAction":[{"@type":"ReadAction","target":["https:\/\/maiscaminhos.org\/who-we-are\/community-cantagalo-pavaozinho-mais-caminhos\/"]}]},{"@type":"BreadcrumbList","@id":"https:\/\/maiscaminhos.org\/who-we-are\/community-cantagalo-pavaozinho-mais-caminhos\/#breadcrumb","itemListElement":[{"@type":"ListItem","position":1,"name":"Home","item":"https:\/\/maiscaminhos.org\/"},{"@type":"ListItem","position":2,"name":"Sobre nosotros","item":"https:\/\/maiscaminhos.org\/es\/quienes-somos\/"},{"@type":"ListItem","position":3,"name":"Community Cantagalo Pav\u00e3o-Pav\u00e3ozinho"}]},{"@type":"WebSite","@id":"https:\/\/maiscaminhos.org\/#website","url":"https:\/\/maiscaminhos.org\/","name":"Mais Caminhos","description":"Mais Caminhos","potentialAction":[{"@type":"SearchAction","target":{"@type":"EntryPoint","urlTemplate":"https:\/\/maiscaminhos.org\/?s={search_term_string}"},"query-input":{"@type":"PropertyValueSpecification","valueRequired":true,"valueName":"search_term_string"}}],"inLanguage":"pt-BR"}]}},"_links":{"self":[{"href":"https:\/\/maiscaminhos.org\/br\/wp-json\/wp\/v2\/pages\/80415","targetHints":{"allow":["GET"]}}],"collection":[{"href":"https:\/\/maiscaminhos.org\/br\/wp-json\/wp\/v2\/pages"}],"about":[{"href":"https:\/\/maiscaminhos.org\/br\/wp-json\/wp\/v2\/types\/page"}],"author":[{"embeddable":true,"href":"https:\/\/maiscaminhos.org\/br\/wp-json\/wp\/v2\/users\/10"}],"replies":[{"embeddable":true,"href":"https:\/\/maiscaminhos.org\/br\/wp-json\/wp\/v2\/comments?post=80415"}],"version-history":[{"count":20,"href":"https:\/\/maiscaminhos.org\/br\/wp-json\/wp\/v2\/pages\/80415\/revisions"}],"predecessor-version":[{"id":88891,"href":"https:\/\/maiscaminhos.org\/br\/wp-json\/wp\/v2\/pages\/80415\/revisions\/88891"}],"up":[{"embeddable":true,"href":"https:\/\/maiscaminhos.org\/br\/wp-json\/wp\/v2\/pages\/80061"}],"wp:attachment":[{"href":"https:\/\/maiscaminhos.org\/br\/wp-json\/wp\/v2\/media?parent=80415"}],"curies":[{"name":"wp","href":"https:\/\/api.w.org\/{rel}","templated":true}]}}