{"id":80072,"date":"2019-06-01T17:59:46","date_gmt":"2019-06-01T17:59:46","guid":{"rendered":"https:\/\/maiscaminhos.org\/?page_id=80072"},"modified":"2023-07-05T19:07:56","modified_gmt":"2023-07-05T19:07:56","slug":"donate","status":"publish","type":"page","link":"https:\/\/maiscaminhos.org\/br\/home\/doar-mais-caminhos\/","title":{"rendered":"Doe para nosso Programa Social no Brasil"},"content":{"rendered":"<div class=\"wpb-content-wrapper\"><p>[vc_row][vc_column][vc_empty_space height=&#8221;70px&#8221;][vc_column_text el_class=&#8221;h2_internal h3_internal&#8221;]<\/p>\n<h2 style=\"text-align: justify;\">Como doar para nosso programa social<\/h2>\n<p style=\"text-align: justify;\"><span style=\"font-weight: 400;\">A Mais Caminhos recebe doa\u00e7\u00f5es internacionais na Europa por meio de nossa funda\u00e7\u00e3o parceira Avante Educa\u00e7\u00e3o Brasil na Holanda. Isso porque o Brasil tem transfer\u00eancias internacionais e taxas banc\u00e1rias extremamente altas. Ao coletar doa\u00e7\u00f5es na Holanda e repassar grandes quantias para o Brasil, economizamos muito nessas despesas.<\/span><\/p>\n<p style=\"text-align: justify;\"><span style=\"font-weight: 400;\">Voc\u00ea tamb\u00e9m pode doar para o Mais Caminhos via PayPal:<\/span><\/p>\n<form action=\"https:\/\/www.paypal.com\/donate\" method=\"post\" target=\"_top\"><input name=\"hosted_button_id\" type=\"hidden\" value=\"96KK7UQWEPDWS\" \/><br \/>\n<input title=\"PayPal - The safer, easier way to pay online!\" alt=\"Donate with PayPal button\" name=\"submit\" src=\"https:\/\/www.paypalobjects.com\/en_US\/i\/btn\/btn_donate_SM.gif\" type=\"image\" \/><br \/>\n<img loading=\"lazy\" decoding=\"async\" src=\"https:\/\/www.paypal.com\/en_BR\/i\/scr\/pixel.gif\" alt=\"\" width=\"1\" height=\"1\" border=\"0\" \/><\/form>\n<p>[\/vc_column_text][\/vc_column][\/vc_row][vc_row][vc_column width=&#8221;1\/2&#8243;][vc_column_text]<\/p>\n<table id=\"m_-2510016026535415890gmail-m_3725046155084642205gmail-bank\">\n<tbody>\n<tr>\n<td><strong>Organiza\u00e7\u00e3o<\/strong><\/td>\n<td>st. Avante Educacao Brasil<\/td>\n<\/tr>\n<tr>\n<td class=\"m_-2510016026535415890gmail-m_3725046155084642205gmail-alt\"><strong>N\u00famero da Conta:<\/strong><\/td>\n<td class=\"m_-2510016026535415890gmail-m_3725046155084642205gmail-alt\">NL38 INGB 0665 568134<\/td>\n<\/tr>\n<tr>\n<td><strong>N\u00famero IBAN:<\/strong><\/td>\n<td>NL38 INGB 0665 568134<\/td>\n<\/tr>\n<tr>\n<td class=\"m_-2510016026535415890gmail-m_3725046155084642205gmail-alt\"><strong>Banco:<\/strong><\/td>\n<td class=\"m_-2510016026535415890gmail-m_3725046155084642205gmail-alt\">ING<\/td>\n<\/tr>\n<tr>\n<td><strong>Codigo SWIFT (BIC):<\/strong><\/td>\n<td>INGBNL2A<\/td>\n<\/tr>\n<tr>\n<td class=\"m_-2510016026535415890gmail-m_3725046155084642205gmail-alt\"><strong>Endere\u00e7o:<\/strong><\/td>\n<td class=\"m_-2510016026535415890gmail-m_3725046155084642205gmail-alt\">Baron de Rosenlaan 7, 6191KK<\/td>\n<\/tr>\n<tr>\n<td><strong>Localiza\u00e7\u00e3o:<\/strong><\/td>\n<td>Beek<\/td>\n<\/tr>\n<tr>\n<td class=\"m_-2510016026535415890gmail-m_3725046155084642205gmail-alt\"><strong>Pa\u00eds:<\/strong><\/td>\n<td class=\"m_-2510016026535415890gmail-m_3725046155084642205gmail-alt\">The Netherlands<\/td>\n<\/tr>\n<\/tbody>\n<\/table>\n<p>[\/vc_column_text][\/vc_column][vc_column width=&#8221;1\/2&#8243;][\/vc_column][\/vc_row]<\/p>\n<\/div>","protected":false},"excerpt":{"rendered":"<p>[vc_row][vc_column][vc_empty_space height=&#8221;70px&#8221;][vc_column_text el_class=&#8221;h2_internal h3_internal&#8221;] Como doar para nosso programa social A Mais Caminhos recebe doa\u00e7\u00f5es internacionais na Europa por meio de nossa funda\u00e7\u00e3o parceira Avante Educa\u00e7\u00e3o Brasil na Holanda. Isso porque o Brasil tem transfer\u00eancias internacionais e taxas banc\u00e1rias extremamente altas. Ao coletar doa\u00e7\u00f5es na Holanda e repassar grandes quantias para o Brasil, economizamos muito [&hellip;]<\/p>\n","protected":false},"author":1,"featured_media":0,"parent":1996,"menu_order":0,"comment_status":"closed","ping_status":"closed","template":"","meta":{"footnotes":""},"class_list":["post-80072","page","type-page","status-publish","hentry"],"yoast_head":"<!-- This site is optimized with the Yoast SEO plugin v27.4 - https:\/\/yoast.com\/product\/yoast-seo-wordpress\/ -->\n<title>Doar para nosso Programa Social no Brasil | Mais Caminhos<\/title>\n<meta name=\"robots\" content=\"index, follow, max-snippet:-1, max-image-preview:large, max-video-preview:-1\" \/>\n<link rel=\"canonical\" href=\"https:\/\/maiscaminhos.org\/home\/donate-mais-caminhos\/\" \/>\n<meta property=\"og:locale\" content=\"pt_BR\" \/>\n<meta property=\"og:type\" content=\"article\" \/>\n<meta property=\"og:title\" content=\"[:en]Donate to our Social Program in Brazil | Mais Caminhos[:br]Doar para nosso Programa Social no Brasil | Mais Caminhos[:es]Donar a nuestro Programa Social en Brasil | Mais Caminhos[:]\" \/>\n<meta property=\"og:description\" content=\"[vc_row][vc_column][vc_empty_space height=&#8221;70px&#8221;][vc_column_text el_class=&#8221;h2_internal h3_internal&#8221;] Como doar para nosso programa social A Mais Caminhos recebe doa\u00e7\u00f5es internacionais na Europa por meio de nossa funda\u00e7\u00e3o parceira Avante Educa\u00e7\u00e3o Brasil na Holanda. Isso porque o Brasil tem transfer\u00eancias internacionais e taxas banc\u00e1rias extremamente altas. Ao coletar doa\u00e7\u00f5es na Holanda e repassar grandes quantias para o Brasil, economizamos muito [&hellip;]\" \/>\n<meta property=\"og:url\" content=\"https:\/\/maiscaminhos.org\/home\/donate-mais-caminhos\/\" \/>\n<meta property=\"og:site_name\" content=\"Mais Caminhos\" \/>\n<meta property=\"article:modified_time\" content=\"2023-07-05T19:07:56+00:00\" \/>\n<meta property=\"og:image\" content=\"https:\/\/www.paypal.com\/en_BR\/i\/scr\/pixel.gif\" \/>\n<meta name=\"twitter:card\" content=\"summary_large_image\" \/>\n<meta name=\"twitter:label1\" content=\"Est. tempo de leitura\" \/>\n\t<meta name=\"twitter:data1\" content=\"1 minuto\" \/>\n<script type=\"application\/ld+json\" class=\"yoast-schema-graph\">{\"@context\":\"https:\\\/\\\/schema.org\",\"@graph\":[{\"@type\":\"WebPage\",\"@id\":\"https:\\\/\\\/maiscaminhos.org\\\/home\\\/donate-mais-caminhos\\\/\",\"url\":\"https:\\\/\\\/maiscaminhos.org\\\/home\\\/donate-mais-caminhos\\\/\",\"name\":\"[:en]Donate to our Social Program in Brazil | Mais Caminhos[:br]Doar para nosso Programa Social no Brasil | Mais Caminhos[:es]Donar a nuestro Programa Social en Brasil | Mais Caminhos[:]\",\"isPartOf\":{\"@id\":\"https:\\\/\\\/maiscaminhos.org\\\/#website\"},\"primaryImageOfPage\":{\"@id\":\"https:\\\/\\\/maiscaminhos.org\\\/home\\\/donate-mais-caminhos\\\/#primaryimage\"},\"image\":{\"@id\":\"https:\\\/\\\/maiscaminhos.org\\\/home\\\/donate-mais-caminhos\\\/#primaryimage\"},\"thumbnailUrl\":\"https:\\\/\\\/www.paypal.com\\\/en_BR\\\/i\\\/scr\\\/pixel.gif\",\"datePublished\":\"2019-06-01T17:59:46+00:00\",\"dateModified\":\"2023-07-05T19:07:56+00:00\",\"breadcrumb\":{\"@id\":\"https:\\\/\\\/maiscaminhos.org\\\/home\\\/donate-mais-caminhos\\\/#breadcrumb\"},\"inLanguage\":\"pt-BR\",\"potentialAction\":[{\"@type\":\"ReadAction\",\"target\":[\"https:\\\/\\\/maiscaminhos.org\\\/home\\\/donate-mais-caminhos\\\/\"]}]},{\"@type\":\"ImageObject\",\"inLanguage\":\"pt-BR\",\"@id\":\"https:\\\/\\\/maiscaminhos.org\\\/home\\\/donate-mais-caminhos\\\/#primaryimage\",\"url\":\"https:\\\/\\\/www.paypal.com\\\/en_BR\\\/i\\\/scr\\\/pixel.gif\",\"contentUrl\":\"https:\\\/\\\/www.paypal.com\\\/en_BR\\\/i\\\/scr\\\/pixel.gif\"},{\"@type\":\"BreadcrumbList\",\"@id\":\"https:\\\/\\\/maiscaminhos.org\\\/home\\\/donate-mais-caminhos\\\/#breadcrumb\",\"itemListElement\":[{\"@type\":\"ListItem\",\"position\":1,\"name\":\"Home\",\"item\":\"https:\\\/\\\/maiscaminhos.org\\\/\"},{\"@type\":\"ListItem\",\"position\":2,\"name\":\"Home\",\"item\":\"https:\\\/\\\/maiscaminhos.org\\\/\"},{\"@type\":\"ListItem\",\"position\":3,\"name\":\"Donate to our Social Program in Brazil\"}]},{\"@type\":\"WebSite\",\"@id\":\"https:\\\/\\\/maiscaminhos.org\\\/#website\",\"url\":\"https:\\\/\\\/maiscaminhos.org\\\/\",\"name\":\"Mais Caminhos\",\"description\":\"Mais Caminhos\",\"potentialAction\":[{\"@type\":\"SearchAction\",\"target\":{\"@type\":\"EntryPoint\",\"urlTemplate\":\"https:\\\/\\\/maiscaminhos.org\\\/?s={search_term_string}\"},\"query-input\":{\"@type\":\"PropertyValueSpecification\",\"valueRequired\":true,\"valueName\":\"search_term_string\"}}],\"inLanguage\":\"pt-BR\"}]}<\/script>\n<!-- \/ Yoast SEO plugin. -->","yoast_head_json":{"title":"[:en]Donate to our Social Program in Brazil | Mais Caminhos[:br]Doar para nosso Programa Social no Brasil | Mais Caminhos[:es]Donar a nuestro Programa Social en Brasil | Mais Caminhos[:]","robots":{"index":"index","follow":"follow","max-snippet":"max-snippet:-1","max-image-preview":"max-image-preview:large","max-video-preview":"max-video-preview:-1"},"canonical":"https:\/\/maiscaminhos.org\/home\/donate-mais-caminhos\/","og_locale":"pt_BR","og_type":"article","og_title":"[:en]Donate to our Social Program in Brazil | Mais Caminhos[:br]Doar para nosso Programa Social no Brasil | Mais Caminhos[:es]Donar a nuestro Programa Social en Brasil | Mais Caminhos[:]","og_description":"[vc_row][vc_column][vc_empty_space height=&#8221;70px&#8221;][vc_column_text el_class=&#8221;h2_internal h3_internal&#8221;] Como doar para nosso programa social A Mais Caminhos recebe doa\u00e7\u00f5es internacionais na Europa por meio de nossa funda\u00e7\u00e3o parceira Avante Educa\u00e7\u00e3o Brasil na Holanda. Isso porque o Brasil tem transfer\u00eancias internacionais e taxas banc\u00e1rias extremamente altas. Ao coletar doa\u00e7\u00f5es na Holanda e repassar grandes quantias para o Brasil, economizamos muito [&hellip;]","og_url":"https:\/\/maiscaminhos.org\/home\/donate-mais-caminhos\/","og_site_name":"Mais Caminhos","article_modified_time":"2023-07-05T19:07:56+00:00","og_image":[{"url":"https:\/\/www.paypal.com\/en_BR\/i\/scr\/pixel.gif","type":"","width":"","height":""}],"twitter_card":"summary_large_image","twitter_misc":{"Est. tempo de leitura":"1 minuto"},"schema":{"@context":"https:\/\/schema.org","@graph":[{"@type":"WebPage","@id":"https:\/\/maiscaminhos.org\/home\/donate-mais-caminhos\/","url":"https:\/\/maiscaminhos.org\/home\/donate-mais-caminhos\/","name":"[:en]Donate to our Social Program in Brazil | Mais Caminhos[:br]Doar para nosso Programa Social no Brasil | Mais Caminhos[:es]Donar a nuestro Programa Social en Brasil | Mais Caminhos[:]","isPartOf":{"@id":"https:\/\/maiscaminhos.org\/#website"},"primaryImageOfPage":{"@id":"https:\/\/maiscaminhos.org\/home\/donate-mais-caminhos\/#primaryimage"},"image":{"@id":"https:\/\/maiscaminhos.org\/home\/donate-mais-caminhos\/#primaryimage"},"thumbnailUrl":"https:\/\/www.paypal.com\/en_BR\/i\/scr\/pixel.gif","datePublished":"2019-06-01T17:59:46+00:00","dateModified":"2023-07-05T19:07:56+00:00","breadcrumb":{"@id":"https:\/\/maiscaminhos.org\/home\/donate-mais-caminhos\/#breadcrumb"},"inLanguage":"pt-BR","potentialAction":[{"@type":"ReadAction","target":["https:\/\/maiscaminhos.org\/home\/donate-mais-caminhos\/"]}]},{"@type":"ImageObject","inLanguage":"pt-BR","@id":"https:\/\/maiscaminhos.org\/home\/donate-mais-caminhos\/#primaryimage","url":"https:\/\/www.paypal.com\/en_BR\/i\/scr\/pixel.gif","contentUrl":"https:\/\/www.paypal.com\/en_BR\/i\/scr\/pixel.gif"},{"@type":"BreadcrumbList","@id":"https:\/\/maiscaminhos.org\/home\/donate-mais-caminhos\/#breadcrumb","itemListElement":[{"@type":"ListItem","position":1,"name":"Home","item":"https:\/\/maiscaminhos.org\/"},{"@type":"ListItem","position":2,"name":"Home","item":"https:\/\/maiscaminhos.org\/"},{"@type":"ListItem","position":3,"name":"Donate to our Social Program in Brazil"}]},{"@type":"WebSite","@id":"https:\/\/maiscaminhos.org\/#website","url":"https:\/\/maiscaminhos.org\/","name":"Mais Caminhos","description":"Mais Caminhos","potentialAction":[{"@type":"SearchAction","target":{"@type":"EntryPoint","urlTemplate":"https:\/\/maiscaminhos.org\/?s={search_term_string}"},"query-input":{"@type":"PropertyValueSpecification","valueRequired":true,"valueName":"search_term_string"}}],"inLanguage":"pt-BR"}]}},"_links":{"self":[{"href":"https:\/\/maiscaminhos.org\/br\/wp-json\/wp\/v2\/pages\/80072","targetHints":{"allow":["GET"]}}],"collection":[{"href":"https:\/\/maiscaminhos.org\/br\/wp-json\/wp\/v2\/pages"}],"about":[{"href":"https:\/\/maiscaminhos.org\/br\/wp-json\/wp\/v2\/types\/page"}],"author":[{"embeddable":true,"href":"https:\/\/maiscaminhos.org\/br\/wp-json\/wp\/v2\/users\/1"}],"replies":[{"embeddable":true,"href":"https:\/\/maiscaminhos.org\/br\/wp-json\/wp\/v2\/comments?post=80072"}],"version-history":[{"count":20,"href":"https:\/\/maiscaminhos.org\/br\/wp-json\/wp\/v2\/pages\/80072\/revisions"}],"predecessor-version":[{"id":88907,"href":"https:\/\/maiscaminhos.org\/br\/wp-json\/wp\/v2\/pages\/80072\/revisions\/88907"}],"up":[{"embeddable":true,"href":"https:\/\/maiscaminhos.org\/br\/wp-json\/wp\/v2\/pages\/1996"}],"wp:attachment":[{"href":"https:\/\/maiscaminhos.org\/br\/wp-json\/wp\/v2\/media?parent=80072"}],"curies":[{"name":"wp","href":"https:\/\/api.w.org\/{rel}","templated":true}]}}