{"id":80070,"date":"2019-06-01T17:54:13","date_gmt":"2019-06-01T17:54:13","guid":{"rendered":"https:\/\/maiscaminhos.org\/?page_id=80070"},"modified":"2023-07-05T19:04:51","modified_gmt":"2023-07-05T19:04:51","slug":"volunteer-opportunities-in-rio-de-janeiro","status":"publish","type":"page","link":"https:\/\/maiscaminhos.org\/br\/oportunidades-voluntarias-no-rio-de-janeiro-mais-caminhos\/","title":{"rendered":"Oportunidades de Trabalho Volunt\u00e1rio no Rio de Janeiro"},"content":{"rendered":"<div class=\"wpb-content-wrapper\"><p>[vc_row][vc_column][vc_column_text][\/vc_column_text][\/vc_column][\/vc_row][vc_row][vc_column][vc_column_text el_class=&#8221;h2_internal h3_internal&#8221;]<\/p>\n<h2 style=\"text-align: justify;\">Oportunidades de voluntariado no Rio de Janeiro<\/h2>\n<p style=\"text-align: justify;\"><span style=\"font-weight: 400;\">A Mais Caminhos \u00e9 uma organiza\u00e7\u00e3o n\u00e3o governamental (ONG) que oferece oportunidades de voluntariado 100% gratuitas no Rio de Janeiro. A Mais Caminhos se esfor\u00e7a para capacitar uma gera\u00e7\u00e3o de crian\u00e7as e adolescentes carentes a construir seu pr\u00f3prio futuro, fornecendo-lhes o apoio educacional e financeiro necess\u00e1rio. Atualmente trabalhamos com as comunidades de Cantagalo e Pav\u00e3o-Pav\u00e3ozinho.<\/span><\/p>\n<p style=\"text-align: justify;\"><span style=\"font-weight: 400;\">Nosso principal parceiro \u00e9 a <\/span><a href=\"https:\/\/caminhoslanguages.com\/br\" target=\"_blank\" rel=\"noopener\"><span style=\"font-weight: 400;\">Caminhos Language Centre<\/span><\/a><span style=\"font-weight: 400;\">, a maior e mais empolgante <\/span><a href=\"https:\/\/caminhoslanguages.com\/br\" target=\"_blank\" rel=\"noopener\"><span style=\"font-weight: 400;\">Escola de L\u00edngua Portuguesa<\/span><\/a><span style=\"font-weight: 400;\"> do Brasil. A escola \u00e9 um \u201cneg\u00f3cio social\u201d para seus alunos, crian\u00e7as das comunidades pr\u00f3ximas e para seus funcion\u00e1rios. Nossa sede est\u00e1 localizada no Centro de Idiomas, pois a intera\u00e7\u00e3o consistente ajuda a alcan\u00e7ar ainda mais nossos objetivos.<\/span><\/p>\n<p style=\"text-align: justify;\"><span style=\"font-weight: 400;\">Se voc\u00ea \u00e9 uma pessoa dedicada e entusiasmada em busca de oportunidades de voluntariado no Rio de Janeiro, junte-se a n\u00f3s! Temos muitas vagas abertas para quem quiser se envolver. Exigimos apenas que voc\u00ea seja uma pessoa comprometida com uma \u00e9tica de trabalho profissional. Qualquer experi\u00eancia em ensino, educa\u00e7\u00e3o, marketing, comunica\u00e7\u00e3o ou capta\u00e7\u00e3o de recursos \u00e9 sempre bem-vinda e muito apreciada na Mais Caminhos.<\/span><\/p>\n<p style=\"text-align: justify;\"><span style=\"font-weight: 400;\">Dependendo da sua experi\u00eancia e prefer\u00eancias, tentamos encontrar o lugar certo para voc\u00ea dentro de nossa equipe. Seja bem-vindo!<\/span><\/p>\n<p>[\/vc_column_text][\/vc_column][\/vc_row][vc_row][vc_column][vc_btn title=&#8221;Seja Volunt\u00e1rio com a Mais Caminhos&#8221; color=&#8221;warning&#8221; align=&#8221;center&#8221; link=&#8221;url:https%3A%2F%2Fforms.gle%2FGgd1thrShrEVnLkNA&#8221;][\/vc_column][\/vc_row]<\/p>\n<\/div>","protected":false},"excerpt":{"rendered":"<p>[vc_row][vc_column][vc_column_text][\/vc_column_text][\/vc_column][\/vc_row][vc_row][vc_column][vc_column_text el_class=&#8221;h2_internal h3_internal&#8221;] Oportunidades de voluntariado no Rio de Janeiro A Mais Caminhos \u00e9 uma organiza\u00e7\u00e3o n\u00e3o governamental (ONG) que oferece oportunidades de voluntariado 100% gratuitas no Rio de Janeiro. A Mais Caminhos se esfor\u00e7a para capacitar uma gera\u00e7\u00e3o de crian\u00e7as e adolescentes carentes a construir seu pr\u00f3prio futuro, fornecendo-lhes o apoio educacional e financeiro [&hellip;]<\/p>\n","protected":false},"author":1,"featured_media":0,"parent":0,"menu_order":0,"comment_status":"closed","ping_status":"closed","template":"","meta":{"footnotes":""},"class_list":["post-80070","page","type-page","status-publish","hentry"],"yoast_head":"<!-- This site is optimized with the Yoast SEO plugin v27.4 - https:\/\/yoast.com\/product\/yoast-seo-wordpress\/ -->\n<title>Oportunidades de Trabalho Volunt\u00e1rio no Rio de Janeiro - Mais Caminhos<\/title>\n<meta name=\"robots\" content=\"index, follow, max-snippet:-1, max-image-preview:large, max-video-preview:-1\" \/>\n<link rel=\"canonical\" href=\"https:\/\/maiscaminhos.org\/volunteer-opportunities-in-rio-de-janeiro\/\" \/>\n<meta property=\"og:locale\" content=\"pt_BR\" \/>\n<meta property=\"og:type\" content=\"article\" \/>\n<meta property=\"og:title\" content=\"[:en]Volunteer Opportunities in Rio de Janeiro[:br]Oportunidades de Trabalho Volunt\u00e1rio no Rio de Janeiro[:es]OPORTUNIDADES DE VOLUNTARIADO EN R\u00cdO DE JANEIRO[:] - Mais Caminhos\" \/>\n<meta property=\"og:description\" content=\"[vc_row][vc_column][vc_column_text][\/vc_column_text][\/vc_column][\/vc_row][vc_row][vc_column][vc_column_text el_class=&#8221;h2_internal h3_internal&#8221;] Oportunidades de voluntariado no Rio de Janeiro A Mais Caminhos \u00e9 uma organiza\u00e7\u00e3o n\u00e3o governamental (ONG) que oferece oportunidades de voluntariado 100% gratuitas no Rio de Janeiro. A Mais Caminhos se esfor\u00e7a para capacitar uma gera\u00e7\u00e3o de crian\u00e7as e adolescentes carentes a construir seu pr\u00f3prio futuro, fornecendo-lhes o apoio educacional e financeiro [&hellip;]\" \/>\n<meta property=\"og:url\" content=\"https:\/\/maiscaminhos.org\/volunteer-opportunities-in-rio-de-janeiro\/\" \/>\n<meta property=\"og:site_name\" content=\"Mais Caminhos\" \/>\n<meta property=\"article:modified_time\" content=\"2023-07-05T19:04:51+00:00\" \/>\n<meta name=\"twitter:card\" content=\"summary_large_image\" \/>\n<meta name=\"twitter:label1\" content=\"Est. tempo de leitura\" \/>\n\t<meta name=\"twitter:data1\" content=\"1 minuto\" \/>\n<script type=\"application\/ld+json\" class=\"yoast-schema-graph\">{\"@context\":\"https:\\\/\\\/schema.org\",\"@graph\":[{\"@type\":\"WebPage\",\"@id\":\"https:\\\/\\\/maiscaminhos.org\\\/volunteer-opportunities-in-rio-de-janeiro\\\/\",\"url\":\"https:\\\/\\\/maiscaminhos.org\\\/volunteer-opportunities-in-rio-de-janeiro\\\/\",\"name\":\"[:en]Volunteer Opportunities in Rio de Janeiro[:br]Oportunidades de Trabalho Volunt\u00e1rio no Rio de Janeiro[:es]OPORTUNIDADES DE VOLUNTARIADO EN R\u00cdO DE JANEIRO[:] - Mais Caminhos\",\"isPartOf\":{\"@id\":\"https:\\\/\\\/maiscaminhos.org\\\/#website\"},\"datePublished\":\"2019-06-01T17:54:13+00:00\",\"dateModified\":\"2023-07-05T19:04:51+00:00\",\"breadcrumb\":{\"@id\":\"https:\\\/\\\/maiscaminhos.org\\\/volunteer-opportunities-in-rio-de-janeiro\\\/#breadcrumb\"},\"inLanguage\":\"pt-BR\",\"potentialAction\":[{\"@type\":\"ReadAction\",\"target\":[\"https:\\\/\\\/maiscaminhos.org\\\/volunteer-opportunities-in-rio-de-janeiro\\\/\"]}]},{\"@type\":\"BreadcrumbList\",\"@id\":\"https:\\\/\\\/maiscaminhos.org\\\/volunteer-opportunities-in-rio-de-janeiro\\\/#breadcrumb\",\"itemListElement\":[{\"@type\":\"ListItem\",\"position\":1,\"name\":\"Home\",\"item\":\"https:\\\/\\\/maiscaminhos.org\\\/\"},{\"@type\":\"ListItem\",\"position\":2,\"name\":\"Volunteer Opportunities in Rio de Janeiro\"}]},{\"@type\":\"WebSite\",\"@id\":\"https:\\\/\\\/maiscaminhos.org\\\/#website\",\"url\":\"https:\\\/\\\/maiscaminhos.org\\\/\",\"name\":\"Mais Caminhos\",\"description\":\"Mais Caminhos\",\"potentialAction\":[{\"@type\":\"SearchAction\",\"target\":{\"@type\":\"EntryPoint\",\"urlTemplate\":\"https:\\\/\\\/maiscaminhos.org\\\/?s={search_term_string}\"},\"query-input\":{\"@type\":\"PropertyValueSpecification\",\"valueRequired\":true,\"valueName\":\"search_term_string\"}}],\"inLanguage\":\"pt-BR\"}]}<\/script>\n<!-- \/ Yoast SEO plugin. -->","yoast_head_json":{"title":"[:en]Volunteer Opportunities in Rio de Janeiro[:br]Oportunidades de Trabalho Volunt\u00e1rio no Rio de Janeiro[:es]OPORTUNIDADES DE VOLUNTARIADO EN R\u00cdO DE JANEIRO[:] - Mais Caminhos","robots":{"index":"index","follow":"follow","max-snippet":"max-snippet:-1","max-image-preview":"max-image-preview:large","max-video-preview":"max-video-preview:-1"},"canonical":"https:\/\/maiscaminhos.org\/volunteer-opportunities-in-rio-de-janeiro\/","og_locale":"pt_BR","og_type":"article","og_title":"[:en]Volunteer Opportunities in Rio de Janeiro[:br]Oportunidades de Trabalho Volunt\u00e1rio no Rio de Janeiro[:es]OPORTUNIDADES DE VOLUNTARIADO EN R\u00cdO DE JANEIRO[:] - Mais Caminhos","og_description":"[vc_row][vc_column][vc_column_text][\/vc_column_text][\/vc_column][\/vc_row][vc_row][vc_column][vc_column_text el_class=&#8221;h2_internal h3_internal&#8221;] Oportunidades de voluntariado no Rio de Janeiro A Mais Caminhos \u00e9 uma organiza\u00e7\u00e3o n\u00e3o governamental (ONG) que oferece oportunidades de voluntariado 100% gratuitas no Rio de Janeiro. A Mais Caminhos se esfor\u00e7a para capacitar uma gera\u00e7\u00e3o de crian\u00e7as e adolescentes carentes a construir seu pr\u00f3prio futuro, fornecendo-lhes o apoio educacional e financeiro [&hellip;]","og_url":"https:\/\/maiscaminhos.org\/volunteer-opportunities-in-rio-de-janeiro\/","og_site_name":"Mais Caminhos","article_modified_time":"2023-07-05T19:04:51+00:00","twitter_card":"summary_large_image","twitter_misc":{"Est. tempo de leitura":"1 minuto"},"schema":{"@context":"https:\/\/schema.org","@graph":[{"@type":"WebPage","@id":"https:\/\/maiscaminhos.org\/volunteer-opportunities-in-rio-de-janeiro\/","url":"https:\/\/maiscaminhos.org\/volunteer-opportunities-in-rio-de-janeiro\/","name":"[:en]Volunteer Opportunities in Rio de Janeiro[:br]Oportunidades de Trabalho Volunt\u00e1rio no Rio de Janeiro[:es]OPORTUNIDADES DE VOLUNTARIADO EN R\u00cdO DE JANEIRO[:] - Mais Caminhos","isPartOf":{"@id":"https:\/\/maiscaminhos.org\/#website"},"datePublished":"2019-06-01T17:54:13+00:00","dateModified":"2023-07-05T19:04:51+00:00","breadcrumb":{"@id":"https:\/\/maiscaminhos.org\/volunteer-opportunities-in-rio-de-janeiro\/#breadcrumb"},"inLanguage":"pt-BR","potentialAction":[{"@type":"ReadAction","target":["https:\/\/maiscaminhos.org\/volunteer-opportunities-in-rio-de-janeiro\/"]}]},{"@type":"BreadcrumbList","@id":"https:\/\/maiscaminhos.org\/volunteer-opportunities-in-rio-de-janeiro\/#breadcrumb","itemListElement":[{"@type":"ListItem","position":1,"name":"Home","item":"https:\/\/maiscaminhos.org\/"},{"@type":"ListItem","position":2,"name":"Volunteer Opportunities in Rio de Janeiro"}]},{"@type":"WebSite","@id":"https:\/\/maiscaminhos.org\/#website","url":"https:\/\/maiscaminhos.org\/","name":"Mais Caminhos","description":"Mais Caminhos","potentialAction":[{"@type":"SearchAction","target":{"@type":"EntryPoint","urlTemplate":"https:\/\/maiscaminhos.org\/?s={search_term_string}"},"query-input":{"@type":"PropertyValueSpecification","valueRequired":true,"valueName":"search_term_string"}}],"inLanguage":"pt-BR"}]}},"_links":{"self":[{"href":"https:\/\/maiscaminhos.org\/br\/wp-json\/wp\/v2\/pages\/80070","targetHints":{"allow":["GET"]}}],"collection":[{"href":"https:\/\/maiscaminhos.org\/br\/wp-json\/wp\/v2\/pages"}],"about":[{"href":"https:\/\/maiscaminhos.org\/br\/wp-json\/wp\/v2\/types\/page"}],"author":[{"embeddable":true,"href":"https:\/\/maiscaminhos.org\/br\/wp-json\/wp\/v2\/users\/1"}],"replies":[{"embeddable":true,"href":"https:\/\/maiscaminhos.org\/br\/wp-json\/wp\/v2\/comments?post=80070"}],"version-history":[{"count":31,"href":"https:\/\/maiscaminhos.org\/br\/wp-json\/wp\/v2\/pages\/80070\/revisions"}],"predecessor-version":[{"id":88906,"href":"https:\/\/maiscaminhos.org\/br\/wp-json\/wp\/v2\/pages\/80070\/revisions\/88906"}],"wp:attachment":[{"href":"https:\/\/maiscaminhos.org\/br\/wp-json\/wp\/v2\/media?parent=80070"}],"curies":[{"name":"wp","href":"https:\/\/api.w.org\/{rel}","templated":true}]}}